{"id":14831,"date":"2026-02-27T00:23:38","date_gmt":"2026-02-27T00:23:38","guid":{"rendered":"https:\/\/nordicmart.andreevmaster.com\/product\/songmics-hoj-och-sankbar-barbar-datortablett-i-bambu\/"},"modified":"2026-02-27T08:15:35","modified_gmt":"2026-02-27T08:15:35","slug":"songmics-hoj-och-sankbar-barbar-datortablett-i-bambu","status":"publish","type":"product","link":"https:\/\/nordicmart.andreevmaster.com\/sv\/produkt\/songmics-hoj-och-sankbar-barbar-datortablett-i-bambu\/","title":{"rendered":"SONGMICS H\u00f6j- och s\u00e4nkbar b\u00e4rbar datortablett i bambu"},"content":{"rendered":"<p>Letar du fortfarande efter ett b\u00e4rbart bord s\u00e5 att du kan arbeta p\u00e5 soffan eller i s\u00e4ngen? D\u00e5 \u00e4r detta b\u00e4rbara bord fr\u00e5n SONGMICS ett bra val. Det passar perfekt f\u00f6r 15-tums b\u00e4rbara datorer och har \u00e4ven plats f\u00f6r en musmatta! Ett bord, m\u00e5nga anv\u00e4ndningsomr\u00e5den Surfa,<br \/>\narbeta, l\u00e4sa, \u00e4ta frukost i s\u00e4ngen, \u00e4ta p\u00e5 soffan \u2013 detta<br \/>\nlaptoptabellen \u00e4r perfekt f\u00f6r alla dessa aktiviteter.<br \/>\nbordsskivan kan st\u00e4llas in i 5 olika vinklar. Tack vare kanten p\u00e5<br \/>\nh\u00e5llarens kant glider din b\u00e4rbara dator eller bok inte av<br \/>\nn\u00e4r du vinklar bordsskivan. Benh\u00f6jden \u00e4r dessutom<br \/>\nstegl\u00f6st justerbar. Bordet kan dessutom f\u00e4llas ihop utan problem n\u00e4r det inte anv\u00e4nds<br \/>\n.Produktdetaljer:Material: BambuM\u00e5tt hopf\u00e4lld: 55 x 5,3 x 35 cm (B x H x D) M\u00e5tt maximalt utf\u00e4llt: 63,5 x 33,5 x 35 (B x H x D) F\u00f6rpackningsm\u00e5tt: 57,5 x 37 x 6,5 cm Vikt: 3,28 kg Leveransomfattning: 1 x b\u00e4rbar datortabell<\/p>\n","protected":false},"excerpt":{"rendered":"<p>SONGMICS H\u00f6j- och s\u00e4nkbar b\u00e4rbar datortablett med l\u00e5da, hopf\u00e4llbar b\u00e4rbar datortablett i bambu, s\u00e4ngbord, l\u00e4sning, frukost, teckning, 55 x (21-29) x 35 cm LLD01N<\/p>\n","protected":false},"featured_media":42727,"comment_status":"open","ping_status":"closed","template":"","meta":[],"product_brand":[],"product_cat":[33],"product_tag":[],"class_list":{"0":"post-14831","1":"product","2":"type-product","3":"status-publish","4":"has-post-thumbnail","6":"product_cat-okategoriserad","8":"first","9":"instock","10":"shipping-taxable","11":"purchasable","12":"product-type-simple"},"_links":{"self":[{"href":"https:\/\/nordicmart.andreevmaster.com\/sv\/wp-json\/wp\/v2\/product\/14831","targetHints":{"allow":["GET"]}}],"collection":[{"href":"https:\/\/nordicmart.andreevmaster.com\/sv\/wp-json\/wp\/v2\/product"}],"about":[{"href":"https:\/\/nordicmart.andreevmaster.com\/sv\/wp-json\/wp\/v2\/types\/product"}],"replies":[{"embeddable":true,"href":"https:\/\/nordicmart.andreevmaster.com\/sv\/wp-json\/wp\/v2\/comments?post=14831"}],"wp:featuredmedia":[{"embeddable":true,"href":"https:\/\/nordicmart.andreevmaster.com\/sv\/wp-json\/wp\/v2\/media\/42727"}],"wp:attachment":[{"href":"https:\/\/nordicmart.andreevmaster.com\/sv\/wp-json\/wp\/v2\/media?parent=14831"}],"wp:term":[{"taxonomy":"product_brand","embeddable":true,"href":"https:\/\/nordicmart.andreevmaster.com\/sv\/wp-json\/wp\/v2\/product_brand?post=14831"},{"taxonomy":"product_cat","embeddable":true,"href":"https:\/\/nordicmart.andreevmaster.com\/sv\/wp-json\/wp\/v2\/product_cat?post=14831"},{"taxonomy":"product_tag","embeddable":true,"href":"https:\/\/nordicmart.andreevmaster.com\/sv\/wp-json\/wp\/v2\/product_tag?post=14831"}],"curies":[{"name":"wp","href":"https:\/\/api.w.org\/{rel}","templated":true}]}}