{"id":14830,"date":"2026-02-27T00:23:37","date_gmt":"2026-02-27T00:23:37","guid":{"rendered":"https:\/\/nordicmart.andreevmaster.com\/product\/songmics-barbar-datortablett-med-lada-i-bambu\/"},"modified":"2026-02-27T08:15:35","modified_gmt":"2026-02-27T08:15:35","slug":"songmics-barbar-datortablett-med-lada-i-bambu","status":"publish","type":"product","link":"https:\/\/nordicmart.andreevmaster.com\/sv\/produkt\/songmics-barbar-datortablett-med-lada-i-bambu\/","title":{"rendered":"SONGMICS b\u00e4rbar datortablett med l\u00e5da i bambu"},"content":{"rendered":"<p>Med en integrerad musmatta p\u00e5 h\u00f6ger sida, en praktisk f\u00f6rdjupning i bordsskivan och en sidof\u00f6rvaringsl\u00e5da som ger extra utrymme f\u00f6r att f\u00f6rvara din mobiltelefon eller andra sm\u00e5saker, s\u00e5 att du alltid kan h\u00e5lla arbetsytan snygg och prydlig. Arbetsytan \u00e4r justerbar i 5 steg f\u00f6r olika sittst\u00e4llningar, s\u00e5 att du kan slappna av i nacken n\u00e4r du sitter l\u00e4nge.Halkstoppet kan s\u00e4ttas p\u00e5\/tas bort efter behov. Om du anv\u00e4nder bordet som laptopbord \u00e4r stoppan mycket praktisk f\u00f6r att f\u00f6rhindra att din laptop eller surfplatta faller ner; om du vill \u00e4ta eller l\u00e4sa p\u00e5 bordet kan du enkelt ta bort glidstoppet. Tekniska detaljer Artikelvikt: 3,56 kg Produktm\u00e5tt: 55 x 23 x 35 cm Material: Bambu<\/p>\n","protected":false},"excerpt":{"rendered":"<p>SONGMICS F\u00e4llbart laptopfotbord Frukostbord f\u00f6r soffa eller s\u00e4ng, justerbar lutningsvinkel S\u00e4ngbord i bambu med l\u00e5da, 55 x 23 x 35 cm (B x H x D) LLD008<\/p>\n","protected":false},"featured_media":42726,"comment_status":"open","ping_status":"closed","template":"","meta":[],"product_brand":[],"product_cat":[33],"product_tag":[],"class_list":{"0":"post-14830","1":"product","2":"type-product","3":"status-publish","4":"has-post-thumbnail","6":"product_cat-okategoriserad","8":"first","9":"instock","10":"shipping-taxable","11":"purchasable","12":"product-type-simple"},"_links":{"self":[{"href":"https:\/\/nordicmart.andreevmaster.com\/sv\/wp-json\/wp\/v2\/product\/14830","targetHints":{"allow":["GET"]}}],"collection":[{"href":"https:\/\/nordicmart.andreevmaster.com\/sv\/wp-json\/wp\/v2\/product"}],"about":[{"href":"https:\/\/nordicmart.andreevmaster.com\/sv\/wp-json\/wp\/v2\/types\/product"}],"replies":[{"embeddable":true,"href":"https:\/\/nordicmart.andreevmaster.com\/sv\/wp-json\/wp\/v2\/comments?post=14830"}],"wp:featuredmedia":[{"embeddable":true,"href":"https:\/\/nordicmart.andreevmaster.com\/sv\/wp-json\/wp\/v2\/media\/42726"}],"wp:attachment":[{"href":"https:\/\/nordicmart.andreevmaster.com\/sv\/wp-json\/wp\/v2\/media?parent=14830"}],"wp:term":[{"taxonomy":"product_brand","embeddable":true,"href":"https:\/\/nordicmart.andreevmaster.com\/sv\/wp-json\/wp\/v2\/product_brand?post=14830"},{"taxonomy":"product_cat","embeddable":true,"href":"https:\/\/nordicmart.andreevmaster.com\/sv\/wp-json\/wp\/v2\/product_cat?post=14830"},{"taxonomy":"product_tag","embeddable":true,"href":"https:\/\/nordicmart.andreevmaster.com\/sv\/wp-json\/wp\/v2\/product_tag?post=14830"}],"curies":[{"name":"wp","href":"https:\/\/api.w.org\/{rel}","templated":true}]}}