{"id":14829,"date":"2026-02-27T00:23:37","date_gmt":"2026-02-27T00:23:37","guid":{"rendered":"https:\/\/nordicmart.andreevmaster.com\/product\/songmics-uppfallbart-laptopfot-i-bambu\/"},"modified":"2026-02-27T08:15:35","modified_gmt":"2026-02-27T08:15:35","slug":"songmics-uppfallbart-laptopfot-i-bambu","status":"publish","type":"product","link":"https:\/\/nordicmart.andreevmaster.com\/sv\/produkt\/songmics-uppfallbart-laptopfot-i-bambu\/","title":{"rendered":"SONGMICS Uppf\u00e4llbart laptopfot i bambu"},"content":{"rendered":"<p>Vill du surfa lite eller titta p\u00e5 en film p\u00e5 din laptop fr\u00e5n s\u00e4ngen eller soffan? D\u00e5 \u00e4r Songmics laptopbord precis r\u00e4tt f\u00f6r dig!  Det hopf\u00e4llbara laptopbordet har en genomt\u00e4nkt design som \u00e4r perfekt f\u00f6r f\u00f6rvaring, praktiskt och snyggt f\u00f6r din laptop, surfplatta eller b\u00f6cker! N\u00e4r du inte anv\u00e4nder det kan du f\u00e4lla ihop det och f\u00f6rvara det f\u00f6r att spara plats. Med Songmics laptopbord kan du arbeta eller \u00e4ta frukost p\u00e5 ett avslappnat s\u00e4tt! Produktdetaljer: &#8211; F\u00e4rg: Natur &#8211; Material: Bambu &#8211; Belastbarhet: 10 kg &#8211; Vikt: 3,06 kg &#8211; M\u00e5tt bordsskiva: 36,5 x 35 cm (L x B) &#8211; M\u00e5tt musmatta: 15,5 x 20 cm (L x B) &#8211; M\u00e5tt utf\u00e4lld: 55 x 23 x 35 cm (B x H x D) &#8211; M\u00e5tt hopf\u00e4lld: 52,5 x 5 x 35 cm ( B x H x D) &#8211; F\u00f6rpackningsm\u00e5tt: 59 x 40 x 6 cm Leveransomfattning &#8211; 1 x b\u00e4rbar datortabell &#8211; 1 x bruksanvisning (DE, EN, IT, FR, ES) &#8211; 1 x beslagsp\u00e5se Anm\u00e4rkningar: Naturliga bambuprodukter kan ha lite damm p\u00e5 ytan. Torka av dammet med en fuktig trasa f\u00f6re anv\u00e4ndning.<\/p>\n","protected":false},"excerpt":{"rendered":"<p>SONGMICS F\u00e4llbart b\u00e4rbart datortabell f\u00f6r soffa eller s\u00e4ng, s\u00e4ngbord med mobiltelefonh\u00e5llare och l\u00e5da, lutningsvinkel justerbart b\u00e4rbart datortabell av bambu, 55 x 23 x 35 cm (B x H x D) LLD006<\/p>\n","protected":false},"featured_media":42725,"comment_status":"open","ping_status":"closed","template":"","meta":[],"product_brand":[],"product_cat":[33],"product_tag":[],"class_list":{"0":"post-14829","1":"product","2":"type-product","3":"status-publish","4":"has-post-thumbnail","6":"product_cat-okategoriserad","8":"first","9":"instock","10":"shipping-taxable","11":"purchasable","12":"product-type-simple"},"_links":{"self":[{"href":"https:\/\/nordicmart.andreevmaster.com\/sv\/wp-json\/wp\/v2\/product\/14829","targetHints":{"allow":["GET"]}}],"collection":[{"href":"https:\/\/nordicmart.andreevmaster.com\/sv\/wp-json\/wp\/v2\/product"}],"about":[{"href":"https:\/\/nordicmart.andreevmaster.com\/sv\/wp-json\/wp\/v2\/types\/product"}],"replies":[{"embeddable":true,"href":"https:\/\/nordicmart.andreevmaster.com\/sv\/wp-json\/wp\/v2\/comments?post=14829"}],"wp:featuredmedia":[{"embeddable":true,"href":"https:\/\/nordicmart.andreevmaster.com\/sv\/wp-json\/wp\/v2\/media\/42725"}],"wp:attachment":[{"href":"https:\/\/nordicmart.andreevmaster.com\/sv\/wp-json\/wp\/v2\/media?parent=14829"}],"wp:term":[{"taxonomy":"product_brand","embeddable":true,"href":"https:\/\/nordicmart.andreevmaster.com\/sv\/wp-json\/wp\/v2\/product_brand?post=14829"},{"taxonomy":"product_cat","embeddable":true,"href":"https:\/\/nordicmart.andreevmaster.com\/sv\/wp-json\/wp\/v2\/product_cat?post=14829"},{"taxonomy":"product_tag","embeddable":true,"href":"https:\/\/nordicmart.andreevmaster.com\/sv\/wp-json\/wp\/v2\/product_tag?post=14829"}],"curies":[{"name":"wp","href":"https:\/\/api.w.org\/{rel}","templated":true}]}}