{"id":14828,"date":"2026-02-27T00:23:37","date_gmt":"2026-02-27T00:23:37","guid":{"rendered":"https:\/\/nordicmart.andreevmaster.com\/product\/songmics-justerbar-bordsplatta-i-bambu\/"},"modified":"2026-02-27T08:15:34","modified_gmt":"2026-02-27T08:15:34","slug":"songmics-justerbar-bordsplatta-i-bambu","status":"publish","type":"product","link":"https:\/\/nordicmart.andreevmaster.com\/sv\/produkt\/songmics-justerbar-bordsplatta-i-bambu\/","title":{"rendered":"SONGMICS Justerbar bordsplatta i bambu"},"content":{"rendered":"<p>Letar du efter ett b\u00e4rbart bord s\u00e5 att du kan arbeta bekv\u00e4mt i soffan eller s\u00e4ngen? D\u00e5 \u00e4r detta b\u00e4rbara bord fr\u00e5n SONGMICS den perfekta l\u00f6sningen f\u00f6r dig! Ett bord, m\u00e5nga anv\u00e4ndningsm\u00f6jligheter Surfa, arbeta, l\u00e4sa, \u00e4ta frukost i s\u00e4ngen, \u00e4ta i soffan \u2013 detta b\u00e4rbara bord \u00e4r perfekt f\u00f6r alla dessa aktiviteter. Det \u00e4r dessutom utrustat med ventilations\u00f6ppningar s\u00e5 att din b\u00e4rbara dator inte blir \u00f6verhettad. Dessutom kan bordsskivan st\u00e4llas in i 5 olika vinklar. Tack vare listen p\u00e5 kanten av h\u00e5llaren glider din b\u00e4rbara dator eller bok inte av \u00e4ven om du vinklar bordsskivan. Benh\u00f6jden \u00e4r dessutom stegl\u00f6st justerbar. Bordet kan ocks\u00e5 enkelt f\u00e4llas ihop n\u00e4r det inte anv\u00e4nds. Produktdetaljer: &#8211; Material: bambu &#8211; Produktm\u00e5tt: 72 x (21\u201329) x 35 cm (B x H x D) &#8211; Bordsbenen kan f\u00f6rl\u00e4ngas med ca 10 cm.  &#8211; Benens h\u00f6jd \u00e4r justerbar: ca 21\u201329 cm &#8211; Avst\u00e5nd mellan de tv\u00e5 benen: 80 till 85 cm &#8211; M\u00e5tt p\u00e5 den vinklingsbara arbetsytan: 36 x 35 cm  Leveransomfattning: &#8211; 1 x b\u00e4rbar datortabell<\/p>\n","protected":false},"excerpt":{"rendered":"<p>SONGMICS Laptopbord, hopf\u00e4llbart och h\u00f6jdjusterbart b\u00e4rbart bord, med ventilationsh\u00e5l, f\u00f6r v\u00e4nster- och h\u00f6gerh\u00e4nta, s\u00e4ngbord av bambu med l\u00e5da, 72 x (21-29) x 35 cm (B x H x D) LLD004<\/p>\n","protected":false},"featured_media":42724,"comment_status":"open","ping_status":"closed","template":"","meta":[],"product_brand":[],"product_cat":[33],"product_tag":[],"class_list":{"0":"post-14828","1":"product","2":"type-product","3":"status-publish","4":"has-post-thumbnail","6":"product_cat-okategoriserad","8":"first","9":"instock","10":"shipping-taxable","11":"purchasable","12":"product-type-simple"},"_links":{"self":[{"href":"https:\/\/nordicmart.andreevmaster.com\/sv\/wp-json\/wp\/v2\/product\/14828","targetHints":{"allow":["GET"]}}],"collection":[{"href":"https:\/\/nordicmart.andreevmaster.com\/sv\/wp-json\/wp\/v2\/product"}],"about":[{"href":"https:\/\/nordicmart.andreevmaster.com\/sv\/wp-json\/wp\/v2\/types\/product"}],"replies":[{"embeddable":true,"href":"https:\/\/nordicmart.andreevmaster.com\/sv\/wp-json\/wp\/v2\/comments?post=14828"}],"wp:featuredmedia":[{"embeddable":true,"href":"https:\/\/nordicmart.andreevmaster.com\/sv\/wp-json\/wp\/v2\/media\/42724"}],"wp:attachment":[{"href":"https:\/\/nordicmart.andreevmaster.com\/sv\/wp-json\/wp\/v2\/media?parent=14828"}],"wp:term":[{"taxonomy":"product_brand","embeddable":true,"href":"https:\/\/nordicmart.andreevmaster.com\/sv\/wp-json\/wp\/v2\/product_brand?post=14828"},{"taxonomy":"product_cat","embeddable":true,"href":"https:\/\/nordicmart.andreevmaster.com\/sv\/wp-json\/wp\/v2\/product_cat?post=14828"},{"taxonomy":"product_tag","embeddable":true,"href":"https:\/\/nordicmart.andreevmaster.com\/sv\/wp-json\/wp\/v2\/product_tag?post=14828"}],"curies":[{"name":"wp","href":"https:\/\/api.w.org\/{rel}","templated":true}]}}