{"id":14827,"date":"2026-02-27T00:23:37","date_gmt":"2026-02-27T00:23:37","guid":{"rendered":"https:\/\/nordicmart.andreevmaster.com\/product\/songmics-justerbart-laptopbord-i-bambu\/"},"modified":"2026-02-27T08:15:34","modified_gmt":"2026-02-27T08:15:34","slug":"songmics-justerbart-laptopbord-i-bambu","status":"publish","type":"product","link":"https:\/\/nordicmart.andreevmaster.com\/sv\/produkt\/songmics-justerbart-laptopbord-i-bambu\/","title":{"rendered":"SONGMICS Justerbart laptopbord i bambu"},"content":{"rendered":"<p>L\u00e4sning och anv\u00e4ndning av enheter i \u00f6gonh\u00f6jd: Alla som regelbundet arbetar med sin b\u00e4rbara dator i s\u00e4ngen eller p\u00e5 soffan k\u00e4nner s\u00e4kert till problemet att datorn efter en stund blir v\u00e4ldigt varm p\u00e5 l\u00e5ren. H\u00e4r kommer SONGMICS b\u00e4rbara datortablett in i bilden. Den \u00e4r idealisk f\u00f6r att titta p\u00e5 film, \u00e4ta, l\u00e4sa, skriva&#8230; eller till och med f\u00f6r en romantisk frukost i s\u00e4ngen. Du kommer att \u00e4lska att ha den.Presentf\u00f6rslag: Perfekt f\u00f6r studenter. En fantastisk present f\u00f6r alla som gillar att l\u00e4sa i s\u00e4ngen. Mycket anv\u00e4ndbar och praktisk f\u00f6r dem som vill f\u00f6rb\u00e4ttra sin h\u00e5llning. F\u00f6r dem som helt enkelt \u00e4lskar att f\u00e5 frukost serverad i s\u00e4ngen. F\u00f6r en mer effektiv arbetsmilj\u00f6. F\u00e4llbara ben g\u00f6r det enkelt att flytta och f\u00f6rvara, oavsett om det \u00e4r f\u00f6r arbete eller hush\u00e5ll, utomhus eller inomhus.K\u00e4nner du dig inte bra eller \u00e4r du bara lat i s\u00e4ngen&#8230; inga problem!Gjord f\u00f6r alla:Justerbar bordsskiva, inga ryggsm\u00e4rtor l\u00e4ngre!Extra stabil \u00e4ven p\u00e5 mjuka ytor. F\u00f6tterna \u00e4r h\u00f6jdjusterbara (21-29 cm) s\u00e5 att du har mer frihet att str\u00e4cka ut benen.Avrundade h\u00f6rn och kanter. Ingen ytterligare montering beh\u00f6vs. Perfekt f\u00f6r tr\u00e5nga utrymmen. Produktdetaljer: Material: 100 % bambu Produktstorlek: 55 x (21\u201329) x 35 cm (B x H x D) Bordsh\u00f6jd justerbar: ca 21\u201329 cm Avst\u00e5nd mellan bordsbenen vid minsta h\u00f6jd: ca 65 cm Avst\u00e5nd mellan bordsbenen vid maximal h\u00f6jd: ca 75 cm Bredd p\u00e5 den lutbara arbetsytan: 36,5 cm Innerm\u00e5tt p\u00e5 l\u00e5dan: 11 x 13,5 x 2 cm Idealisk l\u00e4mplig b\u00e4rbar datorstorlek: 15,6&#8243; M\u00e5tt p\u00e5 stoppanordningen: 15 x 2 x 0,7 cm M\u00e5tt p\u00e5 h\u00f6ger skiva: 35 x 18,5 cm Nettovikt: 2,5 kg Belastningskapacitet: 7,5 kg SONGMICS Anm\u00e4rkningar: S\u00e4kerhetsstoppet f\u00f6rvaras i sidol\u00e5dan vid leverans.<\/p>\n","protected":false},"excerpt":{"rendered":"<p>SONGMICS b\u00e4rbar datortablett, b\u00e4rbar datortablett, s\u00e4ngbord, lapdesks f\u00f6r l\u00e4sning eller frukost och ritbord, b\u00e4rbara datorer, h\u00f6jdjusterbara, hopf\u00e4llbara, 55 x 35 x 29 cm LLD002<\/p>\n","protected":false},"featured_media":42723,"comment_status":"open","ping_status":"closed","template":"","meta":[],"product_brand":[],"product_cat":[33],"product_tag":[],"class_list":{"0":"post-14827","1":"product","2":"type-product","3":"status-publish","4":"has-post-thumbnail","6":"product_cat-okategoriserad","8":"first","9":"instock","10":"shipping-taxable","11":"purchasable","12":"product-type-simple"},"_links":{"self":[{"href":"https:\/\/nordicmart.andreevmaster.com\/sv\/wp-json\/wp\/v2\/product\/14827","targetHints":{"allow":["GET"]}}],"collection":[{"href":"https:\/\/nordicmart.andreevmaster.com\/sv\/wp-json\/wp\/v2\/product"}],"about":[{"href":"https:\/\/nordicmart.andreevmaster.com\/sv\/wp-json\/wp\/v2\/types\/product"}],"replies":[{"embeddable":true,"href":"https:\/\/nordicmart.andreevmaster.com\/sv\/wp-json\/wp\/v2\/comments?post=14827"}],"wp:featuredmedia":[{"embeddable":true,"href":"https:\/\/nordicmart.andreevmaster.com\/sv\/wp-json\/wp\/v2\/media\/42723"}],"wp:attachment":[{"href":"https:\/\/nordicmart.andreevmaster.com\/sv\/wp-json\/wp\/v2\/media?parent=14827"}],"wp:term":[{"taxonomy":"product_brand","embeddable":true,"href":"https:\/\/nordicmart.andreevmaster.com\/sv\/wp-json\/wp\/v2\/product_brand?post=14827"},{"taxonomy":"product_cat","embeddable":true,"href":"https:\/\/nordicmart.andreevmaster.com\/sv\/wp-json\/wp\/v2\/product_cat?post=14827"},{"taxonomy":"product_tag","embeddable":true,"href":"https:\/\/nordicmart.andreevmaster.com\/sv\/wp-json\/wp\/v2\/product_tag?post=14827"}],"curies":[{"name":"wp","href":"https:\/\/api.w.org\/{rel}","templated":true}]}}