{"id":14826,"date":"2026-02-27T00:23:36","date_gmt":"2026-02-27T00:23:36","guid":{"rendered":"https:\/\/nordicmart.andreevmaster.com\/product\/songmics-justerbar-barbar-datorstod-i-bambu\/"},"modified":"2026-02-27T08:15:34","modified_gmt":"2026-02-27T08:15:34","slug":"songmics-justerbar-barbar-datorstod-i-bambu","status":"publish","type":"product","link":"https:\/\/nordicmart.andreevmaster.com\/sv\/produkt\/songmics-justerbar-barbar-datorstod-i-bambu\/","title":{"rendered":"SONGMICS Justerbar b\u00e4rbar datorst\u00f6d i bambu"},"content":{"rendered":"<p>Bambu g\u00f6r skillnaden: Naturligt material? F\u00f6rnybart? Detta \u00e4r bara n\u00e5gra av bambuns m\u00e5nga f\u00f6rdelar. Tr\u00e4et k\u00e4nnetecknas dessutom av sin h\u00f6ga stabilitet, goda sp\u00e4nst och sitt vackra, fr\u00e4scha utseende. S\u00e5 du beh\u00f6ver inte avst\u00e5 fr\u00e5n stil n\u00e4r du vill k\u00f6pa ett robust m\u00f6bel. Allt-i-ett-arbetsstation: Stor yta, ventilation, dryckesh\u00e5llare, en liten l\u00e5da \u2013 denna b\u00e4rbara datorh\u00e5llare har alla dessa f\u00f6rdelar. F\u00f6redrar du att sitta eller st\u00e5 n\u00e4r du arbetar? Tack vare de inf\u00e4llbara och h\u00f6jdjusterbara benen p\u00e5 detta skrivbordstill\u00e4gg \u00e4r b\u00e5da arbetsst\u00e4llningarna m\u00f6jliga. L\u00e4gg ocks\u00e5 m\u00e4rke till stoppanordningen som hindrar din b\u00e4rbara dator fr\u00e5n att glida av bordsskivan \u00e4ven i lutande l\u00e4ge. Produktdetaljer: F\u00e4rg: Natur Material: Bambu Storlek: 75 x 35 x 29 cm (L x B x H) Storlek p\u00e5 den justerbara b\u00e4rbara datorh\u00e5llaren: 36,5 x 35 cm (L x B) H\u00f6jd (justerbar): 21\u201329 cm Bredd (justerbar): 65\u201375 cm Vikt: 2,5 kg Leveransomfattning: 1 x b\u00e4rbar datorst\u00e4ll SONGMICS Anm\u00e4rkningar: Stoppanordningen finns normalt i den lilla l\u00e5dan p\u00e5 sidan av bordet<\/p>\n","protected":false},"excerpt":{"rendered":"<p>SONGMICS Laptopstativ av bambu, h\u00f6jdjusterbar b\u00e4rbar datorh\u00e5llare, frukostbricka, s\u00e4ngbord, skrivbordstillsats, 5 lutningsvinklar, ventilerad, med l\u00e5da LLD001<\/p>\n","protected":false},"featured_media":42722,"comment_status":"open","ping_status":"closed","template":"","meta":[],"product_brand":[],"product_cat":[33],"product_tag":[],"class_list":{"0":"post-14826","1":"product","2":"type-product","3":"status-publish","4":"has-post-thumbnail","6":"product_cat-okategoriserad","8":"first","9":"instock","10":"shipping-taxable","11":"purchasable","12":"product-type-simple"},"_links":{"self":[{"href":"https:\/\/nordicmart.andreevmaster.com\/sv\/wp-json\/wp\/v2\/product\/14826","targetHints":{"allow":["GET"]}}],"collection":[{"href":"https:\/\/nordicmart.andreevmaster.com\/sv\/wp-json\/wp\/v2\/product"}],"about":[{"href":"https:\/\/nordicmart.andreevmaster.com\/sv\/wp-json\/wp\/v2\/types\/product"}],"replies":[{"embeddable":true,"href":"https:\/\/nordicmart.andreevmaster.com\/sv\/wp-json\/wp\/v2\/comments?post=14826"}],"wp:featuredmedia":[{"embeddable":true,"href":"https:\/\/nordicmart.andreevmaster.com\/sv\/wp-json\/wp\/v2\/media\/42722"}],"wp:attachment":[{"href":"https:\/\/nordicmart.andreevmaster.com\/sv\/wp-json\/wp\/v2\/media?parent=14826"}],"wp:term":[{"taxonomy":"product_brand","embeddable":true,"href":"https:\/\/nordicmart.andreevmaster.com\/sv\/wp-json\/wp\/v2\/product_brand?post=14826"},{"taxonomy":"product_cat","embeddable":true,"href":"https:\/\/nordicmart.andreevmaster.com\/sv\/wp-json\/wp\/v2\/product_cat?post=14826"},{"taxonomy":"product_tag","embeddable":true,"href":"https:\/\/nordicmart.andreevmaster.com\/sv\/wp-json\/wp\/v2\/product_tag?post=14826"}],"curies":[{"name":"wp","href":"https:\/\/api.w.org\/{rel}","templated":true}]}}