{"id":14818,"date":"2026-02-27T00:23:34","date_gmt":"2026-02-27T00:23:34","guid":{"rendered":"https:\/\/nordicmart.andreevmaster.com\/product\/songmics-arbetsstol-med-hjul-svart\/"},"modified":"2026-02-27T08:15:32","modified_gmt":"2026-02-27T08:15:32","slug":"songmics-arbetsstol-med-hjul-svart","status":"publish","type":"product","link":"https:\/\/nordicmart.andreevmaster.com\/sv\/produkt\/songmics-arbetsstol-med-hjul-svart\/","title":{"rendered":"SONGMICS arbetsstol med hjul, svart"},"content":{"rendered":"<p>SONGMICS arbetsstol f\u00f6r effektivt arbete. Denna arbetsstol underl\u00e4ttar arbetsprocesser och erbjuder m\u00f6jlighet till varierande sittst\u00e4llningar anpassade efter individuella behov. Tack vare stegl\u00f6st justerbar sitth\u00f6jd, d\u00e4mpning med gasfj\u00e4der och bekv\u00e4mt ryggst\u00f6d garanteras bekv\u00e4mt och avslappnat sittande. Dessa rullpallar \u00e4r perfekta f\u00f6r tj\u00e4nstesektorn, till exempel hos fris\u00f6rer eller i produktionsband, d\u00e4r varje handgrepp m\u00e5ste sitta r\u00e4tt. Produktdetaljer:  &#8211; F\u00e4rg: svart &#8211; Material: PU, nylon &#8211; Sitsh\u00f6jd: 46-62 cm &#8211; Sittdjup: 8 cm &#8211; \u00d8 sits: 35 cm &#8211; \u00d8 fotkors: 50 cm &#8211; Belastbarhet: 100 kg &#8211; Nettovikt: 4,8 kg &#8211; Bruttovikt: 6 kg  Leveransomfattning:  &#8211; 1 x arbetsstol &#8211; 1 x bruksanvisning (DE, EN, FR, ES, IT) &#8211; 1 x beslagsp\u00e5se  SONGMICS Anvisningar: &#8211; S\u00e4tt dig inte p\u00e5 sitsen. &#8211; Luta dig inte f\u00f6r mycket bak\u00e5t. &#8211; Rulla eller vrid inte f\u00f6r snabbt p\u00e5 hjulen.  &#8211; F\u00f6r sk\u00f6tsel kan du anv\u00e4nda en fuktig trasa. PU-ytan b\u00f6r skyddas mot kemikalier.<\/p>\n","protected":false},"excerpt":{"rendered":"<p>SONGMICS Barstol, snurrbar stol p\u00e5 hjul, h\u00f6jdjusterbar rullstol, sits kl\u00e4dd i konstl\u00e4der, arbetsstol f\u00f6r kosmetiksalonger, kontor, mottagningar, svart LJB81B<\/p>\n","protected":false},"featured_media":42714,"comment_status":"open","ping_status":"closed","template":"","meta":[],"product_brand":[],"product_cat":[33],"product_tag":[],"class_list":{"0":"post-14818","1":"product","2":"type-product","3":"status-publish","4":"has-post-thumbnail","6":"product_cat-okategoriserad","8":"first","9":"instock","10":"shipping-taxable","11":"purchasable","12":"product-type-simple"},"_links":{"self":[{"href":"https:\/\/nordicmart.andreevmaster.com\/sv\/wp-json\/wp\/v2\/product\/14818","targetHints":{"allow":["GET"]}}],"collection":[{"href":"https:\/\/nordicmart.andreevmaster.com\/sv\/wp-json\/wp\/v2\/product"}],"about":[{"href":"https:\/\/nordicmart.andreevmaster.com\/sv\/wp-json\/wp\/v2\/types\/product"}],"replies":[{"embeddable":true,"href":"https:\/\/nordicmart.andreevmaster.com\/sv\/wp-json\/wp\/v2\/comments?post=14818"}],"wp:featuredmedia":[{"embeddable":true,"href":"https:\/\/nordicmart.andreevmaster.com\/sv\/wp-json\/wp\/v2\/media\/42714"}],"wp:attachment":[{"href":"https:\/\/nordicmart.andreevmaster.com\/sv\/wp-json\/wp\/v2\/media?parent=14818"}],"wp:term":[{"taxonomy":"product_brand","embeddable":true,"href":"https:\/\/nordicmart.andreevmaster.com\/sv\/wp-json\/wp\/v2\/product_brand?post=14818"},{"taxonomy":"product_cat","embeddable":true,"href":"https:\/\/nordicmart.andreevmaster.com\/sv\/wp-json\/wp\/v2\/product_cat?post=14818"},{"taxonomy":"product_tag","embeddable":true,"href":"https:\/\/nordicmart.andreevmaster.com\/sv\/wp-json\/wp\/v2\/product_tag?post=14818"}],"curies":[{"name":"wp","href":"https:\/\/api.w.org\/{rel}","templated":true}]}}