{"id":14814,"date":"2026-02-27T00:23:33","date_gmt":"2026-02-27T00:23:33","guid":{"rendered":"https:\/\/nordicmart.andreevmaster.com\/product\/songmics-barstolar-2-pack-konstlader-svart\/"},"modified":"2026-02-27T08:15:32","modified_gmt":"2026-02-27T08:15:32","slug":"songmics-barstolar-2-pack-konstlader-svart","status":"publish","type":"product","link":"https:\/\/nordicmart.andreevmaster.com\/sv\/produkt\/songmics-barstolar-2-pack-konstlader-svart\/","title":{"rendered":"SONGMICS barstolar, 2-pack, konstl\u00e4der, svart"},"content":{"rendered":"<p>Extraordin\u00e4ra material och utm\u00e4rkt bearbetning Premium PU-konstl\u00e4der, vattent\u00e4tt, slitstarkt och h\u00e5llbart. Professionellt quiltat med maskiner g\u00f6r bearbetningen mer exklusiv och s\u00f6mmarna g\u00e5r inte s\u00f6nder s\u00e5 l\u00e4tt. F\u00f6rstorad och halkfri fotst\u00f6d Till skillnad fr\u00e5n vanliga barstolar med normalt fotst\u00f6d (\u00d8 38 cm, tjocklek 1,2 mm) har v\u00e5r barstol en st\u00f6rre fotst\u00f6d med en diameter p\u00e5 41 cm och en tjocklek p\u00e5 1,5 mm, vilket ger stolen b\u00e4ttre stabilitet och s\u00e4kerhet och f\u00f6rhindrar ov\u00e4ntad risk f\u00f6r att v\u00e4lta. Barstolen har en halks\u00e4ker gummiring undertill f\u00f6r extra s\u00e4kerhet. Kundn\u00f6jdhet i f\u00f6rsta hand SONGMICS \u00e4r ett stort varum\u00e4rke inom hush\u00e5llsprodukter. Sedan 2006 s\u00e4ljer vi v\u00e5ra produkter p\u00e5 Amazon och f\u00e5r \u00f6verallt bra recensioner. Vi erbjuder dig inte bara ett komplett set med installationsverktyg och instruktioner, utan ocks\u00e5 den b\u00e4sta kundservicen, eftersom v\u00e5rt excellenta kundserviceteam alltid finns till hands f\u00f6r att svara p\u00e5 dina fr\u00e5gor inom mindre \u00e4n 24 timmar.Produktbeskrivningar &#8211; M\u00e5tt: ca 44,5 x (95-115) x 38 cm (B x H x D) &#8211; Total h\u00f6jd: ca 95-115 cm &#8211; Stegl\u00f6s justering av sitth\u00f6jd: ca 62,5-82,5 cm &#8211; Sits: Bredd ca 44,5 cm &#8211; Djup ca 38 cm &#8211; Ryggst\u00f6dets h\u00f6jd: ca 32 cm &#8211; Stativets diameter: ca 41 cm &#8211; Material: PU, f\u00f6rkromat st\u00e5l &#8211; F\u00e4rg: svart Leveransomfattning: &#8211; 2 x barstolar &#8211; 1 x bruksanvisning (DE, EN, FR, IT, ES) &#8211; 1 x verktyg<\/p>\n","protected":false},"excerpt":{"rendered":"<p>SONGMICS Songmics 2-pack barstolar med ryggst\u00f6d och robust, vit, 38 x 44,5 x 115 cm<\/p>\n","protected":false},"featured_media":42710,"comment_status":"open","ping_status":"closed","template":"","meta":[],"product_brand":[],"product_cat":[33],"product_tag":[],"class_list":{"0":"post-14814","1":"product","2":"type-product","3":"status-publish","4":"has-post-thumbnail","6":"product_cat-okategoriserad","8":"first","9":"instock","10":"shipping-taxable","11":"purchasable","12":"product-type-simple"},"_links":{"self":[{"href":"https:\/\/nordicmart.andreevmaster.com\/sv\/wp-json\/wp\/v2\/product\/14814","targetHints":{"allow":["GET"]}}],"collection":[{"href":"https:\/\/nordicmart.andreevmaster.com\/sv\/wp-json\/wp\/v2\/product"}],"about":[{"href":"https:\/\/nordicmart.andreevmaster.com\/sv\/wp-json\/wp\/v2\/types\/product"}],"replies":[{"embeddable":true,"href":"https:\/\/nordicmart.andreevmaster.com\/sv\/wp-json\/wp\/v2\/comments?post=14814"}],"wp:featuredmedia":[{"embeddable":true,"href":"https:\/\/nordicmart.andreevmaster.com\/sv\/wp-json\/wp\/v2\/media\/42710"}],"wp:attachment":[{"href":"https:\/\/nordicmart.andreevmaster.com\/sv\/wp-json\/wp\/v2\/media?parent=14814"}],"wp:term":[{"taxonomy":"product_brand","embeddable":true,"href":"https:\/\/nordicmart.andreevmaster.com\/sv\/wp-json\/wp\/v2\/product_brand?post=14814"},{"taxonomy":"product_cat","embeddable":true,"href":"https:\/\/nordicmart.andreevmaster.com\/sv\/wp-json\/wp\/v2\/product_cat?post=14814"},{"taxonomy":"product_tag","embeddable":true,"href":"https:\/\/nordicmart.andreevmaster.com\/sv\/wp-json\/wp\/v2\/product_tag?post=14814"}],"curies":[{"name":"wp","href":"https:\/\/api.w.org\/{rel}","templated":true}]}}