{"id":14813,"date":"2026-02-27T00:23:33","date_gmt":"2026-02-27T00:23:33","guid":{"rendered":"https:\/\/nordicmart.andreevmaster.com\/product\/songmics-snurrbar-pall-pa-hjul-svart\/"},"modified":"2026-02-27T08:15:31","modified_gmt":"2026-02-27T08:15:31","slug":"songmics-snurrbar-pall-pa-hjul-svart","status":"publish","type":"product","link":"https:\/\/nordicmart.andreevmaster.com\/sv\/produkt\/songmics-snurrbar-pall-pa-hjul-svart\/","title":{"rendered":"SONGMICS snurrbar pall p\u00e5 hjul, svart"},"content":{"rendered":"<p>Produktbeskrivning Den tidl\u00f6sa designen g\u00f6r stolen fr\u00e5n Songmics till ett absolut blickf\u00e5ng! Barstolsitsen \u00e4r vadderad och kl\u00e4dd med konstl\u00e4der och kan enkelt reng\u00f6ras med en fuktig trasa. Den \u00e4r bekv\u00e4m \u00e4ven vid l\u00e4ngre sittande. Songmics barstol med h\u00f6gkvalitativ gasfj\u00e4der garanterar stabil stegl\u00f6s h\u00f6jdjustering mellan 46 och 58 cm. Rullarna roterar mycket snabbt i alla riktningar dit man vill. De garanterar optimal stabilitet. Efter anv\u00e4ndning kan stolen enkelt placeras under ett bord med hj\u00e4lp av h\u00f6jdjusteringen. Mycket platsbesparande och praktiskt! Produktdetaljer: Sitsens diameter: 35 cm Diameter p\u00e5 den femkantiga foten: 53 cm Sitsh\u00f6jdjustering: ca 46-58 cm Material: PU-konstl\u00e4der, f\u00f6rkromat st\u00e5l F\u00e4rg: svart Leveransomfattning: &#8211; 1 x barstol &#8211; 1 x bruksanvisning (DE, EN, FR, IT, ES) &#8211; 1 x verktyg<\/p>\n","protected":false},"excerpt":{"rendered":"<p>SONGMICS Vridbar pall p\u00e5 hjul, h\u00f6jdjusterbar rullpall, 46\u201358 cm, sits kl\u00e4dd med konstl\u00e4der, arbetspall f\u00f6r sk\u00f6nhetssalonger, fris\u00f6rsalonger, kontor, mottagningar, svart LJB61B<\/p>\n","protected":false},"featured_media":42709,"comment_status":"open","ping_status":"closed","template":"","meta":[],"product_brand":[],"product_cat":[33],"product_tag":[],"class_list":{"0":"post-14813","1":"product","2":"type-product","3":"status-publish","4":"has-post-thumbnail","6":"product_cat-okategoriserad","8":"first","9":"instock","10":"shipping-taxable","11":"purchasable","12":"product-type-simple"},"_links":{"self":[{"href":"https:\/\/nordicmart.andreevmaster.com\/sv\/wp-json\/wp\/v2\/product\/14813","targetHints":{"allow":["GET"]}}],"collection":[{"href":"https:\/\/nordicmart.andreevmaster.com\/sv\/wp-json\/wp\/v2\/product"}],"about":[{"href":"https:\/\/nordicmart.andreevmaster.com\/sv\/wp-json\/wp\/v2\/types\/product"}],"replies":[{"embeddable":true,"href":"https:\/\/nordicmart.andreevmaster.com\/sv\/wp-json\/wp\/v2\/comments?post=14813"}],"wp:featuredmedia":[{"embeddable":true,"href":"https:\/\/nordicmart.andreevmaster.com\/sv\/wp-json\/wp\/v2\/media\/42709"}],"wp:attachment":[{"href":"https:\/\/nordicmart.andreevmaster.com\/sv\/wp-json\/wp\/v2\/media?parent=14813"}],"wp:term":[{"taxonomy":"product_brand","embeddable":true,"href":"https:\/\/nordicmart.andreevmaster.com\/sv\/wp-json\/wp\/v2\/product_brand?post=14813"},{"taxonomy":"product_cat","embeddable":true,"href":"https:\/\/nordicmart.andreevmaster.com\/sv\/wp-json\/wp\/v2\/product_cat?post=14813"},{"taxonomy":"product_tag","embeddable":true,"href":"https:\/\/nordicmart.andreevmaster.com\/sv\/wp-json\/wp\/v2\/product_tag?post=14813"}],"curies":[{"name":"wp","href":"https:\/\/api.w.org\/{rel}","templated":true}]}}