{"id":14812,"date":"2026-02-27T00:23:32","date_gmt":"2026-02-27T00:23:32","guid":{"rendered":"https:\/\/nordicmart.andreevmaster.com\/product\/songmics-barstolar-2-pack-vit-naturfargad\/"},"modified":"2026-02-27T08:15:31","modified_gmt":"2026-02-27T08:15:31","slug":"songmics-barstolar-2-pack-vit-naturfargad","status":"publish","type":"product","link":"https:\/\/nordicmart.andreevmaster.com\/sv\/produkt\/songmics-barstolar-2-pack-vit-naturfargad\/","title":{"rendered":"SONGMICS barstolar, 2-pack, vit-naturf\u00e4rgad"},"content":{"rendered":"<p>Den ergonomiska sitsen med b\u00f6jd rygg passar perfekt till h\u00f6ften s\u00e5 att du kan njuta av god sittkomfort. Benen l\u00e5ses fast i sitsen med l\u00e5sknappar och f\u00e4sts ytterligare med skruvar f\u00f6r att \u00f6ka pallens stabilitet. Plastdelarna f\u00e4sts med skruvar under pallens ben. Detta ger barstolen ett snyggt utseende och skyddar dessutom golvet mot repor. Produktdetaljer: &#8211; Material: bok, ABS-plast, f\u00f6rkromad metall &#8211; M\u00e5tt: 39 x 80 x 33 cm (B x H x D) &#8211; Sitsh\u00f6jd: 73 cm &#8211; M\u00e5tt p\u00e5 sits: 38,5 x 30 cm (B x D) &#8211; Ryggst\u00f6dets h\u00f6jd (vertikalt): 8 cm &#8211; \u00d8 fotst\u00f6d: 36 cm &#8211; F\u00e4rg: vit, naturf\u00e4rgad &#8211; Belastbarhet: 120 kg &#8211; Nettovikt: 9,3 kg &#8211; Bruttovikt: 10,5 kg  Leveransomfattning: &#8211; 2 x barstolar &#8211; 1 x bruksanvisning<\/p>\n","protected":false},"excerpt":{"rendered":"<p>SONGMICS 2-pack barstolar, sitth\u00f6jd 73 cm, barstolsben i bok, sits i plast, vit LJB20W<\/p>\n","protected":false},"featured_media":42708,"comment_status":"open","ping_status":"closed","template":"","meta":[],"product_brand":[],"product_cat":[33],"product_tag":[],"class_list":{"0":"post-14812","1":"product","2":"type-product","3":"status-publish","4":"has-post-thumbnail","6":"product_cat-okategoriserad","8":"first","9":"instock","10":"shipping-taxable","11":"purchasable","12":"product-type-simple"},"_links":{"self":[{"href":"https:\/\/nordicmart.andreevmaster.com\/sv\/wp-json\/wp\/v2\/product\/14812","targetHints":{"allow":["GET"]}}],"collection":[{"href":"https:\/\/nordicmart.andreevmaster.com\/sv\/wp-json\/wp\/v2\/product"}],"about":[{"href":"https:\/\/nordicmart.andreevmaster.com\/sv\/wp-json\/wp\/v2\/types\/product"}],"replies":[{"embeddable":true,"href":"https:\/\/nordicmart.andreevmaster.com\/sv\/wp-json\/wp\/v2\/comments?post=14812"}],"wp:featuredmedia":[{"embeddable":true,"href":"https:\/\/nordicmart.andreevmaster.com\/sv\/wp-json\/wp\/v2\/media\/42708"}],"wp:attachment":[{"href":"https:\/\/nordicmart.andreevmaster.com\/sv\/wp-json\/wp\/v2\/media?parent=14812"}],"wp:term":[{"taxonomy":"product_brand","embeddable":true,"href":"https:\/\/nordicmart.andreevmaster.com\/sv\/wp-json\/wp\/v2\/product_brand?post=14812"},{"taxonomy":"product_cat","embeddable":true,"href":"https:\/\/nordicmart.andreevmaster.com\/sv\/wp-json\/wp\/v2\/product_cat?post=14812"},{"taxonomy":"product_tag","embeddable":true,"href":"https:\/\/nordicmart.andreevmaster.com\/sv\/wp-json\/wp\/v2\/product_tag?post=14812"}],"curies":[{"name":"wp","href":"https:\/\/api.w.org\/{rel}","templated":true}]}}