{"id":14808,"date":"2026-02-27T00:23:31","date_gmt":"2026-02-27T00:23:31","guid":{"rendered":"https:\/\/nordicmart.andreevmaster.com\/product\/vasagle-barstolsats-hojbar-med-vridbar-sits-och-sammetskladsel\/"},"modified":"2026-02-27T08:15:30","modified_gmt":"2026-02-27T08:15:30","slug":"vasagle-barstolsats-hojbar-med-vridbar-sits-och-sammetskladsel","status":"publish","type":"product","link":"https:\/\/nordicmart.andreevmaster.com\/sv\/produkt\/vasagle-barstolsats-hojbar-med-vridbar-sits-och-sammetskladsel\/","title":{"rendered":"VASAGLE Barstolsats h\u00f6jbar med vridbar sits och sammetskl\u00e4dsel"},"content":{"rendered":"<p>VASAGLE Barstolar 2-pack, h\u00f6j- och s\u00e4nkbara barstolar, vridbara k\u00f6ksstolar, med ergonomiskt ryggst\u00f6d, sammet, f\u00f6r k\u00f6ks\u00f6, hemmabar, modern, bl\u00e4ck svart LJB188B01<br \/>\nF\u00e4rg: bl\u00e4ck svart<br \/>\nMaterial: st\u00e5l, plywood, skumplast, sammet<br \/>\nTotal storlek: 49,5 x 45 x (88,5\u2013109,5) cm (D x B x H)<br \/>\nSitsh\u00f6jd (fr\u00e5n golvet): 63\u201384 cm<br \/>\nMax. statisk belastningskapacitet per pall: 120 kg<\/p>\n","protected":false},"excerpt":{"rendered":"<p>VASAGLE Barstolar 2-pack, h\u00f6j- och s\u00e4nkbara barstolar, vridbara k\u00f6ksstolar, med ergonomiskt ryggst\u00f6d, sammet, f\u00f6r k\u00f6ks\u00f6, hemmabar, modern, bl\u00e4ck svart LJB188B01<\/p>\n","protected":false},"featured_media":42706,"comment_status":"open","ping_status":"closed","template":"","meta":[],"product_brand":[],"product_cat":[33],"product_tag":[],"class_list":{"0":"post-14808","1":"product","2":"type-product","3":"status-publish","4":"has-post-thumbnail","6":"product_cat-okategoriserad","8":"first","9":"instock","10":"shipping-taxable","11":"purchasable","12":"product-type-simple"},"_links":{"self":[{"href":"https:\/\/nordicmart.andreevmaster.com\/sv\/wp-json\/wp\/v2\/product\/14808","targetHints":{"allow":["GET"]}}],"collection":[{"href":"https:\/\/nordicmart.andreevmaster.com\/sv\/wp-json\/wp\/v2\/product"}],"about":[{"href":"https:\/\/nordicmart.andreevmaster.com\/sv\/wp-json\/wp\/v2\/types\/product"}],"replies":[{"embeddable":true,"href":"https:\/\/nordicmart.andreevmaster.com\/sv\/wp-json\/wp\/v2\/comments?post=14808"}],"wp:featuredmedia":[{"embeddable":true,"href":"https:\/\/nordicmart.andreevmaster.com\/sv\/wp-json\/wp\/v2\/media\/42706"}],"wp:attachment":[{"href":"https:\/\/nordicmart.andreevmaster.com\/sv\/wp-json\/wp\/v2\/media?parent=14808"}],"wp:term":[{"taxonomy":"product_brand","embeddable":true,"href":"https:\/\/nordicmart.andreevmaster.com\/sv\/wp-json\/wp\/v2\/product_brand?post=14808"},{"taxonomy":"product_cat","embeddable":true,"href":"https:\/\/nordicmart.andreevmaster.com\/sv\/wp-json\/wp\/v2\/product_cat?post=14808"},{"taxonomy":"product_tag","embeddable":true,"href":"https:\/\/nordicmart.andreevmaster.com\/sv\/wp-json\/wp\/v2\/product_tag?post=14808"}],"curies":[{"name":"wp","href":"https:\/\/api.w.org\/{rel}","templated":true}]}}