{"id":14807,"date":"2026-02-27T00:23:31","date_gmt":"2026-02-27T00:23:31","guid":{"rendered":"https:\/\/nordicmart.andreevmaster.com\/product\/songmics-2-pack-barstolar-med-ryggstod\/"},"modified":"2026-02-27T08:15:30","modified_gmt":"2026-02-27T08:15:30","slug":"songmics-2-pack-barstolar-med-ryggstod","status":"publish","type":"product","link":"https:\/\/nordicmart.andreevmaster.com\/sv\/produkt\/songmics-2-pack-barstolar-med-ryggstod\/","title":{"rendered":"SONGMICS 2-pack barstolar med ryggst\u00f6d"},"content":{"rendered":"<p>Helt elegant: Dessa gr\u00e5 stolar i ultramodern linneimitation ger en touch av glamour och elegans till ditt hem. Skapa en avslappnad atmosf\u00e4r som p\u00e5 en trendig bar hemma! Vem vill ha samma? Din barbord eller h\u00f6ga matbord i k\u00f6ket eller matsalen kommer att passa perfekt med dessa stolar. De \u00e4r ocks\u00e5 perfekta f\u00f6r kaf\u00e9er, bistroer, restauranger och coworking-utrymmen som beh\u00f6ver extra sittplatser.Egenskaper: F\u00e4rg: Gr\u00e5 Material: Imitation av linne, f\u00f6rkromat metall Totala m\u00e5tt: 42 x 46 x (91-113) cm (L x B x H) Total h\u00f6jd: 94-114 cm Sitth\u00f6jd: 57-77 cm Sittm\u00e5tt: 42 x 40 cm (L x B) Ryggh\u00f6jd: 33 cm Basdiameter: 41 cm Vikt per pall: 7,5 kg Maximal statisk belastningskapacitet per pall: 120 kg Leverans: 2 x pall 1 x monteringssats 1 x bruksanvisning (FR, EN, DE, ES, IT)<\/p>\n","protected":false},"excerpt":{"rendered":"<p>SONGMICS 2-pack barstolar med ryggst\u00f6d, h\u00f6jdjusterbara, r\u00f6kgr\u00e5 linne gr\u00e5 LJB15G<\/p>\n","protected":false},"featured_media":42705,"comment_status":"open","ping_status":"closed","template":"","meta":[],"product_brand":[],"product_cat":[33],"product_tag":[],"class_list":{"0":"post-14807","1":"product","2":"type-product","3":"status-publish","4":"has-post-thumbnail","6":"product_cat-okategoriserad","8":"first","9":"instock","10":"shipping-taxable","11":"purchasable","12":"product-type-simple"},"_links":{"self":[{"href":"https:\/\/nordicmart.andreevmaster.com\/sv\/wp-json\/wp\/v2\/product\/14807","targetHints":{"allow":["GET"]}}],"collection":[{"href":"https:\/\/nordicmart.andreevmaster.com\/sv\/wp-json\/wp\/v2\/product"}],"about":[{"href":"https:\/\/nordicmart.andreevmaster.com\/sv\/wp-json\/wp\/v2\/types\/product"}],"replies":[{"embeddable":true,"href":"https:\/\/nordicmart.andreevmaster.com\/sv\/wp-json\/wp\/v2\/comments?post=14807"}],"wp:featuredmedia":[{"embeddable":true,"href":"https:\/\/nordicmart.andreevmaster.com\/sv\/wp-json\/wp\/v2\/media\/42705"}],"wp:attachment":[{"href":"https:\/\/nordicmart.andreevmaster.com\/sv\/wp-json\/wp\/v2\/media?parent=14807"}],"wp:term":[{"taxonomy":"product_brand","embeddable":true,"href":"https:\/\/nordicmart.andreevmaster.com\/sv\/wp-json\/wp\/v2\/product_brand?post=14807"},{"taxonomy":"product_cat","embeddable":true,"href":"https:\/\/nordicmart.andreevmaster.com\/sv\/wp-json\/wp\/v2\/product_cat?post=14807"},{"taxonomy":"product_tag","embeddable":true,"href":"https:\/\/nordicmart.andreevmaster.com\/sv\/wp-json\/wp\/v2\/product_tag?post=14807"}],"curies":[{"name":"wp","href":"https:\/\/api.w.org\/{rel}","templated":true}]}}