{"id":14806,"date":"2026-02-27T00:23:31","date_gmt":"2026-02-27T00:23:31","guid":{"rendered":"https:\/\/nordicmart.andreevmaster.com\/product\/songmics-barstolar-2-pack-gra-melerad\/"},"modified":"2026-02-27T08:15:30","modified_gmt":"2026-02-27T08:15:30","slug":"songmics-barstolar-2-pack-gra-melerad","status":"publish","type":"product","link":"https:\/\/nordicmart.andreevmaster.com\/sv\/produkt\/songmics-barstolar-2-pack-gra-melerad\/","title":{"rendered":"SONGMICS barstolar, 2-pack, gr\u00e5 melerad"},"content":{"rendered":"<p>Produktbeskrivning Songmics barstol utm\u00e4rker sig genom sin bekv\u00e4ma sits, goda stabilitet och snygga finish. Den \u00e4r utrustad med stoppning av h\u00f6gdensitetsskum, en behaglig PU-yta, stor fot, h\u00f6gkvalitativ gasfj\u00e4der och gl\u00e4nsande underrede. Den \u00e4r h\u00f6j- och s\u00e4nkbar och kan vridas fritt. Dessutom skyddar den nedre gummiringarna golvet mot repor. Songmics barstol passar perfekt i snackbarer, kaf\u00e9er, varuhus och till och med hemma vid bardisken. Den \u00e4r inte bara praktisk att sitta p\u00e5, utan fungerar ocks\u00e5 som dekoration och skapar mode och trender. Produktdetaljer:- Sits: 44,5 x 38 cm (B x D) &#8211; Total h\u00f6jd: ca 95 &#8211; 115 cm &#8211; Stegl\u00f6s justering av sitth\u00f6jd: ca 62,5 \u2013 82,5 cm &#8211; Ryggst\u00f6dets h\u00f6jd: 32 cm &#8211; Stativets diameter: 41 cm &#8211; Material: Linne + f\u00f6rkromat st\u00e5l &#8211; F\u00e4rg: gr\u00e5 Setet inneh\u00e5ller: Leveransomfattning: &#8211; 2 x barstolar &#8211; 1 x bruksanvisning (DE, EN, FR, IT, ES) &#8211; 1 x beslagsp\u00e5se<\/p>\n","protected":false},"excerpt":{"rendered":"<p>SONGMICS Songmics barstolar med ryggst\u00f6d, h\u00f6jdjusterbara, linne, r\u00f6kgr\u00e5, 44,5 x 38 x 115 cm<\/p>\n","protected":false},"featured_media":42704,"comment_status":"open","ping_status":"closed","template":"","meta":[],"product_brand":[],"product_cat":[33],"product_tag":[],"class_list":{"0":"post-14806","1":"product","2":"type-product","3":"status-publish","4":"has-post-thumbnail","6":"product_cat-okategoriserad","8":"first","9":"instock","10":"shipping-taxable","11":"purchasable","12":"product-type-simple"},"_links":{"self":[{"href":"https:\/\/nordicmart.andreevmaster.com\/sv\/wp-json\/wp\/v2\/product\/14806","targetHints":{"allow":["GET"]}}],"collection":[{"href":"https:\/\/nordicmart.andreevmaster.com\/sv\/wp-json\/wp\/v2\/product"}],"about":[{"href":"https:\/\/nordicmart.andreevmaster.com\/sv\/wp-json\/wp\/v2\/types\/product"}],"replies":[{"embeddable":true,"href":"https:\/\/nordicmart.andreevmaster.com\/sv\/wp-json\/wp\/v2\/comments?post=14806"}],"wp:featuredmedia":[{"embeddable":true,"href":"https:\/\/nordicmart.andreevmaster.com\/sv\/wp-json\/wp\/v2\/media\/42704"}],"wp:attachment":[{"href":"https:\/\/nordicmart.andreevmaster.com\/sv\/wp-json\/wp\/v2\/media?parent=14806"}],"wp:term":[{"taxonomy":"product_brand","embeddable":true,"href":"https:\/\/nordicmart.andreevmaster.com\/sv\/wp-json\/wp\/v2\/product_brand?post=14806"},{"taxonomy":"product_cat","embeddable":true,"href":"https:\/\/nordicmart.andreevmaster.com\/sv\/wp-json\/wp\/v2\/product_cat?post=14806"},{"taxonomy":"product_tag","embeddable":true,"href":"https:\/\/nordicmart.andreevmaster.com\/sv\/wp-json\/wp\/v2\/product_tag?post=14806"}],"curies":[{"name":"wp","href":"https:\/\/api.w.org\/{rel}","templated":true}]}}