{"id":14804,"date":"2026-02-27T00:23:30","date_gmt":"2026-02-27T00:23:30","guid":{"rendered":"https:\/\/nordicmart.andreevmaster.com\/product\/vasagle-hoj-och-vridbar-sminkstoft-i-pastellrosa\/"},"modified":"2026-02-27T08:15:29","modified_gmt":"2026-02-27T08:15:29","slug":"vasagle-hoj-och-vridbar-sminkstoft-i-pastellrosa","status":"publish","type":"product","link":"https:\/\/nordicmart.andreevmaster.com\/sv\/produkt\/vasagle-hoj-och-vridbar-sminkstoft-i-pastellrosa\/","title":{"rendered":"VASAGLE H\u00f6j- och vridbar sminkstoft i pastellrosa"},"content":{"rendered":"<p>VASAGLE smink pall, sminkstol, barstol, h\u00f6j- och s\u00e4nkbar, 360\u00b0 vridbar, PU, tjock stoppning, f\u00f6r sovrum, k\u00f6k, matsal, modern, bl\u00e4ck svart LJB120B01<br \/>\nF\u00e4rg: pastellrosa<br \/>\nMaterial: PU, st\u00e5l, st\u00f6djande h\u00f6gelastiskt skum, EPE-skum, plywood<br \/>\nStorlek: 38 cm d, 44-60 cm H<br \/>\nSitsens storlek: 35 cm d<br \/>\nVikt: 3,6 kg<br \/>\nMax. statisk belastningskapacitet: 120 kg<\/p>\n","protected":false},"excerpt":{"rendered":"<p>VASAGLE smink pall, sminkstol, barstol, h\u00f6j- och s\u00e4nkbar, 360\u00b0 vridbar, PU, tjock stoppning, f\u00f6r sovrum, k\u00f6k, matsal, modern, bl\u00e4ck svart LJB120B01<\/p>\n","protected":false},"featured_media":42702,"comment_status":"open","ping_status":"closed","template":"","meta":[],"product_brand":[],"product_cat":[33],"product_tag":[],"class_list":{"0":"post-14804","1":"product","2":"type-product","3":"status-publish","4":"has-post-thumbnail","6":"product_cat-okategoriserad","8":"first","9":"instock","10":"shipping-taxable","11":"purchasable","12":"product-type-simple"},"_links":{"self":[{"href":"https:\/\/nordicmart.andreevmaster.com\/sv\/wp-json\/wp\/v2\/product\/14804","targetHints":{"allow":["GET"]}}],"collection":[{"href":"https:\/\/nordicmart.andreevmaster.com\/sv\/wp-json\/wp\/v2\/product"}],"about":[{"href":"https:\/\/nordicmart.andreevmaster.com\/sv\/wp-json\/wp\/v2\/types\/product"}],"replies":[{"embeddable":true,"href":"https:\/\/nordicmart.andreevmaster.com\/sv\/wp-json\/wp\/v2\/comments?post=14804"}],"wp:featuredmedia":[{"embeddable":true,"href":"https:\/\/nordicmart.andreevmaster.com\/sv\/wp-json\/wp\/v2\/media\/42702"}],"wp:attachment":[{"href":"https:\/\/nordicmart.andreevmaster.com\/sv\/wp-json\/wp\/v2\/media?parent=14804"}],"wp:term":[{"taxonomy":"product_brand","embeddable":true,"href":"https:\/\/nordicmart.andreevmaster.com\/sv\/wp-json\/wp\/v2\/product_brand?post=14804"},{"taxonomy":"product_cat","embeddable":true,"href":"https:\/\/nordicmart.andreevmaster.com\/sv\/wp-json\/wp\/v2\/product_cat?post=14804"},{"taxonomy":"product_tag","embeddable":true,"href":"https:\/\/nordicmart.andreevmaster.com\/sv\/wp-json\/wp\/v2\/product_tag?post=14804"}],"curies":[{"name":"wp","href":"https:\/\/api.w.org\/{rel}","templated":true}]}}