{"id":14801,"date":"2026-02-27T00:23:29","date_gmt":"2026-02-27T00:23:29","guid":{"rendered":"https:\/\/nordicmart.andreevmaster.com\/product\/vasagle-barstolar-2-pack-hoj-och-sankbara-pastellrosa-silvergra\/"},"modified":"2026-02-27T08:15:29","modified_gmt":"2026-02-27T08:15:29","slug":"vasagle-barstolar-2-pack-hoj-och-sankbara-pastellrosa-silvergra","status":"publish","type":"product","link":"https:\/\/nordicmart.andreevmaster.com\/sv\/produkt\/vasagle-barstolar-2-pack-hoj-och-sankbara-pastellrosa-silvergra\/","title":{"rendered":"VASAGLE Barstolar 2-pack h\u00f6j- och s\u00e4nkbara pastellrosa-silvergr\u00e5"},"content":{"rendered":"<p>VASAGLE barstolar, 2-pack, barstol, h\u00f6j- och vridbar, 360\u00b0, k\u00f6ksstol, med ryggst\u00f6d, sockel, fotst\u00f6d, st\u00e5l, f\u00f6r disk, bar, matsal, kr\u00e4mvit-silvergr\u00e5 LJB110W01<br \/>\nF\u00e4rg: pastellrosa-silvergr\u00e5<br \/>\nMaterial: Sammet, PU-konstl\u00e4der, metall<br \/>\nStorlek per stol: 52,5 x 50 x (97,5-108,5) cm (D x B x H)<br \/>\nSitsh\u00f6jd (fr\u00e5n golvet): 59\u201373,5 cm<br \/>\nSitsens storlek: 41 x 43 cm (D x B)<br \/>\nRyggst\u00f6dets h\u00f6jd: 37,5 cm<br \/>\nStorlek p\u00e5 sockeln: 45 cm d<br \/>\nTotalvikt: 15,2 kg<br \/>\nMax. statisk belastningskapacitet per stol: 100 kg<\/p>\n","protected":false},"excerpt":{"rendered":"<p>VASAGLE barstolar, 2-pack, barstol, h\u00f6j- och vridbar, 360\u00b0, k\u00f6ksstol, med ryggst\u00f6d, sockel, fotst\u00f6d, st\u00e5l, f\u00f6r disk, bar, matsal, kr\u00e4mvit-silvergr\u00e5 LJB110W01<\/p>\n","protected":false},"featured_media":42699,"comment_status":"open","ping_status":"closed","template":"","meta":[],"product_brand":[],"product_cat":[33],"product_tag":[],"class_list":{"0":"post-14801","1":"product","2":"type-product","3":"status-publish","4":"has-post-thumbnail","6":"product_cat-okategoriserad","8":"first","9":"instock","10":"shipping-taxable","11":"purchasable","12":"product-type-simple"},"_links":{"self":[{"href":"https:\/\/nordicmart.andreevmaster.com\/sv\/wp-json\/wp\/v2\/product\/14801","targetHints":{"allow":["GET"]}}],"collection":[{"href":"https:\/\/nordicmart.andreevmaster.com\/sv\/wp-json\/wp\/v2\/product"}],"about":[{"href":"https:\/\/nordicmart.andreevmaster.com\/sv\/wp-json\/wp\/v2\/types\/product"}],"replies":[{"embeddable":true,"href":"https:\/\/nordicmart.andreevmaster.com\/sv\/wp-json\/wp\/v2\/comments?post=14801"}],"wp:featuredmedia":[{"embeddable":true,"href":"https:\/\/nordicmart.andreevmaster.com\/sv\/wp-json\/wp\/v2\/media\/42699"}],"wp:attachment":[{"href":"https:\/\/nordicmart.andreevmaster.com\/sv\/wp-json\/wp\/v2\/media?parent=14801"}],"wp:term":[{"taxonomy":"product_brand","embeddable":true,"href":"https:\/\/nordicmart.andreevmaster.com\/sv\/wp-json\/wp\/v2\/product_brand?post=14801"},{"taxonomy":"product_cat","embeddable":true,"href":"https:\/\/nordicmart.andreevmaster.com\/sv\/wp-json\/wp\/v2\/product_cat?post=14801"},{"taxonomy":"product_tag","embeddable":true,"href":"https:\/\/nordicmart.andreevmaster.com\/sv\/wp-json\/wp\/v2\/product_tag?post=14801"}],"curies":[{"name":"wp","href":"https:\/\/api.w.org\/{rel}","templated":true}]}}