{"id":14797,"date":"2026-02-27T00:23:28","date_gmt":"2026-02-27T00:23:28","guid":{"rendered":"https:\/\/nordicmart.andreevmaster.com\/product\/vasagle-stol-justerbar-med-ryggstod-och-sockel-pastellrosa\/"},"modified":"2026-02-27T08:15:28","modified_gmt":"2026-02-27T08:15:28","slug":"vasagle-stol-justerbar-med-ryggstod-och-sockel-pastellrosa","status":"publish","type":"product","link":"https:\/\/nordicmart.andreevmaster.com\/sv\/produkt\/vasagle-stol-justerbar-med-ryggstod-och-sockel-pastellrosa\/","title":{"rendered":"VASAGLE stol, justerbar med ryggst\u00f6d och sockel, pastellrosa"},"content":{"rendered":"<p>VASAGLE justerbar stol, sminkstol, kontorsstol, vridbar, barstol med ryggst\u00f6d och sockel, st\u00e5l, f\u00f6r disk, kontor, sminkbord, matsal, pastellrosa LJB100R01<br \/>\nF\u00e4rg: Pastellrosa<br \/>\nMaterial: Sammet, PU-konstl\u00e4der, metall<br \/>\nStorlek: 52,5 x 50 x (81,5-93,5) cm (D x B x H)<br \/>\nSitsh\u00f6jd (fr\u00e5n golvet): 44\u201356 cm<br \/>\nSitsens storlek: 41 x 43 cm (D x B)<br \/>\nRyggst\u00f6dets h\u00f6jd: 37,5 cm<br \/>\nStorlek p\u00e5 sockeln: 45 cm d<br \/>\nVikt: 6,8 kg<br \/>\nMax. statisk belastningskapacitet: 100 kg<\/p>\n","protected":false},"excerpt":{"rendered":"<p>VASAGLE justerbar stol, sminkstol, kontorsstol, vridbar, barstol med ryggst\u00f6d och sockel, st\u00e5l, f\u00f6r disk, kontor, sminkbord, matsal, pastellrosa LJB100R01<\/p>\n","protected":false},"featured_media":42695,"comment_status":"open","ping_status":"closed","template":"","meta":[],"product_brand":[],"product_cat":[33],"product_tag":[],"class_list":{"0":"post-14797","1":"product","2":"type-product","3":"status-publish","4":"has-post-thumbnail","6":"product_cat-okategoriserad","8":"first","9":"instock","10":"shipping-taxable","11":"purchasable","12":"product-type-simple"},"_links":{"self":[{"href":"https:\/\/nordicmart.andreevmaster.com\/sv\/wp-json\/wp\/v2\/product\/14797","targetHints":{"allow":["GET"]}}],"collection":[{"href":"https:\/\/nordicmart.andreevmaster.com\/sv\/wp-json\/wp\/v2\/product"}],"about":[{"href":"https:\/\/nordicmart.andreevmaster.com\/sv\/wp-json\/wp\/v2\/types\/product"}],"replies":[{"embeddable":true,"href":"https:\/\/nordicmart.andreevmaster.com\/sv\/wp-json\/wp\/v2\/comments?post=14797"}],"wp:featuredmedia":[{"embeddable":true,"href":"https:\/\/nordicmart.andreevmaster.com\/sv\/wp-json\/wp\/v2\/media\/42695"}],"wp:attachment":[{"href":"https:\/\/nordicmart.andreevmaster.com\/sv\/wp-json\/wp\/v2\/media?parent=14797"}],"wp:term":[{"taxonomy":"product_brand","embeddable":true,"href":"https:\/\/nordicmart.andreevmaster.com\/sv\/wp-json\/wp\/v2\/product_brand?post=14797"},{"taxonomy":"product_cat","embeddable":true,"href":"https:\/\/nordicmart.andreevmaster.com\/sv\/wp-json\/wp\/v2\/product_cat?post=14797"},{"taxonomy":"product_tag","embeddable":true,"href":"https:\/\/nordicmart.andreevmaster.com\/sv\/wp-json\/wp\/v2\/product_tag?post=14797"}],"curies":[{"name":"wp","href":"https:\/\/api.w.org\/{rel}","templated":true}]}}