{"id":14795,"date":"2026-02-27T00:23:28","date_gmt":"2026-02-27T00:23:28","guid":{"rendered":"https:\/\/nordicmart.andreevmaster.com\/product\/vasagle-vridbar-barstol-med-forvaringsutrymme-black-svart\/"},"modified":"2026-02-27T08:15:28","modified_gmt":"2026-02-27T08:15:28","slug":"vasagle-vridbar-barstol-med-forvaringsutrymme-black-svart","status":"publish","type":"product","link":"https:\/\/nordicmart.andreevmaster.com\/sv\/produkt\/vasagle-vridbar-barstol-med-forvaringsutrymme-black-svart\/","title":{"rendered":"VASAGLE Vridbar barstol med f\u00f6rvaringsutrymme bl\u00e4ck svart"},"content":{"rendered":"<p>VASAGLE EKHO-kollektion \u2013 360\u00b0 vridbar barstol, h\u00f6j- och s\u00e4nkbar barstol, med f\u00f6rvaringsutrymme, konstl\u00e4der, s\u00f6mmar, mid-century modern stil, k\u00f6k, hembar, enkel montering, bl\u00e4ck svart<br \/>\nF\u00e4rg: bl\u00e4ck svart<br \/>\nMaterial: st\u00e5l, h\u00f6gelastiskt skum, PU-konstl\u00e4der (polyuretan), MDF (medeldensitetsfiberplatta)<br \/>\nStorlek: 41 x 41 x (61,5-81) cm (D x B x H\uff09<br \/>\nVikt: 7,4 kg<br \/>\nMax. statisk belastningskapacitet: 120 kg<\/p>\n","protected":false},"excerpt":{"rendered":"<p>VASAGLE EKHO-kollektion \u2013 360\u00b0 vridbar barstol, h\u00f6j- och s\u00e4nkbar barstol, med f\u00f6rvaringsutrymme, konstl\u00e4der, s\u00f6mmar, mid-century modern stil, k\u00f6k, hembar, enkel montering, bl\u00e4ck svart<\/p>\n","protected":false},"featured_media":0,"comment_status":"open","ping_status":"closed","template":"","meta":[],"product_brand":[],"product_cat":[33],"product_tag":[],"class_list":{"0":"post-14795","1":"product","2":"type-product","3":"status-publish","5":"product_cat-okategoriserad","7":"first","8":"instock","9":"shipping-taxable","10":"purchasable","11":"product-type-simple"},"_links":{"self":[{"href":"https:\/\/nordicmart.andreevmaster.com\/sv\/wp-json\/wp\/v2\/product\/14795","targetHints":{"allow":["GET"]}}],"collection":[{"href":"https:\/\/nordicmart.andreevmaster.com\/sv\/wp-json\/wp\/v2\/product"}],"about":[{"href":"https:\/\/nordicmart.andreevmaster.com\/sv\/wp-json\/wp\/v2\/types\/product"}],"replies":[{"embeddable":true,"href":"https:\/\/nordicmart.andreevmaster.com\/sv\/wp-json\/wp\/v2\/comments?post=14795"}],"wp:attachment":[{"href":"https:\/\/nordicmart.andreevmaster.com\/sv\/wp-json\/wp\/v2\/media?parent=14795"}],"wp:term":[{"taxonomy":"product_brand","embeddable":true,"href":"https:\/\/nordicmart.andreevmaster.com\/sv\/wp-json\/wp\/v2\/product_brand?post=14795"},{"taxonomy":"product_cat","embeddable":true,"href":"https:\/\/nordicmart.andreevmaster.com\/sv\/wp-json\/wp\/v2\/product_cat?post=14795"},{"taxonomy":"product_tag","embeddable":true,"href":"https:\/\/nordicmart.andreevmaster.com\/sv\/wp-json\/wp\/v2\/product_tag?post=14795"}],"curies":[{"name":"wp","href":"https:\/\/api.w.org\/{rel}","templated":true}]}}