{"id":14794,"date":"2026-02-27T00:23:28","date_gmt":"2026-02-27T00:23:28","guid":{"rendered":"https:\/\/nordicmart.andreevmaster.com\/product\/vasagle-barstolar-2-pack-vridbara-med-ryggstod-karamellbruna\/"},"modified":"2026-02-27T08:15:27","modified_gmt":"2026-02-27T08:15:27","slug":"vasagle-barstolar-2-pack-vridbara-med-ryggstod-karamellbruna","status":"publish","type":"product","link":"https:\/\/nordicmart.andreevmaster.com\/sv\/produkt\/vasagle-barstolar-2-pack-vridbara-med-ryggstod-karamellbruna\/","title":{"rendered":"VASAGLE Barstolar 2-pack, vridbara med ryggst\u00f6d, karamellbruna"},"content":{"rendered":"<p>VASAGLE EKHO-kollektion \u2013 360\u00b0 vridbar barstol, 2-pack, h\u00f6jbar barstol med ryggst\u00f6d, konstl\u00e4der, s\u00f6mmar, mid-century modern stil, k\u00f6k, hembar, enkel montering, bl\u00e4ck svart<br \/>\nF\u00e4rg: Karamellbrun<br \/>\nMaterial: St\u00e5l, h\u00f6gelastiskt 28D-skum, PU-konstl\u00e4der (polyuretan), plywood<br \/>\nStorlek per pall: 42 x 49 x (94-115) cm (D x B x H\uff09<br \/>\nVikt: 16,8 kg<br \/>\nMax. statisk belastningskapacitet per pall: 120 kg<\/p>\n","protected":false},"excerpt":{"rendered":"<p>VASAGLE EKHO-kollektion \u2013 360\u00b0 vridbar barstol, 2-pack, h\u00f6jbar barstol med ryggst\u00f6d, konstl\u00e4der, s\u00f6mmar, mid-century modern stil, k\u00f6k, hembar, enkel montering, bl\u00e4ck svart<\/p>\n","protected":false},"featured_media":0,"comment_status":"open","ping_status":"closed","template":"","meta":[],"product_brand":[],"product_cat":[33],"product_tag":[],"class_list":{"0":"post-14794","1":"product","2":"type-product","3":"status-publish","5":"product_cat-okategoriserad","7":"first","8":"instock","9":"shipping-taxable","10":"purchasable","11":"product-type-simple"},"_links":{"self":[{"href":"https:\/\/nordicmart.andreevmaster.com\/sv\/wp-json\/wp\/v2\/product\/14794","targetHints":{"allow":["GET"]}}],"collection":[{"href":"https:\/\/nordicmart.andreevmaster.com\/sv\/wp-json\/wp\/v2\/product"}],"about":[{"href":"https:\/\/nordicmart.andreevmaster.com\/sv\/wp-json\/wp\/v2\/types\/product"}],"replies":[{"embeddable":true,"href":"https:\/\/nordicmart.andreevmaster.com\/sv\/wp-json\/wp\/v2\/comments?post=14794"}],"wp:attachment":[{"href":"https:\/\/nordicmart.andreevmaster.com\/sv\/wp-json\/wp\/v2\/media?parent=14794"}],"wp:term":[{"taxonomy":"product_brand","embeddable":true,"href":"https:\/\/nordicmart.andreevmaster.com\/sv\/wp-json\/wp\/v2\/product_brand?post=14794"},{"taxonomy":"product_cat","embeddable":true,"href":"https:\/\/nordicmart.andreevmaster.com\/sv\/wp-json\/wp\/v2\/product_cat?post=14794"},{"taxonomy":"product_tag","embeddable":true,"href":"https:\/\/nordicmart.andreevmaster.com\/sv\/wp-json\/wp\/v2\/product_tag?post=14794"}],"curies":[{"name":"wp","href":"https:\/\/api.w.org\/{rel}","templated":true}]}}