{"id":14789,"date":"2026-02-27T00:23:26","date_gmt":"2026-02-27T00:23:26","guid":{"rendered":"https:\/\/nordicmart.andreevmaster.com\/product\/vasagle-barstolar-2-pack-med-ryggstod-black-svart\/"},"modified":"2026-02-27T08:15:26","modified_gmt":"2026-02-27T08:15:26","slug":"vasagle-barstolar-2-pack-med-ryggstod-black-svart","status":"publish","type":"product","link":"https:\/\/nordicmart.andreevmaster.com\/sv\/produkt\/vasagle-barstolar-2-pack-med-ryggstod-black-svart\/","title":{"rendered":"VASAGLE Barstolar, 2-pack med ryggst\u00f6d, bl\u00e4ck svart"},"content":{"rendered":"<p>VASAGLE Barstolar 2-pack, h\u00f6j- och s\u00e4nkbara barstolar, vridbara k\u00f6ksstolar, quiltat PU-\u00f6verdrag, med ryggst\u00f6d och fotst\u00f6d, matsal, bardisk, st\u00e5l<br \/>\nF\u00e4rg: bl\u00e4ck svart<br \/>\nMaterial: PU, f\u00f6rkromat st\u00e5l, skumplaststoppning<br \/>\nStorlek: 44 x 48 x (90-112) cm (D x B x H)<br \/>\nSitsh\u00f6jd: 62\u201384 cm<br \/>\nSitsens storlek: 38 x 44 cm (D x B)<br \/>\nRyggst\u00f6dets h\u00f6jd: 30 cm<br \/>\nStorlek p\u00e5 sockel: \u00d8 45 cm<br \/>\nTotalvikt: 18 kg<br \/>\nMax. statisk belastningskapacitet per stol: 120 kg<\/p>\n","protected":false},"excerpt":{"rendered":"<p>VASAGLE Barstolar 2-pack, h\u00f6j- och s\u00e4nkbara barstolar, vridbara k\u00f6ksstolar, quiltat PU-\u00f6verdrag, med ryggst\u00f6d och fotst\u00f6d, matsal, bardisk, st\u00e5l<\/p>\n","protected":false},"featured_media":0,"comment_status":"open","ping_status":"closed","template":"","meta":[],"product_brand":[],"product_cat":[33],"product_tag":[],"class_list":{"0":"post-14789","1":"product","2":"type-product","3":"status-publish","5":"product_cat-okategoriserad","7":"first","8":"instock","9":"shipping-taxable","10":"purchasable","11":"product-type-simple"},"_links":{"self":[{"href":"https:\/\/nordicmart.andreevmaster.com\/sv\/wp-json\/wp\/v2\/product\/14789","targetHints":{"allow":["GET"]}}],"collection":[{"href":"https:\/\/nordicmart.andreevmaster.com\/sv\/wp-json\/wp\/v2\/product"}],"about":[{"href":"https:\/\/nordicmart.andreevmaster.com\/sv\/wp-json\/wp\/v2\/types\/product"}],"replies":[{"embeddable":true,"href":"https:\/\/nordicmart.andreevmaster.com\/sv\/wp-json\/wp\/v2\/comments?post=14789"}],"wp:attachment":[{"href":"https:\/\/nordicmart.andreevmaster.com\/sv\/wp-json\/wp\/v2\/media?parent=14789"}],"wp:term":[{"taxonomy":"product_brand","embeddable":true,"href":"https:\/\/nordicmart.andreevmaster.com\/sv\/wp-json\/wp\/v2\/product_brand?post=14789"},{"taxonomy":"product_cat","embeddable":true,"href":"https:\/\/nordicmart.andreevmaster.com\/sv\/wp-json\/wp\/v2\/product_cat?post=14789"},{"taxonomy":"product_tag","embeddable":true,"href":"https:\/\/nordicmart.andreevmaster.com\/sv\/wp-json\/wp\/v2\/product_tag?post=14789"}],"curies":[{"name":"wp","href":"https:\/\/api.w.org\/{rel}","templated":true}]}}