{"id":14788,"date":"2026-02-27T00:23:26","date_gmt":"2026-02-27T00:23:26","guid":{"rendered":"https:\/\/nordicmart.andreevmaster.com\/product\/vasagle-barstolar-2-pack-360-vridbara-gra\/"},"modified":"2026-02-27T08:15:26","modified_gmt":"2026-02-27T08:15:26","slug":"vasagle-barstolar-2-pack-360-vridbara-gra","status":"publish","type":"product","link":"https:\/\/nordicmart.andreevmaster.com\/sv\/produkt\/vasagle-barstolar-2-pack-360-vridbara-gra\/","title":{"rendered":"VASAGLE barstolar, 2-pack, 360\u00b0 vridbara, gr\u00e5"},"content":{"rendered":"<p>VASAGLE Barstolar 2-pack, barstolar, h\u00f6j- och s\u00e4nkbara barstolar med PU-kl\u00e4dsel, 360\u00b0 vridbara, k\u00f6ksstolar med ryggst\u00f6d och fotst\u00f6d<br \/>\nF\u00e4rg: Gr\u00e5<br \/>\nMaterial: PU, metall, skumplastkl\u00e4dsel<br \/>\nStorlek: 47 x 41 x (89-110) cm (D x B x H)<br \/>\nSitsh\u00f6jd: 62,5\u201383,5 cm<br \/>\nSitsbredd: 41 cm<br \/>\nSitsens djup: 35,5 cm<br \/>\nRyggst\u00f6dets storlek: 39 x 26,5 cm (B x H)<br \/>\nStorlek p\u00e5 sockeln: \u00d8 45 cm<br \/>\nTotalvikt: 15,3 kg<br \/>\nMax. statisk belastningskapacitet per stol: 120 kg<\/p>\n","protected":false},"excerpt":{"rendered":"<p>VASAGLE Barstolar 2-pack, barstolar, h\u00f6j- och s\u00e4nkbara barstolar med PU-kl\u00e4dsel, 360\u00b0 vridbara, k\u00f6ksstolar med ryggst\u00f6d och fotst\u00f6d<\/p>\n","protected":false},"featured_media":42693,"comment_status":"open","ping_status":"closed","template":"","meta":[],"product_brand":[],"product_cat":[33],"product_tag":[],"class_list":{"0":"post-14788","1":"product","2":"type-product","3":"status-publish","4":"has-post-thumbnail","6":"product_cat-okategoriserad","8":"first","9":"instock","10":"shipping-taxable","11":"purchasable","12":"product-type-simple"},"_links":{"self":[{"href":"https:\/\/nordicmart.andreevmaster.com\/sv\/wp-json\/wp\/v2\/product\/14788","targetHints":{"allow":["GET"]}}],"collection":[{"href":"https:\/\/nordicmart.andreevmaster.com\/sv\/wp-json\/wp\/v2\/product"}],"about":[{"href":"https:\/\/nordicmart.andreevmaster.com\/sv\/wp-json\/wp\/v2\/types\/product"}],"replies":[{"embeddable":true,"href":"https:\/\/nordicmart.andreevmaster.com\/sv\/wp-json\/wp\/v2\/comments?post=14788"}],"wp:featuredmedia":[{"embeddable":true,"href":"https:\/\/nordicmart.andreevmaster.com\/sv\/wp-json\/wp\/v2\/media\/42693"}],"wp:attachment":[{"href":"https:\/\/nordicmart.andreevmaster.com\/sv\/wp-json\/wp\/v2\/media?parent=14788"}],"wp:term":[{"taxonomy":"product_brand","embeddable":true,"href":"https:\/\/nordicmart.andreevmaster.com\/sv\/wp-json\/wp\/v2\/product_brand?post=14788"},{"taxonomy":"product_cat","embeddable":true,"href":"https:\/\/nordicmart.andreevmaster.com\/sv\/wp-json\/wp\/v2\/product_cat?post=14788"},{"taxonomy":"product_tag","embeddable":true,"href":"https:\/\/nordicmart.andreevmaster.com\/sv\/wp-json\/wp\/v2\/product_tag?post=14788"}],"curies":[{"name":"wp","href":"https:\/\/api.w.org\/{rel}","templated":true}]}}