{"id":14784,"date":"2026-02-27T00:23:25","date_gmt":"2026-02-27T00:23:25","guid":{"rendered":"https:\/\/nordicmart.andreevmaster.com\/product\/songmics-barstolar-2-pack-hoj-och-sankbara-gra\/"},"modified":"2026-02-27T08:15:25","modified_gmt":"2026-02-27T08:15:25","slug":"songmics-barstolar-2-pack-hoj-och-sankbara-gra","status":"publish","type":"product","link":"https:\/\/nordicmart.andreevmaster.com\/sv\/produkt\/songmics-barstolar-2-pack-hoj-och-sankbara-gra\/","title":{"rendered":"SONGMICS Barstolar 2-pack h\u00f6j- och s\u00e4nkbara Gr\u00e5"},"content":{"rendered":"<p>Kom till baren! Har du jobbat f\u00f6r mycket de senaste veckorna? Ta d\u00e5 tillf\u00e4llet i akt och umg\u00e5s med en god v\u00e4n under helgen! Det g\u00f6r du b\u00e4st vid ditt st\u00e5bord, som nu lyser upp med dessa i\u00f6gonfallande barstolar. Den ergonomiskt formade sitsen och det praktiska fotst\u00f6det garanterar h\u00f6g sittkomfort, s\u00e5 att ni kan sitta uppe sent p\u00e5 natten och prata om gamla tider. S\u00e4kerhet f\u00f6re allt F\u00f6r att dessa stolar inte ska wobbla och f\u00f6r att du ska kunna justera sitth\u00f6jden stegl\u00f6st och utan problem anv\u00e4nder vi s\u00e4rskilt slitstarka auto-return-cylindrar. Dessa har testats av SGS och uppfyller standarden BIFMA X5.1 (testrapport nr: AJHL200400841FT; innehavare: leverant\u00f6r). Produktdetaljer: &#8211; F\u00e4rg: Ljusgr\u00e5 &#8211; Material: PU-konstl\u00e4der, metall &#8211; Produktm\u00e5tt: Totalt: 48 x 49 x (85-107) cm (L x B x H) Sitth\u00f6jd\uff1a61-83 cm Sitsbredd\uff1a43 cm Sitsdjup\uff1a40 cm Ryggst\u00f6dets m\u00e5tt\uff1a26,5 x 36 cm (L x H) Fotst\u00f6dets h\u00f6jd\uff1a20-42 cm Sockelns diameter\uff1a41 cm &#8211; Vikt: 6,5 kg &#8211; Max. statisk belastningskapacitet: 120 kgLeveransomfattning:- 2 x barstol- 2 x tillbeh\u00f6rspaket- 1 x bruksanvisning (DE, EN, ES, FR, IT) SONGMICS Anm\u00e4rkningar:- Av s\u00e4kerhetssk\u00e4l \u00e4r det f\u00f6rbjudet f\u00f6r barn att kl\u00e4ttra p\u00e5 eller leka med produkten.<\/p>\n","protected":false},"excerpt":{"rendered":"<p>SONGMICS barstolar, 2-pack barstolar, k\u00f6ksstolar med stabilt metallstativ, stolar med konstl\u00e4derkl\u00e4dsel, fotst\u00f6d, justerbar sitth\u00f6jd, enkel montering, vintage, ljusgr\u00e5 LJB072G03<\/p>\n","protected":false},"featured_media":42689,"comment_status":"open","ping_status":"closed","template":"","meta":[],"product_brand":[],"product_cat":[33],"product_tag":[],"class_list":{"0":"post-14784","1":"product","2":"type-product","3":"status-publish","4":"has-post-thumbnail","6":"product_cat-okategoriserad","8":"first","9":"instock","10":"shipping-taxable","11":"purchasable","12":"product-type-simple"},"_links":{"self":[{"href":"https:\/\/nordicmart.andreevmaster.com\/sv\/wp-json\/wp\/v2\/product\/14784","targetHints":{"allow":["GET"]}}],"collection":[{"href":"https:\/\/nordicmart.andreevmaster.com\/sv\/wp-json\/wp\/v2\/product"}],"about":[{"href":"https:\/\/nordicmart.andreevmaster.com\/sv\/wp-json\/wp\/v2\/types\/product"}],"replies":[{"embeddable":true,"href":"https:\/\/nordicmart.andreevmaster.com\/sv\/wp-json\/wp\/v2\/comments?post=14784"}],"wp:featuredmedia":[{"embeddable":true,"href":"https:\/\/nordicmart.andreevmaster.com\/sv\/wp-json\/wp\/v2\/media\/42689"}],"wp:attachment":[{"href":"https:\/\/nordicmart.andreevmaster.com\/sv\/wp-json\/wp\/v2\/media?parent=14784"}],"wp:term":[{"taxonomy":"product_brand","embeddable":true,"href":"https:\/\/nordicmart.andreevmaster.com\/sv\/wp-json\/wp\/v2\/product_brand?post=14784"},{"taxonomy":"product_cat","embeddable":true,"href":"https:\/\/nordicmart.andreevmaster.com\/sv\/wp-json\/wp\/v2\/product_cat?post=14784"},{"taxonomy":"product_tag","embeddable":true,"href":"https:\/\/nordicmart.andreevmaster.com\/sv\/wp-json\/wp\/v2\/product_tag?post=14784"}],"curies":[{"name":"wp","href":"https:\/\/api.w.org\/{rel}","templated":true}]}}