{"id":14781,"date":"2026-02-27T00:23:24","date_gmt":"2026-02-27T00:23:24","guid":{"rendered":"https:\/\/nordicmart.andreevmaster.com\/product\/songmics-barstol-med-kronformad-ryggstod\/"},"modified":"2026-02-27T08:15:25","modified_gmt":"2026-02-27T08:15:25","slug":"songmics-barstol-med-kronformad-ryggstod","status":"publish","type":"product","link":"https:\/\/nordicmart.andreevmaster.com\/sv\/produkt\/songmics-barstol-med-kronformad-ryggstod\/","title":{"rendered":"SONGMICS barstol med kronformad ryggst\u00f6d"},"content":{"rendered":"<p>Om du funderar p\u00e5 en s\u00e5dan matplats beh\u00f6ver du naturligtvis ocks\u00e5 passande barstolar. V\u00e5rt 2-pack i elegant svart \u00e4r 22 cm h\u00f6j- och s\u00e4nkbart och passar d\u00e4rf\u00f6r till barbord i olika h\u00f6jder. En ytterligare f\u00f6rdel med barstolarna \u00e4r den ergonomiska formen p\u00e5 det l\u00e4tt flexibla ryggst\u00f6det samt den bekv\u00e4ma stoppningen av skumplast och n\u00e4tv\u00e4v. Dessutom \u00e4r de moderna sittm\u00f6blerna 360\u00b0 vridbara.  Om du beh\u00f6ver fler m\u00f6bler f\u00f6r att inreda nya vardagsrum, ta g\u00e4rna en titt p\u00e5 SONGMICS \u00f6vriga produkter. Produktdetaljer: &#8211; F\u00e4rg: Svart &#8211; Material: Ryggst\u00f6d: PP (polypropen) Sits: Skumplast, n\u00e4tv\u00e4v av polyester Sockel: Metall &#8211; Storlek: 40 x 42 x 85-107 cm (L x B x H) &#8211; Vikt per stol: 5,9 kg &#8211; Max. B\u00e4rf\u00f6rm\u00e5ga per stol: 120 kg Leveransomfattning: &#8211; 2 x barstol &#8211; 2 x tillbeh\u00f6rsp\u00e5se &#8211; 1 x bruksanvisning (EN, DE, ES, FR, IT) SONGMICS Anm\u00e4rkningar: &#8211; Reng\u00f6r n\u00e4tv\u00e4ven fr\u00e5n damm i god tid. &#8211; Se till att skruvarna p\u00e5 ryggst\u00f6det \u00e4r ordentligt \u00e5tdragna.<\/p>\n","protected":false},"excerpt":{"rendered":"<p>SONGMICS Barstolar, 2-pack, barstolar med justerbar h\u00f6jd och kronformad ryggst\u00f6d, 360\u00b0 vridbara, bekv\u00e4mt stoppad sits, k\u00f6k, bar, svart LJB04BK<\/p>\n","protected":false},"featured_media":42686,"comment_status":"open","ping_status":"closed","template":"","meta":[],"product_brand":[],"product_cat":[33],"product_tag":[],"class_list":{"0":"post-14781","1":"product","2":"type-product","3":"status-publish","4":"has-post-thumbnail","6":"product_cat-okategoriserad","8":"first","9":"instock","10":"shipping-taxable","11":"purchasable","12":"product-type-simple"},"_links":{"self":[{"href":"https:\/\/nordicmart.andreevmaster.com\/sv\/wp-json\/wp\/v2\/product\/14781","targetHints":{"allow":["GET"]}}],"collection":[{"href":"https:\/\/nordicmart.andreevmaster.com\/sv\/wp-json\/wp\/v2\/product"}],"about":[{"href":"https:\/\/nordicmart.andreevmaster.com\/sv\/wp-json\/wp\/v2\/types\/product"}],"replies":[{"embeddable":true,"href":"https:\/\/nordicmart.andreevmaster.com\/sv\/wp-json\/wp\/v2\/comments?post=14781"}],"wp:featuredmedia":[{"embeddable":true,"href":"https:\/\/nordicmart.andreevmaster.com\/sv\/wp-json\/wp\/v2\/media\/42686"}],"wp:attachment":[{"href":"https:\/\/nordicmart.andreevmaster.com\/sv\/wp-json\/wp\/v2\/media?parent=14781"}],"wp:term":[{"taxonomy":"product_brand","embeddable":true,"href":"https:\/\/nordicmart.andreevmaster.com\/sv\/wp-json\/wp\/v2\/product_brand?post=14781"},{"taxonomy":"product_cat","embeddable":true,"href":"https:\/\/nordicmart.andreevmaster.com\/sv\/wp-json\/wp\/v2\/product_cat?post=14781"},{"taxonomy":"product_tag","embeddable":true,"href":"https:\/\/nordicmart.andreevmaster.com\/sv\/wp-json\/wp\/v2\/product_tag?post=14781"}],"curies":[{"name":"wp","href":"https:\/\/api.w.org\/{rel}","templated":true}]}}