{"id":14780,"date":"2026-02-27T00:23:24","date_gmt":"2026-02-27T00:23:24","guid":{"rendered":"https:\/\/nordicmart.andreevmaster.com\/product\/vasagle-barstolar-2-pack-i-industriell-design\/"},"modified":"2026-02-27T08:15:25","modified_gmt":"2026-02-27T08:15:25","slug":"vasagle-barstolar-2-pack-i-industriell-design","status":"publish","type":"product","link":"https:\/\/nordicmart.andreevmaster.com\/sv\/produkt\/vasagle-barstolar-2-pack-i-industriell-design\/","title":{"rendered":"VASAGLE barstolar, 2-pack i industriell design"},"content":{"rendered":"<p>Produktdetaljer: F\u00e4rg: Vintagebrun-svart Material: Sp\u00e5nskiva, st\u00e5l Total storlek: 45 x 45 x 71 cm (L x B x H) Sitsstorlek: 31 x 31 cm (L x B) Vikt per stol: 5 kg Max. statisk belastningskapacitet per stol: 120 kgLeveransomfattning:2 x barstolar2 x tillbeh\u00f6rspaket1 x bruksanvisning (DE, EN, ES, FR, IT)VASAGLE Anm\u00e4rkningar:Av s\u00e4kerhetssk\u00e4l \u00e4r det f\u00f6rbjudet f\u00f6r barn att kl\u00e4ttra p\u00e5 eller leka med produkten.Detta barstols-set \u00e4r l\u00e4mpligt f\u00f6r barbord med en h\u00f6jd p\u00e5 104-109 cm.<\/p>\n","protected":false},"excerpt":{"rendered":"<p>VASAGLE barstolar, 2-pack, barstolar, matsalsstolar f\u00f6r k\u00f6ks\u00f6, bardisk, bar, med fotst\u00f6d, h\u00f6jd 71 cm vardera, industriell design, vintagebrun-svart LJB034B02<\/p>\n","protected":false},"featured_media":0,"comment_status":"open","ping_status":"closed","template":"","meta":[],"product_brand":[],"product_cat":[33],"product_tag":[],"class_list":{"0":"post-14780","1":"product","2":"type-product","3":"status-publish","5":"product_cat-okategoriserad","7":"first","8":"instock","9":"shipping-taxable","10":"purchasable","11":"product-type-simple"},"_links":{"self":[{"href":"https:\/\/nordicmart.andreevmaster.com\/sv\/wp-json\/wp\/v2\/product\/14780","targetHints":{"allow":["GET"]}}],"collection":[{"href":"https:\/\/nordicmart.andreevmaster.com\/sv\/wp-json\/wp\/v2\/product"}],"about":[{"href":"https:\/\/nordicmart.andreevmaster.com\/sv\/wp-json\/wp\/v2\/types\/product"}],"replies":[{"embeddable":true,"href":"https:\/\/nordicmart.andreevmaster.com\/sv\/wp-json\/wp\/v2\/comments?post=14780"}],"wp:attachment":[{"href":"https:\/\/nordicmart.andreevmaster.com\/sv\/wp-json\/wp\/v2\/media?parent=14780"}],"wp:term":[{"taxonomy":"product_brand","embeddable":true,"href":"https:\/\/nordicmart.andreevmaster.com\/sv\/wp-json\/wp\/v2\/product_brand?post=14780"},{"taxonomy":"product_cat","embeddable":true,"href":"https:\/\/nordicmart.andreevmaster.com\/sv\/wp-json\/wp\/v2\/product_cat?post=14780"},{"taxonomy":"product_tag","embeddable":true,"href":"https:\/\/nordicmart.andreevmaster.com\/sv\/wp-json\/wp\/v2\/product_tag?post=14780"}],"curies":[{"name":"wp","href":"https:\/\/api.w.org\/{rel}","templated":true}]}}