{"id":14776,"date":"2026-02-27T00:23:22","date_gmt":"2026-02-27T00:23:22","guid":{"rendered":"https:\/\/nordicmart.andreevmaster.com\/product\/songmics-barstol-svart\/"},"modified":"2026-02-27T08:15:24","modified_gmt":"2026-02-27T08:15:24","slug":"songmics-barstol-svart","status":"publish","type":"product","link":"https:\/\/nordicmart.andreevmaster.com\/sv\/produkt\/songmics-barstol-svart\/","title":{"rendered":"SONGMICS barstol svart"},"content":{"rendered":"<p>Komfort betyder inte bara att sitta p\u00e5 soffan i vardagsrummet. Tack vare dessa v\u00e4lstoppade barstolar fr\u00e5n SONGMICS, som har ett mjukt ryggst\u00f6d, praktiska armst\u00f6d och fotst\u00f6d, kan du nu ocks\u00e5 njuta av bekv\u00e4mlighet i ditt k\u00f6k. S\u00e4ker rotation De 360\u00b0 vridbara k\u00f6ksstolarna roterar smidigt och utan att wobbla. Sockeln har en stor diameter p\u00e5 41 cm och \u00e4r f\u00f6rsedd med en halkskyddsring av plast p\u00e5 undersidan. Detta garanterar s\u00e4ker anv\u00e4ndning och skyddar ditt golv fr\u00e5n repor. Elegans in i minsta detalj Den enkla profilen, det bekv\u00e4ma sammet\u00f6verdraget och den pulverlackerade metallkonstruktionen f\u00e5r inte bara denna produkt att lysa, utan ocks\u00e5 ditt k\u00f6k. \u00c4t frukost h\u00e4r med din \u00e4lskade, arbeta p\u00e5 datorn eller sk\u00e4nk upp ett glas vin till dina g\u00e4ster. Produktdetaljer: &#8211; F\u00e4rg: svart &#8211; Material: sammet, metall, skumplast &#8211; Storlek: 38 x 44,5 x (95-115) cm (L x B x H) &#8211; H\u00f6jd p\u00e5 justerbar sits: 62,5-82,5 cm &#8211; Storlek p\u00e5 sits: 38 x 44,5 cm (L x B) &#8211; H\u00f6jd p\u00e5 ryggst\u00f6d: 32 cm &#8211; Diameter p\u00e5 sockel: 41 cm &#8211; Vikt per stol: 9 kg- Max. statisk belastningskapacitet per barstol: 120 kgLeveransomfattning:- 2 x barstol- 2 x tillbeh\u00f6rspaket- 1 x bruksanvisning (DE, EN, FR, ES, IT)<\/p>\n","protected":false},"excerpt":{"rendered":"<p>SONGMICS barstolar, 2-pack barstolar, med sammetskl\u00e4dsel, h\u00f6jdjusterbara, k\u00f6ksstolar, snurrstolar med armst\u00f6d, ryggst\u00f6d och fotst\u00f6d, metall, m\u00f6rkgr\u00e5 LJB013G01<\/p>\n","protected":false},"featured_media":42682,"comment_status":"open","ping_status":"closed","template":"","meta":[],"product_brand":[],"product_cat":[33],"product_tag":[],"class_list":{"0":"post-14776","1":"product","2":"type-product","3":"status-publish","4":"has-post-thumbnail","6":"product_cat-okategoriserad","8":"first","9":"instock","10":"shipping-taxable","11":"purchasable","12":"product-type-simple"},"_links":{"self":[{"href":"https:\/\/nordicmart.andreevmaster.com\/sv\/wp-json\/wp\/v2\/product\/14776","targetHints":{"allow":["GET"]}}],"collection":[{"href":"https:\/\/nordicmart.andreevmaster.com\/sv\/wp-json\/wp\/v2\/product"}],"about":[{"href":"https:\/\/nordicmart.andreevmaster.com\/sv\/wp-json\/wp\/v2\/types\/product"}],"replies":[{"embeddable":true,"href":"https:\/\/nordicmart.andreevmaster.com\/sv\/wp-json\/wp\/v2\/comments?post=14776"}],"wp:featuredmedia":[{"embeddable":true,"href":"https:\/\/nordicmart.andreevmaster.com\/sv\/wp-json\/wp\/v2\/media\/42682"}],"wp:attachment":[{"href":"https:\/\/nordicmart.andreevmaster.com\/sv\/wp-json\/wp\/v2\/media?parent=14776"}],"wp:term":[{"taxonomy":"product_brand","embeddable":true,"href":"https:\/\/nordicmart.andreevmaster.com\/sv\/wp-json\/wp\/v2\/product_brand?post=14776"},{"taxonomy":"product_cat","embeddable":true,"href":"https:\/\/nordicmart.andreevmaster.com\/sv\/wp-json\/wp\/v2\/product_cat?post=14776"},{"taxonomy":"product_tag","embeddable":true,"href":"https:\/\/nordicmart.andreevmaster.com\/sv\/wp-json\/wp\/v2\/product_tag?post=14776"}],"curies":[{"name":"wp","href":"https:\/\/api.w.org\/{rel}","templated":true}]}}