{"id":14773,"date":"2026-02-27T00:23:22","date_gmt":"2026-02-27T00:23:22","guid":{"rendered":"https:\/\/nordicmart.andreevmaster.com\/product\/vasagle-barnhylla-leksaksskap-forvaringsskap\/"},"modified":"2026-02-27T08:15:23","modified_gmt":"2026-02-27T08:15:23","slug":"vasagle-barnhylla-leksaksskap-forvaringsskap","status":"publish","type":"product","link":"https:\/\/nordicmart.andreevmaster.com\/sv\/produkt\/vasagle-barnhylla-leksaksskap-forvaringsskap\/","title":{"rendered":"VASAGLE barnhylla, leksakssk\u00e5p, f\u00f6rvaringssk\u00e5p"},"content":{"rendered":"<p>VASAGLE Barnhylla, leksaksf\u00f6rvaring f\u00f6r barn, f\u00f6rvaringssk\u00e5p, leksakssk\u00e5p, f\u00f6rvaringsl\u00e5da med hjul, leksakshylla, f\u00f6r barnrum, 102 x 30 x 60 cm, vit LHS380W01<br \/>\nSpecifikationer:<\/p>\n<p>&#8211; M\u00e5tt: 30 x 102 x 60 cm (D x B x H)<br \/>\n&#8211; Vikt: 23,6 kg<br \/>\n&#8211; Max. statisk b\u00e4rf\u00f6rm\u00e5ga: 272 kg<br \/>\n&#8211; Material: MDF (medeldensitetsfiberplatta)<br \/>\n&#8211; F\u00e4rg: Beige<\/p>\n","protected":false},"excerpt":{"rendered":"<p>VASAGLE Barnhylla, leksaksf\u00f6rvaring f\u00f6r barn, f\u00f6rvaringssk\u00e5p, leksakssk\u00e5p, f\u00f6rvaringsl\u00e5da med hjul, leksakshylla, f\u00f6r barnrum, 102 x 30 x 60 cm, vit LHS380W01<\/p>\n","protected":false},"featured_media":42679,"comment_status":"open","ping_status":"closed","template":"","meta":[],"product_brand":[],"product_cat":[33],"product_tag":[],"class_list":{"0":"post-14773","1":"product","2":"type-product","3":"status-publish","4":"has-post-thumbnail","6":"product_cat-okategoriserad","8":"first","9":"instock","10":"shipping-taxable","11":"purchasable","12":"product-type-simple"},"_links":{"self":[{"href":"https:\/\/nordicmart.andreevmaster.com\/sv\/wp-json\/wp\/v2\/product\/14773","targetHints":{"allow":["GET"]}}],"collection":[{"href":"https:\/\/nordicmart.andreevmaster.com\/sv\/wp-json\/wp\/v2\/product"}],"about":[{"href":"https:\/\/nordicmart.andreevmaster.com\/sv\/wp-json\/wp\/v2\/types\/product"}],"replies":[{"embeddable":true,"href":"https:\/\/nordicmart.andreevmaster.com\/sv\/wp-json\/wp\/v2\/comments?post=14773"}],"wp:featuredmedia":[{"embeddable":true,"href":"https:\/\/nordicmart.andreevmaster.com\/sv\/wp-json\/wp\/v2\/media\/42679"}],"wp:attachment":[{"href":"https:\/\/nordicmart.andreevmaster.com\/sv\/wp-json\/wp\/v2\/media?parent=14773"}],"wp:term":[{"taxonomy":"product_brand","embeddable":true,"href":"https:\/\/nordicmart.andreevmaster.com\/sv\/wp-json\/wp\/v2\/product_brand?post=14773"},{"taxonomy":"product_cat","embeddable":true,"href":"https:\/\/nordicmart.andreevmaster.com\/sv\/wp-json\/wp\/v2\/product_cat?post=14773"},{"taxonomy":"product_tag","embeddable":true,"href":"https:\/\/nordicmart.andreevmaster.com\/sv\/wp-json\/wp\/v2\/product_tag?post=14773"}],"curies":[{"name":"wp","href":"https:\/\/api.w.org\/{rel}","templated":true}]}}