{"id":14761,"date":"2026-02-27T00:23:18","date_gmt":"2026-02-27T00:23:18","guid":{"rendered":"https:\/\/nordicmart.andreevmaster.com\/product\/vasagle-skobank-bank-med-forvaringsutrymme-stoppad\/"},"modified":"2026-02-27T08:15:21","modified_gmt":"2026-02-27T08:15:21","slug":"vasagle-skobank-bank-med-forvaringsutrymme-stoppad","status":"publish","type":"product","link":"https:\/\/nordicmart.andreevmaster.com\/sv\/produkt\/vasagle-skobank-bank-med-forvaringsutrymme-stoppad\/","title":{"rendered":"VASAGLE skob\u00e4nk, b\u00e4nk med f\u00f6rvaringsutrymme, stoppad"},"content":{"rendered":"<p>Sko- och sittb\u00e4nk med f\u00f6rvaringsutrymme, stoppad, 3 \u00f6ppna fack, naturbeige<br \/>\nProduktdetaljer:<br \/>\n&#8211; F\u00e4rg: naturbeige<br \/>\n&#8211; Material: sp\u00e5nskiva, skumplast, PU (polyuretan)<br \/>\n&#8211; Storlek: 30 x 80 x 44 cm (D x B x H)<br \/>\n&#8211; Vikt: 14,6 kg<br \/>\n&#8211; Max. statisk belastningskapacitet: 136 kg<\/p>\n<p>Leveransomfattning:<br \/>\n&#8211; 1 x b\u00e4nk med skohylla<br \/>\n&#8211; 1 x tillbeh\u00f6rspaket<br \/>\n&#8211; 1 x bruksanvisning<\/p>\n<p>VASAGLE Anm\u00e4rkningar:<br \/>\n&#8211; B\u00e4nkens maximala statiska belastningskapacitet \u00e4r 136 kg. \u00d6verskrid inte denna maximala vikt.<\/p>\n","protected":false},"excerpt":{"rendered":"<p>Sko- och sittb\u00e4nk med f\u00f6rvaringsutrymme, stoppad, 3 \u00f6ppna fack, naturbeige<\/p>\n","protected":false},"featured_media":42669,"comment_status":"open","ping_status":"closed","template":"","meta":[],"product_brand":[],"product_cat":[33],"product_tag":[],"class_list":{"0":"post-14761","1":"product","2":"type-product","3":"status-publish","4":"has-post-thumbnail","6":"product_cat-okategoriserad","8":"first","9":"instock","10":"shipping-taxable","11":"purchasable","12":"product-type-simple"},"_links":{"self":[{"href":"https:\/\/nordicmart.andreevmaster.com\/sv\/wp-json\/wp\/v2\/product\/14761","targetHints":{"allow":["GET"]}}],"collection":[{"href":"https:\/\/nordicmart.andreevmaster.com\/sv\/wp-json\/wp\/v2\/product"}],"about":[{"href":"https:\/\/nordicmart.andreevmaster.com\/sv\/wp-json\/wp\/v2\/types\/product"}],"replies":[{"embeddable":true,"href":"https:\/\/nordicmart.andreevmaster.com\/sv\/wp-json\/wp\/v2\/comments?post=14761"}],"wp:featuredmedia":[{"embeddable":true,"href":"https:\/\/nordicmart.andreevmaster.com\/sv\/wp-json\/wp\/v2\/media\/42669"}],"wp:attachment":[{"href":"https:\/\/nordicmart.andreevmaster.com\/sv\/wp-json\/wp\/v2\/media?parent=14761"}],"wp:term":[{"taxonomy":"product_brand","embeddable":true,"href":"https:\/\/nordicmart.andreevmaster.com\/sv\/wp-json\/wp\/v2\/product_brand?post=14761"},{"taxonomy":"product_cat","embeddable":true,"href":"https:\/\/nordicmart.andreevmaster.com\/sv\/wp-json\/wp\/v2\/product_cat?post=14761"},{"taxonomy":"product_tag","embeddable":true,"href":"https:\/\/nordicmart.andreevmaster.com\/sv\/wp-json\/wp\/v2\/product_tag?post=14761"}],"curies":[{"name":"wp","href":"https:\/\/api.w.org\/{rel}","templated":true}]}}