{"id":14760,"date":"2026-02-27T00:23:18","date_gmt":"2026-02-27T00:23:18","guid":{"rendered":"https:\/\/nordicmart.andreevmaster.com\/product\/vasagle-skobank-med-forvaringsutrymme-valstoppad-bank-med-3-oppna-fack\/"},"modified":"2026-02-27T08:15:21","modified_gmt":"2026-02-27T08:15:21","slug":"vasagle-skobank-med-forvaringsutrymme-valstoppad-bank-med-3-oppna-fack","status":"publish","type":"product","link":"https:\/\/nordicmart.andreevmaster.com\/sv\/produkt\/vasagle-skobank-med-forvaringsutrymme-valstoppad-bank-med-3-oppna-fack\/","title":{"rendered":"VASAGLE skob\u00e4nk med f\u00f6rvaringsutrymme, v\u00e4lstoppad, b\u00e4nk med 3 \u00f6ppna fack"},"content":{"rendered":"<p>Sko- och sittb\u00e4nk med f\u00f6rvaringsutrymme, stoppad, 3 \u00f6ppna fack, naturbeige<br \/>\nSpecifikationer:<\/p>\n<p>&#8211; M\u00e5tt: 30 x 80 x 44 cm (D x B x H)<br \/>\n&#8211; Vikt: 14,6 kg<br \/>\n&#8211; Max. statisk b\u00e4rf\u00f6rm\u00e5ga: 136 kg<br \/>\n&#8211; Material: sp\u00e5nskiva, skumplast, PU (polyuretan)<br \/>\n&#8211; F\u00e4rg: Svart<\/p>\n","protected":false},"excerpt":{"rendered":"<p>Sko- och sittb\u00e4nk med f\u00f6rvaringsutrymme, stoppad, 3 \u00f6ppna fack, naturbeige<\/p>\n","protected":false},"featured_media":42668,"comment_status":"open","ping_status":"closed","template":"","meta":[],"product_brand":[],"product_cat":[33],"product_tag":[],"class_list":{"0":"post-14760","1":"product","2":"type-product","3":"status-publish","4":"has-post-thumbnail","6":"product_cat-okategoriserad","8":"first","9":"instock","10":"shipping-taxable","11":"purchasable","12":"product-type-simple"},"_links":{"self":[{"href":"https:\/\/nordicmart.andreevmaster.com\/sv\/wp-json\/wp\/v2\/product\/14760","targetHints":{"allow":["GET"]}}],"collection":[{"href":"https:\/\/nordicmart.andreevmaster.com\/sv\/wp-json\/wp\/v2\/product"}],"about":[{"href":"https:\/\/nordicmart.andreevmaster.com\/sv\/wp-json\/wp\/v2\/types\/product"}],"replies":[{"embeddable":true,"href":"https:\/\/nordicmart.andreevmaster.com\/sv\/wp-json\/wp\/v2\/comments?post=14760"}],"wp:featuredmedia":[{"embeddable":true,"href":"https:\/\/nordicmart.andreevmaster.com\/sv\/wp-json\/wp\/v2\/media\/42668"}],"wp:attachment":[{"href":"https:\/\/nordicmart.andreevmaster.com\/sv\/wp-json\/wp\/v2\/media?parent=14760"}],"wp:term":[{"taxonomy":"product_brand","embeddable":true,"href":"https:\/\/nordicmart.andreevmaster.com\/sv\/wp-json\/wp\/v2\/product_brand?post=14760"},{"taxonomy":"product_cat","embeddable":true,"href":"https:\/\/nordicmart.andreevmaster.com\/sv\/wp-json\/wp\/v2\/product_cat?post=14760"},{"taxonomy":"product_tag","embeddable":true,"href":"https:\/\/nordicmart.andreevmaster.com\/sv\/wp-json\/wp\/v2\/product_tag?post=14760"}],"curies":[{"name":"wp","href":"https:\/\/api.w.org\/{rel}","templated":true}]}}