{"id":14752,"date":"2026-02-27T00:23:15","date_gmt":"2026-02-27T00:23:15","guid":{"rendered":"https:\/\/nordicmart.andreevmaster.com\/product\/vasagle-skobank-skohylla-sittbank\/"},"modified":"2026-02-27T08:15:19","modified_gmt":"2026-02-27T08:15:19","slug":"vasagle-skobank-skohylla-sittbank","status":"publish","type":"product","link":"https:\/\/nordicmart.andreevmaster.com\/sv\/produkt\/vasagle-skobank-skohylla-sittbank\/","title":{"rendered":"VASAGLE skob\u00e4nk, skohylla, sittb\u00e4nk"},"content":{"rendered":"<p>VASAGLE skob\u00e4nk, skost\u00e4ll med sittplats, b\u00e4nk med f\u00f6rvaringsutrymme, kudde, 9 fack, justerbara hyllor, f\u00f6r vardagsrum, hall, 30,3 x 78,5 x 48 cm, vintagebrun LHS009B01<br \/>\nSpecifikationer:<\/p>\n<p>&#8211; M\u00e5tt: 30,1 x 104,1 x 48,1 cm (D x B x H)<br \/>\n&#8211; Vikt: 20,8 kg<br \/>\n&#8211; Max. statisk b\u00e4rf\u00f6rm\u00e5ga f\u00f6r sitsen: 150 kg<br \/>\n&#8211; Material: sp\u00e5nskiva, skumplast, kl\u00e4dsel av imiterat linne<br \/>\n&#8211; F\u00e4rg: svart<\/p>\n","protected":false},"excerpt":{"rendered":"<p>VASAGLE skob\u00e4nk, skost\u00e4ll med sittplats, b\u00e4nk med f\u00f6rvaringsutrymme, kudde, 9 fack, justerbara hyllor, f\u00f6r vardagsrum, hall, 30,3 x 78,5 x 48 cm, vintagebrun LHS009B01<\/p>\n","protected":false},"featured_media":42660,"comment_status":"open","ping_status":"closed","template":"","meta":[],"product_brand":[],"product_cat":[33],"product_tag":[],"class_list":{"0":"post-14752","1":"product","2":"type-product","3":"status-publish","4":"has-post-thumbnail","6":"product_cat-okategoriserad","8":"first","9":"instock","10":"shipping-taxable","11":"purchasable","12":"product-type-simple"},"_links":{"self":[{"href":"https:\/\/nordicmart.andreevmaster.com\/sv\/wp-json\/wp\/v2\/product\/14752","targetHints":{"allow":["GET"]}}],"collection":[{"href":"https:\/\/nordicmart.andreevmaster.com\/sv\/wp-json\/wp\/v2\/product"}],"about":[{"href":"https:\/\/nordicmart.andreevmaster.com\/sv\/wp-json\/wp\/v2\/types\/product"}],"replies":[{"embeddable":true,"href":"https:\/\/nordicmart.andreevmaster.com\/sv\/wp-json\/wp\/v2\/comments?post=14752"}],"wp:featuredmedia":[{"embeddable":true,"href":"https:\/\/nordicmart.andreevmaster.com\/sv\/wp-json\/wp\/v2\/media\/42660"}],"wp:attachment":[{"href":"https:\/\/nordicmart.andreevmaster.com\/sv\/wp-json\/wp\/v2\/media?parent=14752"}],"wp:term":[{"taxonomy":"product_brand","embeddable":true,"href":"https:\/\/nordicmart.andreevmaster.com\/sv\/wp-json\/wp\/v2\/product_brand?post=14752"},{"taxonomy":"product_cat","embeddable":true,"href":"https:\/\/nordicmart.andreevmaster.com\/sv\/wp-json\/wp\/v2\/product_cat?post=14752"},{"taxonomy":"product_tag","embeddable":true,"href":"https:\/\/nordicmart.andreevmaster.com\/sv\/wp-json\/wp\/v2\/product_tag?post=14752"}],"curies":[{"name":"wp","href":"https:\/\/api.w.org\/{rel}","templated":true}]}}