{"id":14746,"date":"2026-02-27T00:23:14","date_gmt":"2026-02-27T00:23:14","guid":{"rendered":"https:\/\/nordicmart.andreevmaster.com\/product\/vasagle-barnhylla-med-hjul-30-x-102-x-60-cm-pastellrosa\/"},"modified":"2026-02-27T08:15:18","modified_gmt":"2026-02-27T08:15:18","slug":"vasagle-barnhylla-med-hjul-30-x-102-x-60-cm-pastellrosa","status":"publish","type":"product","link":"https:\/\/nordicmart.andreevmaster.com\/sv\/produkt\/vasagle-barnhylla-med-hjul-30-x-102-x-60-cm-pastellrosa\/","title":{"rendered":"VASAGLE Barnhylla med hjul 30 x 102 x 60 cm pastellrosa"},"content":{"rendered":"<p>VASAGLE barnhylla, leksaksf\u00f6rvaring f\u00f6r barn, f\u00f6rvaringssk\u00e5p, leksakssk\u00e5p, f\u00f6rvaringsbox med hjul, leksakshylla, f\u00f6r barnrum, 102 x 30 x 60 cm, vit LHS380W01<br \/>\nF\u00e4rg: Pastellrosa<br \/>\nMaterial: MDF (medeldensitetsfiberplatta)<br \/>\nStorlek: 30 x 102 x 60 cm (D x B x H)<br \/>\nVikt: 23,6 kg<br \/>\nMax. statisk belastningskapacitet f\u00f6r ytan: 272 kg<\/p>\n","protected":false},"excerpt":{"rendered":"<p>VASAGLE barnhylla, leksaksf\u00f6rvaring f\u00f6r barn, f\u00f6rvaringssk\u00e5p, leksakssk\u00e5p, f\u00f6rvaringsbox med hjul, leksakshylla, f\u00f6r barnrum, 102 x 30 x 60 cm, vit LHS380W01<\/p>\n","protected":false},"featured_media":42654,"comment_status":"open","ping_status":"closed","template":"","meta":[],"product_brand":[],"product_cat":[33],"product_tag":[],"class_list":{"0":"post-14746","1":"product","2":"type-product","3":"status-publish","4":"has-post-thumbnail","6":"product_cat-okategoriserad","8":"first","9":"instock","10":"shipping-taxable","11":"purchasable","12":"product-type-simple"},"_links":{"self":[{"href":"https:\/\/nordicmart.andreevmaster.com\/sv\/wp-json\/wp\/v2\/product\/14746","targetHints":{"allow":["GET"]}}],"collection":[{"href":"https:\/\/nordicmart.andreevmaster.com\/sv\/wp-json\/wp\/v2\/product"}],"about":[{"href":"https:\/\/nordicmart.andreevmaster.com\/sv\/wp-json\/wp\/v2\/types\/product"}],"replies":[{"embeddable":true,"href":"https:\/\/nordicmart.andreevmaster.com\/sv\/wp-json\/wp\/v2\/comments?post=14746"}],"wp:featuredmedia":[{"embeddable":true,"href":"https:\/\/nordicmart.andreevmaster.com\/sv\/wp-json\/wp\/v2\/media\/42654"}],"wp:attachment":[{"href":"https:\/\/nordicmart.andreevmaster.com\/sv\/wp-json\/wp\/v2\/media?parent=14746"}],"wp:term":[{"taxonomy":"product_brand","embeddable":true,"href":"https:\/\/nordicmart.andreevmaster.com\/sv\/wp-json\/wp\/v2\/product_brand?post=14746"},{"taxonomy":"product_cat","embeddable":true,"href":"https:\/\/nordicmart.andreevmaster.com\/sv\/wp-json\/wp\/v2\/product_cat?post=14746"},{"taxonomy":"product_tag","embeddable":true,"href":"https:\/\/nordicmart.andreevmaster.com\/sv\/wp-json\/wp\/v2\/product_tag?post=14746"}],"curies":[{"name":"wp","href":"https:\/\/api.w.org\/{rel}","templated":true}]}}