{"id":14743,"date":"2026-02-27T00:23:13","date_gmt":"2026-02-27T00:23:13","guid":{"rendered":"https:\/\/nordicmart.andreevmaster.com\/product\/vasagle-kladda-skobank-3-fack-vit\/"},"modified":"2026-02-27T08:15:17","modified_gmt":"2026-02-27T08:15:17","slug":"vasagle-kladda-skobank-3-fack-vit","status":"publish","type":"product","link":"https:\/\/nordicmart.andreevmaster.com\/sv\/produkt\/vasagle-kladda-skobank-3-fack-vit\/","title":{"rendered":"VASAGLE Kl\u00e4dda skob\u00e4nk 3 fack Vit"},"content":{"rendered":"<p>F\u00e5 ordning i ditt hem! V\u00e5ra l\u00e4genheter saknar oftast utrymme f\u00f6r alla v\u00e5ra saker. Denna vackra hallm\u00f6bel kommer att f\u00f6renkla ditt liv genom att erbjuda dig ett diskret f\u00f6rvaringsutrymme f\u00f6r hela familjen. Denna skob\u00e4nk g\u00f6r det m\u00f6jligt f\u00f6r dig att f\u00f6rvara dina skor p\u00e5 den plats som passar dig b\u00e4st, samtidigt som du sitter bekv\u00e4mt. Det \u00e4r den perfekta m\u00f6beln som \u00e4ven f\u00e5r barn att st\u00e4da undan sina skor ordentligt. Du kan f\u00f6rvara 6 till 8 par skor och under b\u00e4nken finns en kista d\u00e4r du kan f\u00f6rvara skoh\u00e5lare, skokr\u00e4m, borstar etc.  V\u00e4nta inte l\u00e4ngre och skaffa denna anv\u00e4ndbara m\u00f6bel! V\u00e5r utm\u00e4rkta kundtj\u00e4nst st\u00e5r till ditt f\u00f6rfogande f\u00f6re och efter ditt k\u00f6p och besvarar dina fr\u00e5gor via e-post inom 24 timmar. V\u00e5r prioritet \u00e4r din fullst\u00e4ndiga tillfredsst\u00e4llelse. V\u00e4lj VASAGLE och vi garanterar dig kvalitet! Produktdetaljer: &#8211; F\u00e4rg: vit &#8211; Material: sp\u00e5nskiva, skumplast, PU &#8211; M\u00e5tt: 80 x 44 x 30 cm (B x H x D) &#8211; Vikt: 15,9 kg &#8211; Belastningskapacitet: 150 kg Leveransomfattning: &#8211; 1 x sittkista &#8211; 1 x instruktionsbok (DE, EN, FR, ES, IT) &#8211; 1 x beslagsp\u00e5se<\/p>\n","protected":false},"excerpt":{"rendered":"<p>VASAGLE Skob\u00e4nk med sittdyna, 3 fack, skob\u00e4nk med sittyta, 2 steg, hallm\u00f6bel, vit, maximal belastning 150 kg LHS30W<\/p>\n","protected":false},"featured_media":42651,"comment_status":"open","ping_status":"closed","template":"","meta":[],"product_brand":[],"product_cat":[33],"product_tag":[],"class_list":{"0":"post-14743","1":"product","2":"type-product","3":"status-publish","4":"has-post-thumbnail","6":"product_cat-okategoriserad","8":"first","9":"instock","10":"shipping-taxable","11":"purchasable","12":"product-type-simple"},"_links":{"self":[{"href":"https:\/\/nordicmart.andreevmaster.com\/sv\/wp-json\/wp\/v2\/product\/14743","targetHints":{"allow":["GET"]}}],"collection":[{"href":"https:\/\/nordicmart.andreevmaster.com\/sv\/wp-json\/wp\/v2\/product"}],"about":[{"href":"https:\/\/nordicmart.andreevmaster.com\/sv\/wp-json\/wp\/v2\/types\/product"}],"replies":[{"embeddable":true,"href":"https:\/\/nordicmart.andreevmaster.com\/sv\/wp-json\/wp\/v2\/comments?post=14743"}],"wp:featuredmedia":[{"embeddable":true,"href":"https:\/\/nordicmart.andreevmaster.com\/sv\/wp-json\/wp\/v2\/media\/42651"}],"wp:attachment":[{"href":"https:\/\/nordicmart.andreevmaster.com\/sv\/wp-json\/wp\/v2\/media?parent=14743"}],"wp:term":[{"taxonomy":"product_brand","embeddable":true,"href":"https:\/\/nordicmart.andreevmaster.com\/sv\/wp-json\/wp\/v2\/product_brand?post=14743"},{"taxonomy":"product_cat","embeddable":true,"href":"https:\/\/nordicmart.andreevmaster.com\/sv\/wp-json\/wp\/v2\/product_cat?post=14743"},{"taxonomy":"product_tag","embeddable":true,"href":"https:\/\/nordicmart.andreevmaster.com\/sv\/wp-json\/wp\/v2\/product_tag?post=14743"}],"curies":[{"name":"wp","href":"https:\/\/api.w.org\/{rel}","templated":true}]}}