{"id":14742,"date":"2026-02-27T00:23:13","date_gmt":"2026-02-27T00:23:13","guid":{"rendered":"https:\/\/nordicmart.andreevmaster.com\/product\/vasagle-skobank-med-3-fack\/"},"modified":"2026-02-27T08:15:17","modified_gmt":"2026-02-27T08:15:17","slug":"vasagle-skobank-med-3-fack","status":"publish","type":"product","link":"https:\/\/nordicmart.andreevmaster.com\/sv\/produkt\/vasagle-skobank-med-3-fack\/","title":{"rendered":"VASAGLE skob\u00e4nk med 3 fack"},"content":{"rendered":"<p>Letar du efter en b\u00e4nk f\u00f6r att kunna ta p\u00e5 dig skorna bekv\u00e4mt? M\u00e5ste du b\u00f6ja dig obekv\u00e4mt djupt eller anv\u00e4nda en v\u00e4gg som st\u00f6d varje g\u00e5ng du tar p\u00e5 dig skorna? Letar du efter en skob\u00e4nk f\u00f6r en liten hall? Denna sittb\u00e4nk kommer till din hj\u00e4lp! Kompakt och utrymmesbesparande \u2013 den passar perfekt i alla h\u00f6rn. S\u00e4tt dig p\u00e5 denna skob\u00e4nk och ta p\u00e5 dig skorna bekv\u00e4mt i hallen. Inget skokos mer Ligger dina skor utspridda p\u00e5 golvet och ser din hall ut som ett slagf\u00e4lt? S\u00e4tt stopp f\u00f6r skokoset med hj\u00e4lp av denna praktiska skohylla! De 3 \u00f6ppna facken erbjuder gott om plats f\u00f6r dina sneakers, sandaler, h\u00f6gklackade skor, st\u00f6vletter etc. Produktdetaljer: &#8211; F\u00e4rg: M\u00f6rkbrun\/Vintage &#8211; Material: E1-klassad sp\u00e5nskiva, skumplast, PU &#8211; Storlek: 80 x 30 x 44 cm (L x B x H) &#8211; Vikt: 15,9 kg &#8211; Max. statisk belastningskapacitet: 150 kg Leveransomfattning: &#8211; 1 x skob\u00e4nk &#8211; 1 x tillbeh\u00f6rsp\u00e5se &#8211; 1 x bruksanvisning (DE, EN, FR, ES, IT)<\/p>\n","protected":false},"excerpt":{"rendered":"<p>VASAGLE Skob\u00e4nk med sittdyna, 3 fack, skob\u00e4nk med sittyta, 2 steg, hallm\u00f6bel, vit, maximal belastning 150 kg LHS30W<\/p>\n","protected":false},"featured_media":42650,"comment_status":"open","ping_status":"closed","template":"","meta":[],"product_brand":[],"product_cat":[33],"product_tag":[],"class_list":{"0":"post-14742","1":"product","2":"type-product","3":"status-publish","4":"has-post-thumbnail","6":"product_cat-okategoriserad","8":"first","9":"instock","10":"shipping-taxable","11":"purchasable","12":"product-type-simple"},"_links":{"self":[{"href":"https:\/\/nordicmart.andreevmaster.com\/sv\/wp-json\/wp\/v2\/product\/14742","targetHints":{"allow":["GET"]}}],"collection":[{"href":"https:\/\/nordicmart.andreevmaster.com\/sv\/wp-json\/wp\/v2\/product"}],"about":[{"href":"https:\/\/nordicmart.andreevmaster.com\/sv\/wp-json\/wp\/v2\/types\/product"}],"replies":[{"embeddable":true,"href":"https:\/\/nordicmart.andreevmaster.com\/sv\/wp-json\/wp\/v2\/comments?post=14742"}],"wp:featuredmedia":[{"embeddable":true,"href":"https:\/\/nordicmart.andreevmaster.com\/sv\/wp-json\/wp\/v2\/media\/42650"}],"wp:attachment":[{"href":"https:\/\/nordicmart.andreevmaster.com\/sv\/wp-json\/wp\/v2\/media?parent=14742"}],"wp:term":[{"taxonomy":"product_brand","embeddable":true,"href":"https:\/\/nordicmart.andreevmaster.com\/sv\/wp-json\/wp\/v2\/product_brand?post=14742"},{"taxonomy":"product_cat","embeddable":true,"href":"https:\/\/nordicmart.andreevmaster.com\/sv\/wp-json\/wp\/v2\/product_cat?post=14742"},{"taxonomy":"product_tag","embeddable":true,"href":"https:\/\/nordicmart.andreevmaster.com\/sv\/wp-json\/wp\/v2\/product_tag?post=14742"}],"curies":[{"name":"wp","href":"https:\/\/api.w.org\/{rel}","templated":true}]}}