{"id":14740,"date":"2026-02-27T00:23:12","date_gmt":"2026-02-27T00:23:12","guid":{"rendered":"https:\/\/nordicmart.andreevmaster.com\/product\/vasagle-skobank-med-6-fack\/"},"modified":"2026-02-27T08:15:17","modified_gmt":"2026-02-27T08:15:17","slug":"vasagle-skobank-med-6-fack","status":"publish","type":"product","link":"https:\/\/nordicmart.andreevmaster.com\/sv\/produkt\/vasagle-skobank-med-6-fack\/","title":{"rendered":"VASAGLE skob\u00e4nk med 6 fack"},"content":{"rendered":"<p>Ett smycke f\u00f6r ordnings\u00e4lskare Denna skob\u00e4nk hj\u00e4lper dig att skapa en ordnad atmosf\u00e4r i ditt hem, s\u00e5 att du inte beh\u00f6ver sl\u00f6sa timmar p\u00e5 att leta efter skor eller andra f\u00f6rem\u00e5l. Den vadderade sitsen \u00e4r ett extra plus f\u00f6r b\u00e4nken som inbjuder till avkoppling. Inte bara f\u00f6r din hall Denna skohylla beh\u00f6ver inte n\u00f6dv\u00e4ndigtvis placeras i din hall. Den passar ocks\u00e5 utm\u00e4rkt i lekrum, arbetsrum fulla av b\u00f6cker eller vardagsrum d\u00e4r det saknas en sittplats. Oavsett var du placerar denna p\u00e4rla r\u00e4ddar den dig fr\u00e5n kaos och oreda \u00f6verallt. Produktdetaljer:- F\u00e4rg: Vit &#8211; Material: E1-klass MDF, skumplast &#8211; Storlek: 87 x 30 x 48 cm (L x B x H) &#8211; Vikt: 14,5 kg &#8211; Max. statisk belastningsf\u00f6rm\u00e5ga: 200 kg Leveransomfattning: &#8211; 1 x skob\u00e4nk &#8211; 1 x tillbeh\u00f6rspaket &#8211; 1 x bruksanvisning (DE, EN, ES, FR, IT)<\/p>\n","protected":false},"excerpt":{"rendered":"<p>VASAGLE skob\u00e4nk, skost\u00e4ll med 6 fack och 3 justerbara hyllor, skosk\u00e5p, hall, vardagsrum, enkel montering, platsbesparande, vit LHS23WT<\/p>\n","protected":false},"featured_media":42648,"comment_status":"open","ping_status":"closed","template":"","meta":[],"product_brand":[],"product_cat":[33],"product_tag":[],"class_list":{"0":"post-14740","1":"product","2":"type-product","3":"status-publish","4":"has-post-thumbnail","6":"product_cat-okategoriserad","8":"first","9":"instock","10":"shipping-taxable","11":"purchasable","12":"product-type-simple"},"_links":{"self":[{"href":"https:\/\/nordicmart.andreevmaster.com\/sv\/wp-json\/wp\/v2\/product\/14740","targetHints":{"allow":["GET"]}}],"collection":[{"href":"https:\/\/nordicmart.andreevmaster.com\/sv\/wp-json\/wp\/v2\/product"}],"about":[{"href":"https:\/\/nordicmart.andreevmaster.com\/sv\/wp-json\/wp\/v2\/types\/product"}],"replies":[{"embeddable":true,"href":"https:\/\/nordicmart.andreevmaster.com\/sv\/wp-json\/wp\/v2\/comments?post=14740"}],"wp:featuredmedia":[{"embeddable":true,"href":"https:\/\/nordicmart.andreevmaster.com\/sv\/wp-json\/wp\/v2\/media\/42648"}],"wp:attachment":[{"href":"https:\/\/nordicmart.andreevmaster.com\/sv\/wp-json\/wp\/v2\/media?parent=14740"}],"wp:term":[{"taxonomy":"product_brand","embeddable":true,"href":"https:\/\/nordicmart.andreevmaster.com\/sv\/wp-json\/wp\/v2\/product_brand?post=14740"},{"taxonomy":"product_cat","embeddable":true,"href":"https:\/\/nordicmart.andreevmaster.com\/sv\/wp-json\/wp\/v2\/product_cat?post=14740"},{"taxonomy":"product_tag","embeddable":true,"href":"https:\/\/nordicmart.andreevmaster.com\/sv\/wp-json\/wp\/v2\/product_tag?post=14740"}],"curies":[{"name":"wp","href":"https:\/\/api.w.org\/{rel}","templated":true}]}}