{"id":14739,"date":"2026-02-27T00:23:12","date_gmt":"2026-02-27T00:23:12","guid":{"rendered":"https:\/\/nordicmart.andreevmaster.com\/product\/vasagle-skobank-med-4-fack-molnvit-duvgra\/"},"modified":"2026-02-27T08:15:16","modified_gmt":"2026-02-27T08:15:16","slug":"vasagle-skobank-med-4-fack-molnvit-duvgra","status":"publish","type":"product","link":"https:\/\/nordicmart.andreevmaster.com\/sv\/produkt\/vasagle-skobank-med-4-fack-molnvit-duvgra\/","title":{"rendered":"VASAGLE skob\u00e4nk med 4 fack molnvit-duvgr\u00e5"},"content":{"rendered":"<p>VASAGLE skob\u00e4nk, sittb\u00e4nk, skoorganiserare med 6 fack och 3 justerbara hyllor, vadderat kudde, f\u00f6r hall, vardagsrum och sovrum, vintagebrun-kastanjebrun LHS023K03<br \/>\nF\u00e4rg: Molnvit-duvgr\u00e5<br \/>\nMaterial: Sp\u00e5nskiva, skumplast<br \/>\nStorlek: 30,5 x 59,6 x 48 cm (D x B x H)<br \/>\nVikt: 10,3 kg<br \/>\nMax. total statisk belastningskapacitet: 136 kg<\/p>\n","protected":false},"excerpt":{"rendered":"<p>VASAGLE skob\u00e4nk, sittb\u00e4nk, skoorganiserare med 6 fack och 3 justerbara hyllor, vadderat kudde, f\u00f6r hall, vardagsrum och sovrum, vintagebrun-kastanjebrun LHS023K03<\/p>\n","protected":false},"featured_media":42647,"comment_status":"open","ping_status":"closed","template":"","meta":[],"product_brand":[],"product_cat":[33],"product_tag":[],"class_list":{"0":"post-14739","1":"product","2":"type-product","3":"status-publish","4":"has-post-thumbnail","6":"product_cat-okategoriserad","8":"first","9":"instock","10":"shipping-taxable","11":"purchasable","12":"product-type-simple"},"_links":{"self":[{"href":"https:\/\/nordicmart.andreevmaster.com\/sv\/wp-json\/wp\/v2\/product\/14739","targetHints":{"allow":["GET"]}}],"collection":[{"href":"https:\/\/nordicmart.andreevmaster.com\/sv\/wp-json\/wp\/v2\/product"}],"about":[{"href":"https:\/\/nordicmart.andreevmaster.com\/sv\/wp-json\/wp\/v2\/types\/product"}],"replies":[{"embeddable":true,"href":"https:\/\/nordicmart.andreevmaster.com\/sv\/wp-json\/wp\/v2\/comments?post=14739"}],"wp:featuredmedia":[{"embeddable":true,"href":"https:\/\/nordicmart.andreevmaster.com\/sv\/wp-json\/wp\/v2\/media\/42647"}],"wp:attachment":[{"href":"https:\/\/nordicmart.andreevmaster.com\/sv\/wp-json\/wp\/v2\/media?parent=14739"}],"wp:term":[{"taxonomy":"product_brand","embeddable":true,"href":"https:\/\/nordicmart.andreevmaster.com\/sv\/wp-json\/wp\/v2\/product_brand?post=14739"},{"taxonomy":"product_cat","embeddable":true,"href":"https:\/\/nordicmart.andreevmaster.com\/sv\/wp-json\/wp\/v2\/product_cat?post=14739"},{"taxonomy":"product_tag","embeddable":true,"href":"https:\/\/nordicmart.andreevmaster.com\/sv\/wp-json\/wp\/v2\/product_tag?post=14739"}],"curies":[{"name":"wp","href":"https:\/\/api.w.org\/{rel}","templated":true}]}}