{"id":14737,"date":"2026-02-27T00:23:11","date_gmt":"2026-02-27T00:23:11","guid":{"rendered":"https:\/\/nordicmart.andreevmaster.com\/product\/vasagle-skobank-med-2-oppna-fack\/"},"modified":"2026-02-27T08:15:16","modified_gmt":"2026-02-27T08:15:16","slug":"vasagle-skobank-med-2-oppna-fack","status":"publish","type":"product","link":"https:\/\/nordicmart.andreevmaster.com\/sv\/produkt\/vasagle-skobank-med-2-oppna-fack\/","title":{"rendered":"VASAGLE skob\u00e4nk med 2 \u00f6ppna fack"},"content":{"rendered":"<p>En optimal sittplats Ist\u00e4llet f\u00f6r att hoppa runt p\u00e5 ett ben genom l\u00e4genheten eller sitta obekv\u00e4mt p\u00e5 golvet n\u00e4r du tar p\u00e5 dig skorna, \u00e4r det s\u00e4kert bekv\u00e4mare att s\u00e4tta sig p\u00e5 denna stoppade b\u00e4nk och ta p\u00e5 sig sneakersen i lugn och ro. Denna skob\u00e4nk \u00e4r tillverkad av slitstarkt E1-klassat tr\u00e4material och har en v\u00e4l vadderad sittyta som ger dig ett starkt och bekv\u00e4mt st\u00f6d. Utnyttjar sm\u00e5 utrymmen optimalt Kompakt, men \u00e4nd\u00e5 rymlig! Denna skob\u00e4nk p\u00e5 100 x 30 x 48 cm hj\u00e4lper dig att f\u00f6rvara saker ordentligt och h\u00e5lla kaoset i schack. Du kan placera den i hallen, vardagsrummet, barnrummet eller vid fot\u00e4nden av s\u00e4ngen f\u00f6r att f\u00f6rvara skor, tidningar, v\u00e4skor och leksaker. Produktdetaljer: &#8211; F\u00e4rg: Vit, sittkl\u00e4dsel i gr\u00e5tt &#8211; Material: E1-klassad sp\u00e5nskiva, skumplaststoppning, sittkl\u00e4dsel i imiterat linne &#8211; Storlek: 100 x 30 x 48 cm (L x B x H) &#8211; Vikt: 16,5 kg &#8211; Max. statisk belastningsf\u00f6rm\u00e5ga: 200 kg Leveransomfattning:- 1 x skob\u00e4nk &#8211; 1 x tillbeh\u00f6rspaket &#8211; 1 x bruksanvisning (DE, EN, FR, ES, IT)<\/p>\n","protected":false},"excerpt":{"rendered":"<p>VASAGLE skob\u00e4nk, b\u00e4nk, 2 \u00f6ppna fack, ETT st\u00e4ngt fack under locket, skohylla, vadderad sits, hall, sovrum och entr\u00e9, 100 x 30 x 48 cm, vit LHS21WT<\/p>\n","protected":false},"featured_media":42645,"comment_status":"open","ping_status":"closed","template":"","meta":[],"product_brand":[],"product_cat":[33],"product_tag":[],"class_list":{"0":"post-14737","1":"product","2":"type-product","3":"status-publish","4":"has-post-thumbnail","6":"product_cat-okategoriserad","8":"first","9":"instock","10":"shipping-taxable","11":"purchasable","12":"product-type-simple"},"_links":{"self":[{"href":"https:\/\/nordicmart.andreevmaster.com\/sv\/wp-json\/wp\/v2\/product\/14737","targetHints":{"allow":["GET"]}}],"collection":[{"href":"https:\/\/nordicmart.andreevmaster.com\/sv\/wp-json\/wp\/v2\/product"}],"about":[{"href":"https:\/\/nordicmart.andreevmaster.com\/sv\/wp-json\/wp\/v2\/types\/product"}],"replies":[{"embeddable":true,"href":"https:\/\/nordicmart.andreevmaster.com\/sv\/wp-json\/wp\/v2\/comments?post=14737"}],"wp:featuredmedia":[{"embeddable":true,"href":"https:\/\/nordicmart.andreevmaster.com\/sv\/wp-json\/wp\/v2\/media\/42645"}],"wp:attachment":[{"href":"https:\/\/nordicmart.andreevmaster.com\/sv\/wp-json\/wp\/v2\/media?parent=14737"}],"wp:term":[{"taxonomy":"product_brand","embeddable":true,"href":"https:\/\/nordicmart.andreevmaster.com\/sv\/wp-json\/wp\/v2\/product_brand?post=14737"},{"taxonomy":"product_cat","embeddable":true,"href":"https:\/\/nordicmart.andreevmaster.com\/sv\/wp-json\/wp\/v2\/product_cat?post=14737"},{"taxonomy":"product_tag","embeddable":true,"href":"https:\/\/nordicmart.andreevmaster.com\/sv\/wp-json\/wp\/v2\/product_tag?post=14737"}],"curies":[{"name":"wp","href":"https:\/\/api.w.org\/{rel}","templated":true}]}}