{"id":14736,"date":"2026-02-27T00:23:11","date_gmt":"2026-02-27T00:23:11","guid":{"rendered":"https:\/\/nordicmart.andreevmaster.com\/product\/vasagle-paddad-skobank-2-fack-vit\/"},"modified":"2026-02-27T08:15:16","modified_gmt":"2026-02-27T08:15:16","slug":"vasagle-paddad-skobank-2-fack-vit","status":"publish","type":"product","link":"https:\/\/nordicmart.andreevmaster.com\/sv\/produkt\/vasagle-paddad-skobank-2-fack-vit\/","title":{"rendered":"VASAGLE Paddad skob\u00e4nk 2 fack Vit"},"content":{"rendered":"<p>Vill du ha en sittplats i hallen d\u00e4r du bekv\u00e4mt kan ta p\u00e5 dig skorna? Och helst med f\u00f6rvaringsutrymme under b\u00e4nken? D\u00e5 \u00e4r VASAGLE skob\u00e4nk perfekt f\u00f6r dig! Med j\u00e4mn viktf\u00f6rdelning t\u00e5l den max 150 kg, s\u00e5 att tv\u00e5 personer kan sitta p\u00e5 den. Den stoppade sitsen \u00e4r bekv\u00e4m att sitta p\u00e5 och l\u00e4tt att reng\u00f6ra. F\u00f6rutom det nedre f\u00f6rvaringsutrymmet f\u00f6r dina skor finns det ocks\u00e5 ett f\u00f6rvaringsfack under sitsen, som \u00e4r perfekt f\u00f6r diverse tillbeh\u00f6r, t.ex. skoputsningsmaterial. Den kan anv\u00e4ndas i hallen, vardagsrummet, sovrummet eller p\u00e5 balkongen. H\u00e4r finns fler id\u00e9er. Med VASAGLE skob\u00e4nk kommer du att ha gl\u00e4dje av ditt k\u00f6p i m\u00e5nga \u00e5r. Produktdetaljer: &#8211; F\u00e4rg: mattvit &#8211; Material: sp\u00e5nskiva, skumplast (kudde), PU (sittkl\u00e4dsel), plast (golvglidare) &#8211; Produktstorlek: 60 x 30 x 44 cm (B x D x H) &#8211; F\u00f6rpackningsstorlek: 73 x 47,5 x 17 cm &#8211; Nettovikt: 12,2 kg Leveransomfattning &#8211; 1 x skob\u00e4nk &#8211; 1 x bruksanvisning &#8211; 1 x tillbeh\u00f6rsp\u00e5se (utan skruvmejsel)<\/p>\n","protected":false},"excerpt":{"rendered":"<p>VASAGLE Skob\u00e4nk, skost\u00e4ll med lock och vadderad sits, skoorganiserare med 2 fack, 60 x 30 x 44 cm, vit LHS20WT<\/p>\n","protected":false},"featured_media":42644,"comment_status":"open","ping_status":"closed","template":"","meta":[],"product_brand":[],"product_cat":[33],"product_tag":[],"class_list":{"0":"post-14736","1":"product","2":"type-product","3":"status-publish","4":"has-post-thumbnail","6":"product_cat-okategoriserad","8":"first","9":"instock","10":"shipping-taxable","11":"purchasable","12":"product-type-simple"},"_links":{"self":[{"href":"https:\/\/nordicmart.andreevmaster.com\/sv\/wp-json\/wp\/v2\/product\/14736","targetHints":{"allow":["GET"]}}],"collection":[{"href":"https:\/\/nordicmart.andreevmaster.com\/sv\/wp-json\/wp\/v2\/product"}],"about":[{"href":"https:\/\/nordicmart.andreevmaster.com\/sv\/wp-json\/wp\/v2\/types\/product"}],"replies":[{"embeddable":true,"href":"https:\/\/nordicmart.andreevmaster.com\/sv\/wp-json\/wp\/v2\/comments?post=14736"}],"wp:featuredmedia":[{"embeddable":true,"href":"https:\/\/nordicmart.andreevmaster.com\/sv\/wp-json\/wp\/v2\/media\/42644"}],"wp:attachment":[{"href":"https:\/\/nordicmart.andreevmaster.com\/sv\/wp-json\/wp\/v2\/media?parent=14736"}],"wp:term":[{"taxonomy":"product_brand","embeddable":true,"href":"https:\/\/nordicmart.andreevmaster.com\/sv\/wp-json\/wp\/v2\/product_brand?post=14736"},{"taxonomy":"product_cat","embeddable":true,"href":"https:\/\/nordicmart.andreevmaster.com\/sv\/wp-json\/wp\/v2\/product_cat?post=14736"},{"taxonomy":"product_tag","embeddable":true,"href":"https:\/\/nordicmart.andreevmaster.com\/sv\/wp-json\/wp\/v2\/product_tag?post=14736"}],"curies":[{"name":"wp","href":"https:\/\/api.w.org\/{rel}","templated":true}]}}