{"id":14731,"date":"2026-02-27T00:23:09","date_gmt":"2026-02-27T00:23:09","guid":{"rendered":"https:\/\/nordicmart.andreevmaster.com\/product\/songmics-skoskap-med-lock\/"},"modified":"2026-02-27T08:15:15","modified_gmt":"2026-02-27T08:15:15","slug":"songmics-skoskap-med-lock","status":"publish","type":"product","link":"https:\/\/nordicmart.andreevmaster.com\/sv\/produkt\/songmics-skoskap-med-lock\/","title":{"rendered":"SONGMICS skosk\u00e5p med lock"},"content":{"rendered":"<p>Produktdetaljer: F\u00e4rg: Vit Material: Sp\u00e5nskiva Storlek: 80 x 30 x 46 cm (L x B x H) Vikt: 13,1 kg Max. statisk belastningskapacitet: 100 kg Leveransomfattning: 1 x skob\u00e4nk 1 x tillbeh\u00f6rspaket 1 x bruksanvisning VASAGLE Anm\u00e4rkningar:Av s\u00e4kerhetssk\u00e4l \u00e4r det f\u00f6rbjudet f\u00f6r barn att kl\u00e4ttra p\u00e5 eller leka med produkten. Skob\u00e4nkens maximala statiska belastningskapacitet \u00e4r 100 kg. \u00d6verskrid inte denna maximala vikt.<\/p>\n","protected":false},"excerpt":{"rendered":"<p>SONGMICS skob\u00e4nk, skosk\u00e5p med lock, b\u00e4nk med justerbar innerindelning, f\u00e4llbar d\u00f6rr, med handtag p\u00e5 sidorna, f\u00f6r hallen, 80 x 30 x 46 cm, vit LHS120T10<\/p>\n","protected":false},"featured_media":42640,"comment_status":"open","ping_status":"closed","template":"","meta":[],"product_brand":[],"product_cat":[33],"product_tag":[],"class_list":{"0":"post-14731","1":"product","2":"type-product","3":"status-publish","4":"has-post-thumbnail","6":"product_cat-okategoriserad","8":"first","9":"instock","10":"shipping-taxable","11":"purchasable","12":"product-type-simple"},"_links":{"self":[{"href":"https:\/\/nordicmart.andreevmaster.com\/sv\/wp-json\/wp\/v2\/product\/14731","targetHints":{"allow":["GET"]}}],"collection":[{"href":"https:\/\/nordicmart.andreevmaster.com\/sv\/wp-json\/wp\/v2\/product"}],"about":[{"href":"https:\/\/nordicmart.andreevmaster.com\/sv\/wp-json\/wp\/v2\/types\/product"}],"replies":[{"embeddable":true,"href":"https:\/\/nordicmart.andreevmaster.com\/sv\/wp-json\/wp\/v2\/comments?post=14731"}],"wp:featuredmedia":[{"embeddable":true,"href":"https:\/\/nordicmart.andreevmaster.com\/sv\/wp-json\/wp\/v2\/media\/42640"}],"wp:attachment":[{"href":"https:\/\/nordicmart.andreevmaster.com\/sv\/wp-json\/wp\/v2\/media?parent=14731"}],"wp:term":[{"taxonomy":"product_brand","embeddable":true,"href":"https:\/\/nordicmart.andreevmaster.com\/sv\/wp-json\/wp\/v2\/product_brand?post=14731"},{"taxonomy":"product_cat","embeddable":true,"href":"https:\/\/nordicmart.andreevmaster.com\/sv\/wp-json\/wp\/v2\/product_cat?post=14731"},{"taxonomy":"product_tag","embeddable":true,"href":"https:\/\/nordicmart.andreevmaster.com\/sv\/wp-json\/wp\/v2\/product_tag?post=14731"}],"curies":[{"name":"wp","href":"https:\/\/api.w.org\/{rel}","templated":true}]}}