{"id":14730,"date":"2026-02-27T00:23:09","date_gmt":"2026-02-27T00:23:09","guid":{"rendered":"https:\/\/nordicmart.andreevmaster.com\/product\/vasagle-kista-i-mdf-vit\/"},"modified":"2026-02-27T08:15:14","modified_gmt":"2026-02-27T08:15:14","slug":"vasagle-kista-i-mdf-vit","status":"publish","type":"product","link":"https:\/\/nordicmart.andreevmaster.com\/sv\/produkt\/vasagle-kista-i-mdf-vit\/","title":{"rendered":"VASAGLE kista i MDF vit"},"content":{"rendered":"<p>Skapa extra f\u00f6rvaringsutrymme och en sittplats p\u00e5 samma g\u00e5ng! Denna stora f\u00f6rvaringskista \u00e4r tillverkad av robusta MDF-skivor och t\u00e5l en belastning p\u00e5 upp till 180 kg. S\u00e4kerhetsg\u00e5ngj\u00e4rnen f\u00f6rhindrar dessutom att locket pl\u00f6tsligt<br \/>\n st\u00e4ngning av locket och skyddar d\u00e4rmed dina h\u00e4nder och dina barns fingrar. Den smakfulla vita f\u00e4rgen passar dessutom till n\u00e4stan allt, oavsett om du placerar b\u00e4nken i hallen, vardagsrummet eller sovrummet. Anv\u00e4nd den till exempel som s\u00e4ngb\u00e4nk och f\u00f6rvara dina pyjamas och n\u00e5gra filtar snyggt. Eller placera kistan som en skob\u00e4nk i hallen och ta p\u00e5 dig skorna bekv\u00e4mt. Produktdetaljer: &#8211; F\u00e4rg: Vit &#8211; Material: MDF-skiva &#8211; Produktm\u00e5tt: 76 x 48 x 40 cm (B x H x D) &#8211; Vikt: 12,82 kg &#8211; Max. statisk belastningskapacitet: 180 kg Leveransomfattning:- 1 x kista &#8211; 1 x tillbeh\u00f6r &#8211; 1 x instruktioner (DE, EN, IT, FR, ES) Anvisningar: &#8211; Montera produkten p\u00e5 en mjuk yta f\u00f6r att undvika repor. &#8211; \u00d6ppna och st\u00e4ng locket f\u00f6rsiktigt. Var s\u00e4rskilt uppm\u00e4rksam p\u00e5 att barn inte kl\u00e4mmer fast fingrarna.<\/p>\n","protected":false},"excerpt":{"rendered":"<p>VASAGLE leksaksl\u00e5da, kista, b\u00e4nk med f\u00f6rvaringsutrymme, sittkista, b\u00e4nk, f\u00f6rvaringskista med stor kapacitet, 76 x 48 x 40 cm, vit LHS11WT<\/p>\n","protected":false},"featured_media":42639,"comment_status":"open","ping_status":"closed","template":"","meta":[],"product_brand":[],"product_cat":[33],"product_tag":[],"class_list":{"0":"post-14730","1":"product","2":"type-product","3":"status-publish","4":"has-post-thumbnail","6":"product_cat-okategoriserad","8":"first","9":"instock","10":"shipping-taxable","11":"purchasable","12":"product-type-simple"},"_links":{"self":[{"href":"https:\/\/nordicmart.andreevmaster.com\/sv\/wp-json\/wp\/v2\/product\/14730","targetHints":{"allow":["GET"]}}],"collection":[{"href":"https:\/\/nordicmart.andreevmaster.com\/sv\/wp-json\/wp\/v2\/product"}],"about":[{"href":"https:\/\/nordicmart.andreevmaster.com\/sv\/wp-json\/wp\/v2\/types\/product"}],"replies":[{"embeddable":true,"href":"https:\/\/nordicmart.andreevmaster.com\/sv\/wp-json\/wp\/v2\/comments?post=14730"}],"wp:featuredmedia":[{"embeddable":true,"href":"https:\/\/nordicmart.andreevmaster.com\/sv\/wp-json\/wp\/v2\/media\/42639"}],"wp:attachment":[{"href":"https:\/\/nordicmart.andreevmaster.com\/sv\/wp-json\/wp\/v2\/media?parent=14730"}],"wp:term":[{"taxonomy":"product_brand","embeddable":true,"href":"https:\/\/nordicmart.andreevmaster.com\/sv\/wp-json\/wp\/v2\/product_brand?post=14730"},{"taxonomy":"product_cat","embeddable":true,"href":"https:\/\/nordicmart.andreevmaster.com\/sv\/wp-json\/wp\/v2\/product_cat?post=14730"},{"taxonomy":"product_tag","embeddable":true,"href":"https:\/\/nordicmart.andreevmaster.com\/sv\/wp-json\/wp\/v2\/product_tag?post=14730"}],"curies":[{"name":"wp","href":"https:\/\/api.w.org\/{rel}","templated":true}]}}