{"id":14728,"date":"2026-02-27T00:23:09","date_gmt":"2026-02-27T00:23:09","guid":{"rendered":"https:\/\/nordicmart.andreevmaster.com\/product\/vasagle-vadderad-skobank-vit-gra\/"},"modified":"2026-02-27T08:15:14","modified_gmt":"2026-02-27T08:15:14","slug":"vasagle-vadderad-skobank-vit-gra","status":"publish","type":"product","link":"https:\/\/nordicmart.andreevmaster.com\/sv\/produkt\/vasagle-vadderad-skobank-vit-gra\/","title":{"rendered":"VASAGLE Vadderad skob\u00e4nk Vit-gr\u00e5"},"content":{"rendered":"<p>Inte tillr\u00e4ckligt med plats f\u00f6r en skob\u00e4nk? F\u00f6r den h\u00e4r r\u00e4cker det!<br \/>\nVill du sitta bekv\u00e4mt ist\u00e4llet f\u00f6r att sitta p\u00e5 golvet<br \/>\nmedan du tar p\u00e5 dig skorna, men din hall \u00e4r f\u00f6r liten och tr\u00e5ng<br \/>\nf\u00f6r en skob\u00e4nk? Prova denna 104 x 30 cm stora skob\u00e4nk<br \/>\nsom hj\u00e4lper dig att optimera f\u00f6rvaringsutrymmet och spara plats. Inga fler vilda skoh\u00f6gar!<br \/>\n Ligger dina skor vanligtvis utspridda i varje h\u00f6rn av ditt hem?<br \/>\nSlut p\u00e5 det h\u00e4r kaoset med denna funktionella skob\u00e4nk! 10 fack<br \/>\nger gott om f\u00f6rvaringsutrymme f\u00f6r sneakers, sandaler, pumps och st\u00f6vlar. Horisontellt eller vertikalt?<br \/>\n Beh\u00f6ver din inredning en fr\u00e4sch touch? Inte med denna<br \/>\nfantastiska m\u00f6beln! St\u00e4ll den horisontellt eller vertikalt<br \/>\n f\u00f6r att omforma din hall om och om igen. Produktdetaljer: &#8211; F\u00e4rg: Vit &#8211; Material: Imitation av linne, skumplast, sp\u00e5nskiva klass E1 &#8211; Storlek: 104 x 30 x 48 cm (L x B x H) &#8211; Vikt: 20,8 kg Leveransomfattning: &#8211; 1 x skob\u00e4nk &#8211; 1 x tillbeh\u00f6r &#8211; 1 x instruktioner (DE, EN, ES, FR, IT)<\/p>\n","protected":false},"excerpt":{"rendered":"<p>VASAGLE skob\u00e4nk, skost\u00e4ll, skof\u00f6rvaring, sittb\u00e4nk, 10 fack, med stoppning, f\u00f6r hallen, korridoren, sovrummet, 104 x 30 x 48 cm, vit LHS10WT<\/p>\n","protected":false},"featured_media":42637,"comment_status":"open","ping_status":"closed","template":"","meta":[],"product_brand":[],"product_cat":[33],"product_tag":[],"class_list":{"0":"post-14728","1":"product","2":"type-product","3":"status-publish","4":"has-post-thumbnail","6":"product_cat-okategoriserad","8":"first","9":"instock","10":"shipping-taxable","11":"purchasable","12":"product-type-simple"},"_links":{"self":[{"href":"https:\/\/nordicmart.andreevmaster.com\/sv\/wp-json\/wp\/v2\/product\/14728","targetHints":{"allow":["GET"]}}],"collection":[{"href":"https:\/\/nordicmart.andreevmaster.com\/sv\/wp-json\/wp\/v2\/product"}],"about":[{"href":"https:\/\/nordicmart.andreevmaster.com\/sv\/wp-json\/wp\/v2\/types\/product"}],"replies":[{"embeddable":true,"href":"https:\/\/nordicmart.andreevmaster.com\/sv\/wp-json\/wp\/v2\/comments?post=14728"}],"wp:featuredmedia":[{"embeddable":true,"href":"https:\/\/nordicmart.andreevmaster.com\/sv\/wp-json\/wp\/v2\/media\/42637"}],"wp:attachment":[{"href":"https:\/\/nordicmart.andreevmaster.com\/sv\/wp-json\/wp\/v2\/media?parent=14728"}],"wp:term":[{"taxonomy":"product_brand","embeddable":true,"href":"https:\/\/nordicmart.andreevmaster.com\/sv\/wp-json\/wp\/v2\/product_brand?post=14728"},{"taxonomy":"product_cat","embeddable":true,"href":"https:\/\/nordicmart.andreevmaster.com\/sv\/wp-json\/wp\/v2\/product_cat?post=14728"},{"taxonomy":"product_tag","embeddable":true,"href":"https:\/\/nordicmart.andreevmaster.com\/sv\/wp-json\/wp\/v2\/product_tag?post=14728"}],"curies":[{"name":"wp","href":"https:\/\/api.w.org\/{rel}","templated":true}]}}