{"id":14727,"date":"2026-02-27T00:23:08","date_gmt":"2026-02-27T00:23:08","guid":{"rendered":"https:\/\/nordicmart.andreevmaster.com\/product\/vasagle-kladd-skobank-naturfargad-gra\/"},"modified":"2026-02-27T08:15:14","modified_gmt":"2026-02-27T08:15:14","slug":"vasagle-kladd-skobank-naturfargad-gra","status":"publish","type":"product","link":"https:\/\/nordicmart.andreevmaster.com\/sv\/produkt\/vasagle-kladd-skobank-naturfargad-gra\/","title":{"rendered":"VASAGLE Kl\u00e4dd skob\u00e4nk naturf\u00e4rgad gr\u00e5"},"content":{"rendered":"<p>Inte tillr\u00e4ckligt med plats f\u00f6r en skob\u00e4nk? F\u00f6r den h\u00e4r! Vill du sitta bekv\u00e4mt ist\u00e4llet f\u00f6r att sitta p\u00e5 golvet n\u00e4r du tar p\u00e5 dig skorna, men din hall \u00e4r f\u00f6r liten och tr\u00e5ng f\u00f6r en skob\u00e4nk? Prova denna 104 x 30 cm stora skohylla som hj\u00e4lper dig att optimera f\u00f6rvaringsutrymmet och spara plats. Inga fler vilda skoh\u00f6gar! Ligger dina skor vanligtvis utspridda i varje h\u00f6rn av ditt hem? S\u00e4tt stopp f\u00f6r detta kaos med denna funktionella skob\u00e4nk! 10 fack erbjuder gott om f\u00f6rvaringsutrymme f\u00f6r sneakers, sandaler, pumps och st\u00f6vlar. Horisontellt eller vertikalt? Saknar din inredning en fr\u00e4sch touch? Inte med denna fantastiska m\u00f6bel! St\u00e4ll den horisontellt eller vertikalt f\u00f6r att omforma din hall om och om igen. Produktdetaljer: &#8211; F\u00e4rg: tr\u00e4imitation &#8211; Material: imiterat linne, skumplast, sp\u00e5nskiva klass E1 &#8211; Storlek: 104 x 30 x 48 cm (L x B x H) &#8211; Vikt: 20,8 kg Leveransomfattning: &#8211; 1 x skob\u00e4nk &#8211; 1 x tillbeh\u00f6r &#8211; 1 x bruksanvisning (DE, EN, ES, FR, IT)<\/p>\n","protected":false},"excerpt":{"rendered":"<p>VASAGLE skob\u00e4nk, skost\u00e4ll, skof\u00f6rvaring, sittb\u00e4nk, 10 fack, med stoppning, f\u00f6r hallen, korridoren, sovrummet, 104 x 30 x 48 cm, vit LHS10WT<\/p>\n","protected":false},"featured_media":42636,"comment_status":"open","ping_status":"closed","template":"","meta":[],"product_brand":[],"product_cat":[33],"product_tag":[],"class_list":{"0":"post-14727","1":"product","2":"type-product","3":"status-publish","4":"has-post-thumbnail","6":"product_cat-okategoriserad","8":"first","9":"instock","10":"shipping-taxable","11":"purchasable","12":"product-type-simple"},"_links":{"self":[{"href":"https:\/\/nordicmart.andreevmaster.com\/sv\/wp-json\/wp\/v2\/product\/14727","targetHints":{"allow":["GET"]}}],"collection":[{"href":"https:\/\/nordicmart.andreevmaster.com\/sv\/wp-json\/wp\/v2\/product"}],"about":[{"href":"https:\/\/nordicmart.andreevmaster.com\/sv\/wp-json\/wp\/v2\/types\/product"}],"replies":[{"embeddable":true,"href":"https:\/\/nordicmart.andreevmaster.com\/sv\/wp-json\/wp\/v2\/comments?post=14727"}],"wp:featuredmedia":[{"embeddable":true,"href":"https:\/\/nordicmart.andreevmaster.com\/sv\/wp-json\/wp\/v2\/media\/42636"}],"wp:attachment":[{"href":"https:\/\/nordicmart.andreevmaster.com\/sv\/wp-json\/wp\/v2\/media?parent=14727"}],"wp:term":[{"taxonomy":"product_brand","embeddable":true,"href":"https:\/\/nordicmart.andreevmaster.com\/sv\/wp-json\/wp\/v2\/product_brand?post=14727"},{"taxonomy":"product_cat","embeddable":true,"href":"https:\/\/nordicmart.andreevmaster.com\/sv\/wp-json\/wp\/v2\/product_cat?post=14727"},{"taxonomy":"product_tag","embeddable":true,"href":"https:\/\/nordicmart.andreevmaster.com\/sv\/wp-json\/wp\/v2\/product_tag?post=14727"}],"curies":[{"name":"wp","href":"https:\/\/api.w.org\/{rel}","templated":true}]}}