{"id":14725,"date":"2026-02-27T00:23:08","date_gmt":"2026-02-27T00:23:08","guid":{"rendered":"https:\/\/nordicmart.andreevmaster.com\/product\/vasagle-skobank-med-10-fack-och-stoppning\/"},"modified":"2026-02-27T08:15:13","modified_gmt":"2026-02-27T08:15:13","slug":"vasagle-skobank-med-10-fack-och-stoppning","status":"publish","type":"product","link":"https:\/\/nordicmart.andreevmaster.com\/sv\/produkt\/vasagle-skobank-med-10-fack-och-stoppning\/","title":{"rendered":"VASAGLE skob\u00e4nk med 10 fack och stoppning"},"content":{"rendered":"<p>VASAGLE skob\u00e4nk, skost\u00e4ll, skof\u00f6rvaring, sittb\u00e4nk, 10 fack, med stoppning, f\u00f6r hallen, korridoren, sovrummet, 104 x 30 x 48 cm, vit LHS10WT<br \/>\n&#8211; F\u00e4rg: espressobrun-brun<br \/>\n&#8211; Material: sp\u00e5nskiva, skumplast<br \/>\n&#8211; Storlek: 30 x 104 x 48 cm (D x B x H)<br \/>\n&#8211; Vikt: 20,8 kg<br \/>\n&#8211; Max. statisk belastningskapacitet: 150 kg<\/p>\n","protected":false},"excerpt":{"rendered":"<p>VASAGLE skob\u00e4nk, skost\u00e4ll, skof\u00f6rvaring, sittb\u00e4nk, 10 fack, med stoppning, f\u00f6r hallen, korridoren, sovrummet, 104 x 30 x 48 cm, vit LHS10WT<\/p>\n","protected":false},"featured_media":42634,"comment_status":"open","ping_status":"closed","template":"","meta":[],"product_brand":[],"product_cat":[33],"product_tag":[],"class_list":{"0":"post-14725","1":"product","2":"type-product","3":"status-publish","4":"has-post-thumbnail","6":"product_cat-okategoriserad","8":"first","9":"instock","10":"shipping-taxable","11":"purchasable","12":"product-type-simple"},"_links":{"self":[{"href":"https:\/\/nordicmart.andreevmaster.com\/sv\/wp-json\/wp\/v2\/product\/14725","targetHints":{"allow":["GET"]}}],"collection":[{"href":"https:\/\/nordicmart.andreevmaster.com\/sv\/wp-json\/wp\/v2\/product"}],"about":[{"href":"https:\/\/nordicmart.andreevmaster.com\/sv\/wp-json\/wp\/v2\/types\/product"}],"replies":[{"embeddable":true,"href":"https:\/\/nordicmart.andreevmaster.com\/sv\/wp-json\/wp\/v2\/comments?post=14725"}],"wp:featuredmedia":[{"embeddable":true,"href":"https:\/\/nordicmart.andreevmaster.com\/sv\/wp-json\/wp\/v2\/media\/42634"}],"wp:attachment":[{"href":"https:\/\/nordicmart.andreevmaster.com\/sv\/wp-json\/wp\/v2\/media?parent=14725"}],"wp:term":[{"taxonomy":"product_brand","embeddable":true,"href":"https:\/\/nordicmart.andreevmaster.com\/sv\/wp-json\/wp\/v2\/product_brand?post=14725"},{"taxonomy":"product_cat","embeddable":true,"href":"https:\/\/nordicmart.andreevmaster.com\/sv\/wp-json\/wp\/v2\/product_cat?post=14725"},{"taxonomy":"product_tag","embeddable":true,"href":"https:\/\/nordicmart.andreevmaster.com\/sv\/wp-json\/wp\/v2\/product_tag?post=14725"}],"curies":[{"name":"wp","href":"https:\/\/api.w.org\/{rel}","templated":true}]}}