{"id":14724,"date":"2026-02-27T00:23:08","date_gmt":"2026-02-27T00:23:08","guid":{"rendered":"https:\/\/nordicmart.andreevmaster.com\/product\/vasagle-skostall-med-9-oppna-fack\/"},"modified":"2026-02-27T08:15:13","modified_gmt":"2026-02-27T08:15:13","slug":"vasagle-skostall-med-9-oppna-fack","status":"publish","type":"product","link":"https:\/\/nordicmart.andreevmaster.com\/sv\/produkt\/vasagle-skostall-med-9-oppna-fack\/","title":{"rendered":"VASAGLE skost\u00e4ll med 9 \u00f6ppna fack"},"content":{"rendered":"<p>Ligger dina skor utspridda \u00f6ver hela huset? I denna skob\u00e4nk kan du f\u00f6rvara dem ordentligt efter olika storlekar, h\u00f6jder, f\u00e4rger och material. Denna 3-i-1-m\u00f6bel kan ocks\u00e5 anv\u00e4ndas som sittplats och som dekoration i din hall. F\u00f6rdelarna \u00e4r uppenbara: &#8211; 9 \u00f6ppna fack med 6 uttagbara, 3-stegs justerbara hyllplan &#8211; D\u00f6rr med magnet \u2013 den unika designen g\u00f6r den mycket l\u00e4tt att \u00f6ppna &#8211; P\u00e5 det 3-stegs justerbara hyllplanet i det h\u00f6gra sk\u00e5pet kan du f\u00f6rvara dina saker, skyddade fr\u00e5n damm och nyfikna blickar &#8211; Vadderad sittyta ger h\u00f6g komfort &#8211; Kl\u00e4dseln p\u00e5 kudden i imiterat linne \u00e4r avtagbar och l\u00e4tt att reng\u00f6ra &#8211; Tillverkad av robust sp\u00e5nskiva och t\u00e5l en belastning p\u00e5 upp till 200 kg F\u00f6rverkliga dina inredningsid\u00e9er med denna b\u00e4nk i vintagestil och inred ditt rum precis som du vill. Produktdetaljer: &#8211; F\u00e4rg: Vintagebrun &#8211; Material: Sp\u00e5nskiva, skumplast, imiterat linne &#8211; Storlek: 110 x 30 x 48 cm (L x B x H) &#8211; Vikt: 19 kg &#8211; Max. statisk belastningskapacitet: 200 kg Leveransomfattning:- 1 x skob\u00e4nk &#8211; 1 x tillbeh\u00f6rspaket &#8211; 1 x bruksanvisning (DE, EN, ES, FR, IT) VASAGLE Anm\u00e4rkningar: &#8211; Av s\u00e4kerhetssk\u00e4l \u00e4r det f\u00f6rbjudet f\u00f6r barn att kl\u00e4ttra p\u00e5 eller leka med produkten.<\/p>\n","protected":false},"excerpt":{"rendered":"<p>VASAGLE skob\u00e4nk, f\u00f6rvaringssk\u00e5p, skohylla med 9 \u00f6ppna fack och ett sk\u00e5p, med stoppning, 110 x 30 x 48 cm, rustik d\u00f6rr, vintagebrun LHS058X01<\/p>\n","protected":false},"featured_media":42633,"comment_status":"open","ping_status":"closed","template":"","meta":[],"product_brand":[],"product_cat":[33],"product_tag":[],"class_list":{"0":"post-14724","1":"product","2":"type-product","3":"status-publish","4":"has-post-thumbnail","6":"product_cat-okategoriserad","8":"first","9":"instock","10":"shipping-taxable","11":"purchasable","12":"product-type-simple"},"_links":{"self":[{"href":"https:\/\/nordicmart.andreevmaster.com\/sv\/wp-json\/wp\/v2\/product\/14724","targetHints":{"allow":["GET"]}}],"collection":[{"href":"https:\/\/nordicmart.andreevmaster.com\/sv\/wp-json\/wp\/v2\/product"}],"about":[{"href":"https:\/\/nordicmart.andreevmaster.com\/sv\/wp-json\/wp\/v2\/types\/product"}],"replies":[{"embeddable":true,"href":"https:\/\/nordicmart.andreevmaster.com\/sv\/wp-json\/wp\/v2\/comments?post=14724"}],"wp:featuredmedia":[{"embeddable":true,"href":"https:\/\/nordicmart.andreevmaster.com\/sv\/wp-json\/wp\/v2\/media\/42633"}],"wp:attachment":[{"href":"https:\/\/nordicmart.andreevmaster.com\/sv\/wp-json\/wp\/v2\/media?parent=14724"}],"wp:term":[{"taxonomy":"product_brand","embeddable":true,"href":"https:\/\/nordicmart.andreevmaster.com\/sv\/wp-json\/wp\/v2\/product_brand?post=14724"},{"taxonomy":"product_cat","embeddable":true,"href":"https:\/\/nordicmart.andreevmaster.com\/sv\/wp-json\/wp\/v2\/product_cat?post=14724"},{"taxonomy":"product_tag","embeddable":true,"href":"https:\/\/nordicmart.andreevmaster.com\/sv\/wp-json\/wp\/v2\/product_tag?post=14724"}],"curies":[{"name":"wp","href":"https:\/\/api.w.org\/{rel}","templated":true}]}}