{"id":14721,"date":"2026-02-27T00:23:07","date_gmt":"2026-02-27T00:23:07","guid":{"rendered":"https:\/\/nordicmart.andreevmaster.com\/product\/forvaringsskap-med-hyllor\/"},"modified":"2026-02-27T08:15:13","modified_gmt":"2026-02-27T08:15:13","slug":"forvaringsskap-med-hyllor","status":"publish","type":"product","link":"https:\/\/nordicmart.andreevmaster.com\/sv\/produkt\/forvaringsskap-med-hyllor\/","title":{"rendered":"F\u00f6rvaringssk\u00e5p med hyllor"},"content":{"rendered":"<p>Beh\u00f6ver du mer f\u00f6rvaringsutrymme i hallen? Denna f\u00f6rvaringssk\u00e5p med 3 hyllor ger dig det utrymme du beh\u00f6ver f\u00f6r n\u00f6dv\u00e4ndiga saker vid ytterd\u00f6rren. Ta dina skor fr\u00e5n sk\u00e5pet, h\u00e4mta nycklarna och pl\u00e5nboken fr\u00e5n den \u00f6vre delen och b\u00f6rja dagen p\u00e5 r\u00e4tt fot.De tre hyllorna i detta rymliga f\u00f6rvaringssk\u00e5p kan justeras i h\u00f6jdled, s\u00e5 att du f\u00e5r plats f\u00f6r b\u00e5de stora och sm\u00e5 f\u00f6rem\u00e5l. Har du stora st\u00f6vlar eller h\u00f6gklackade skor som beh\u00f6ver lite mer utrymme? Sm\u00e5 skor som inte tar s\u00e5 mycket plats? Det \u00e4r inget problem.Du beh\u00f6ver inte kr\u00e5ngla med muttrar och bultar. Med numrerade delar och l\u00e4ttf\u00f6rst\u00e5eliga instruktioner kan du enkelt och snabbt montera ihop detta f\u00f6rvaringssk\u00e5p.Vill du ha mer? Detta f\u00f6rvaringssk\u00e5p finns i tv\u00e5 olika f\u00e4rger. V\u00e4lj en kombination av svart och brunt om du vill ha en lantlig och modern look, eller helt vitt om du vill ha en minimalistisk stil. Gl\u00f6m inte att kolla in VASAGLE f\u00f6r fler \u00f6verraskningar!<\/p>\n<p>Tekniska uppgifter: &#8211; F\u00e4rg: Svart (B01)\/Vit (W01) &#8211; Material: Svart (B01)\/Vit (W01): Material: Sp\u00e5nskiva, metall- Produktens storlek: 70 x 35 x 100 cm (27,5&#8243; L x 13,7&#8243; B x 39,3&#8243; H) F\u00f6rpackningens inneh\u00e5ll:- 1 x F\u00f6rvaringssk\u00e5p- 1 x Monteringssats- 1 x Instruktioner (EN, DE, FR, ES, IT)<\/p>\n","protected":false},"excerpt":{"rendered":"<p>Beh\u00f6ver du mer f\u00f6rvaringsutrymme i hallen? Denna f\u00f6rvaringssk\u00e5p med 3 hyllor ger dig det utrymme du beh\u00f6ver f\u00f6r n\u00f6dv\u00e4ndiga saker vid ytterd\u00f6rren. Ta dina skor fr\u00e5n sk\u00e5pet, h\u00e4mta nycklarna och pl\u00e5nboken fr\u00e5n den \u00f6vre delen och b\u00f6rja dagen p\u00e5 r\u00e4tt fot.De tre hyllorna i detta rymliga f\u00f6rvaringssk\u00e5p kan justeras i h\u00f6jdled, s\u00e5 att du f\u00e5r [&hellip;]<\/p>\n","protected":false},"featured_media":0,"comment_status":"open","ping_status":"closed","template":"","meta":[],"product_brand":[],"product_cat":[33],"product_tag":[],"class_list":{"0":"post-14721","1":"product","2":"type-product","3":"status-publish","5":"product_cat-okategoriserad","7":"first","8":"instock","9":"shipping-taxable","10":"product-type-simple"},"_links":{"self":[{"href":"https:\/\/nordicmart.andreevmaster.com\/sv\/wp-json\/wp\/v2\/product\/14721","targetHints":{"allow":["GET"]}}],"collection":[{"href":"https:\/\/nordicmart.andreevmaster.com\/sv\/wp-json\/wp\/v2\/product"}],"about":[{"href":"https:\/\/nordicmart.andreevmaster.com\/sv\/wp-json\/wp\/v2\/types\/product"}],"replies":[{"embeddable":true,"href":"https:\/\/nordicmart.andreevmaster.com\/sv\/wp-json\/wp\/v2\/comments?post=14721"}],"wp:attachment":[{"href":"https:\/\/nordicmart.andreevmaster.com\/sv\/wp-json\/wp\/v2\/media?parent=14721"}],"wp:term":[{"taxonomy":"product_brand","embeddable":true,"href":"https:\/\/nordicmart.andreevmaster.com\/sv\/wp-json\/wp\/v2\/product_brand?post=14721"},{"taxonomy":"product_cat","embeddable":true,"href":"https:\/\/nordicmart.andreevmaster.com\/sv\/wp-json\/wp\/v2\/product_cat?post=14721"},{"taxonomy":"product_tag","embeddable":true,"href":"https:\/\/nordicmart.andreevmaster.com\/sv\/wp-json\/wp\/v2\/product_tag?post=14721"}],"curies":[{"name":"wp","href":"https:\/\/api.w.org\/{rel}","templated":true}]}}