{"id":14718,"date":"2026-02-27T00:23:06","date_gmt":"2026-02-27T00:23:06","guid":{"rendered":"https:\/\/nordicmart.andreevmaster.com\/product\/vasagle-skobank-med-3-oppna-fack-naturbeige\/"},"modified":"2026-02-27T08:15:12","modified_gmt":"2026-02-27T08:15:12","slug":"vasagle-skobank-med-3-oppna-fack-naturbeige","status":"publish","type":"product","link":"https:\/\/nordicmart.andreevmaster.com\/sv\/produkt\/vasagle-skobank-med-3-oppna-fack-naturbeige\/","title":{"rendered":"VASAGLE skob\u00e4nk med 3 \u00f6ppna fack naturbeige"},"content":{"rendered":"<p>VASAGLE skob\u00e4nk med sittyta, b\u00e4nk med f\u00f6rvaringsutrymme, stoppad, 3 \u00f6ppna fack, fack under sittdynan, skohylla f\u00f6r vardagsrum, hall, belastningskapacitet upp till 150 kg<br \/>\nF\u00e4rg: Naturbeige<br \/>\nMaterial: sp\u00e5nskiva, skumplast, PU (polyuretan)<br \/>\nStorlek: 30 x 80 x 44 cm (D x B x H)<br \/>\nVikt: 14,6 kg<br \/>\nMax. statisk belastningskapacitet: 150 kg<\/p>\n","protected":false},"excerpt":{"rendered":"<p>VASAGLE skob\u00e4nk med sittyta, b\u00e4nk med f\u00f6rvaringsutrymme, stoppad, 3 \u00f6ppna fack, fack under sittdynan, skohylla f\u00f6r vardagsrum, hall, belastningskapacitet upp till 150 kg<\/p>\n","protected":false},"featured_media":42629,"comment_status":"open","ping_status":"closed","template":"","meta":[],"product_brand":[],"product_cat":[33],"product_tag":[],"class_list":{"0":"post-14718","1":"product","2":"type-product","3":"status-publish","4":"has-post-thumbnail","6":"product_cat-okategoriserad","8":"first","9":"instock","10":"shipping-taxable","11":"purchasable","12":"product-type-simple"},"_links":{"self":[{"href":"https:\/\/nordicmart.andreevmaster.com\/sv\/wp-json\/wp\/v2\/product\/14718","targetHints":{"allow":["GET"]}}],"collection":[{"href":"https:\/\/nordicmart.andreevmaster.com\/sv\/wp-json\/wp\/v2\/product"}],"about":[{"href":"https:\/\/nordicmart.andreevmaster.com\/sv\/wp-json\/wp\/v2\/types\/product"}],"replies":[{"embeddable":true,"href":"https:\/\/nordicmart.andreevmaster.com\/sv\/wp-json\/wp\/v2\/comments?post=14718"}],"wp:featuredmedia":[{"embeddable":true,"href":"https:\/\/nordicmart.andreevmaster.com\/sv\/wp-json\/wp\/v2\/media\/42629"}],"wp:attachment":[{"href":"https:\/\/nordicmart.andreevmaster.com\/sv\/wp-json\/wp\/v2\/media?parent=14718"}],"wp:term":[{"taxonomy":"product_brand","embeddable":true,"href":"https:\/\/nordicmart.andreevmaster.com\/sv\/wp-json\/wp\/v2\/product_brand?post=14718"},{"taxonomy":"product_cat","embeddable":true,"href":"https:\/\/nordicmart.andreevmaster.com\/sv\/wp-json\/wp\/v2\/product_cat?post=14718"},{"taxonomy":"product_tag","embeddable":true,"href":"https:\/\/nordicmart.andreevmaster.com\/sv\/wp-json\/wp\/v2\/product_tag?post=14718"}],"curies":[{"name":"wp","href":"https:\/\/api.w.org\/{rel}","templated":true}]}}