{"id":14717,"date":"2026-02-27T00:23:06","date_gmt":"2026-02-27T00:23:06","guid":{"rendered":"https:\/\/nordicmart.andreevmaster.com\/product\/vasagle-skobank-med-3-oppna-fack-i-ebenholtsvart\/"},"modified":"2026-02-27T08:15:12","modified_gmt":"2026-02-27T08:15:12","slug":"vasagle-skobank-med-3-oppna-fack-i-ebenholtsvart","status":"publish","type":"product","link":"https:\/\/nordicmart.andreevmaster.com\/sv\/produkt\/vasagle-skobank-med-3-oppna-fack-i-ebenholtsvart\/","title":{"rendered":"VASAGLE skob\u00e4nk med 3 \u00f6ppna fack i ebenholtsvart"},"content":{"rendered":"<p>VASAGLE skob\u00e4nk med sittyta, b\u00e4nk med f\u00f6rvaringsutrymme, stoppad, 3 \u00f6ppna fack, fack under sittdynan, skohylla f\u00f6r vardagsrum, hall, belastningskapacitet upp till 150 kg<br \/>\nF\u00e4rg: Ebenholts<br \/>\nMaterial: sp\u00e5nskiva, skumplast, PU (polyuretan)<br \/>\nStorlek: 30 x 80 x 44 cm (D x B x H)<br \/>\nVikt: 14,6 kg<br \/>\nMax. statisk belastningskapacitet: 150 kg<\/p>\n","protected":false},"excerpt":{"rendered":"<p>VASAGLE skob\u00e4nk med sittyta, b\u00e4nk med f\u00f6rvaringsutrymme, stoppad, 3 \u00f6ppna fack, fack under sittdynan, skohylla f\u00f6r vardagsrum, hall, belastningskapacitet upp till 150 kg<\/p>\n","protected":false},"featured_media":0,"comment_status":"open","ping_status":"closed","template":"","meta":[],"product_brand":[],"product_cat":[33],"product_tag":[],"class_list":{"0":"post-14717","1":"product","2":"type-product","3":"status-publish","5":"product_cat-okategoriserad","7":"first","8":"instock","9":"shipping-taxable","10":"purchasable","11":"product-type-simple"},"_links":{"self":[{"href":"https:\/\/nordicmart.andreevmaster.com\/sv\/wp-json\/wp\/v2\/product\/14717","targetHints":{"allow":["GET"]}}],"collection":[{"href":"https:\/\/nordicmart.andreevmaster.com\/sv\/wp-json\/wp\/v2\/product"}],"about":[{"href":"https:\/\/nordicmart.andreevmaster.com\/sv\/wp-json\/wp\/v2\/types\/product"}],"replies":[{"embeddable":true,"href":"https:\/\/nordicmart.andreevmaster.com\/sv\/wp-json\/wp\/v2\/comments?post=14717"}],"wp:attachment":[{"href":"https:\/\/nordicmart.andreevmaster.com\/sv\/wp-json\/wp\/v2\/media?parent=14717"}],"wp:term":[{"taxonomy":"product_brand","embeddable":true,"href":"https:\/\/nordicmart.andreevmaster.com\/sv\/wp-json\/wp\/v2\/product_brand?post=14717"},{"taxonomy":"product_cat","embeddable":true,"href":"https:\/\/nordicmart.andreevmaster.com\/sv\/wp-json\/wp\/v2\/product_cat?post=14717"},{"taxonomy":"product_tag","embeddable":true,"href":"https:\/\/nordicmart.andreevmaster.com\/sv\/wp-json\/wp\/v2\/product_tag?post=14717"}],"curies":[{"name":"wp","href":"https:\/\/api.w.org\/{rel}","templated":true}]}}