{"id":14716,"date":"2026-02-27T00:23:05","date_gmt":"2026-02-27T00:23:05","guid":{"rendered":"https:\/\/nordicmart.andreevmaster.com\/product\/skorbank-forvaringsbank-med-2-oppna-och-1-stangd-fack-skohylla-vadderad-sits-for-hall-vardagsrum-sovrum-vit-och-gra-lhs021w01\/"},"modified":"2026-02-27T08:15:12","modified_gmt":"2026-02-27T08:15:12","slug":"skorbank-forvaringsbank-med-2-oppna-och-1-stangd-fack-skohylla-vadderad-sits-for-hall-vardagsrum-sovrum-vit-och-gra-lhs021w01","status":"publish","type":"product","link":"https:\/\/nordicmart.andreevmaster.com\/sv\/produkt\/skorbank-forvaringsbank-med-2-oppna-och-1-stangd-fack-skohylla-vadderad-sits-for-hall-vardagsrum-sovrum-vit-och-gra-lhs021w01\/","title":{"rendered":"Skorb\u00e4nk, f\u00f6rvaringsb\u00e4nk med 2 \u00f6ppna och 1 st\u00e4ngd fack, skohylla, vadderad sits, f\u00f6r hall, vardagsrum, sovrum, vit och gr\u00e5 LHS021W01"},"content":{"rendered":"<p>[Tillbeh\u00f6r under kontroll] \u00c4r du sen till jobbet, men kan inte hitta nycklarna eller glas\u00f6gonen? Med denna f\u00f6rvaringsb\u00e4nk kommer det inte att h\u00e4nda igen. F\u00f6rvara dina saker under locket, s\u00e5 beh\u00f6ver du inte stressa innan du g\u00e5r ut&#8230;[H\u00e4nderna \u00e4r s\u00e4kra] Den lilla sk\u00e5ran p\u00e5 framsidan av sk\u00e5pet hj\u00e4lper dig att \u00f6ppna och st\u00e4nga locket enkelt, och tack vare g\u00e5ngj\u00e4rnen stannar locket i valfri vinkel. Denna dubbla s\u00e4kerhet g\u00f6r anv\u00e4ndningen s\u00e4krare, s\u00e5 att du undviker att kl\u00e4mma dig i n\u00e5gon vinkel. Denna dubbla s\u00e4kerhet g\u00f6r anv\u00e4ndningen s\u00e4krare, s\u00e5 att du undviker att kl\u00e4mma dig.[Var har jag lagt mina skor? Om du inte har ett tydligt svar \u00e4r det b\u00e4st att samla ihop alla skor som ligger utspridda i hemmet i denna skosk\u00e5p. 2 \u00f6ppna fack underl\u00e4ttar identifieringen<\/p>\n<p>[S\u00e4tt dig, tack] Ist\u00e4llet f\u00f6r att hoppa p\u00e5 ett ben n\u00e4r du tar p\u00e5 dig skorna, varf\u00f6r inte s\u00e4tta dig bekv\u00e4mt p\u00e5 den vadderade b\u00e4nken? Dessutom t\u00e5l den f\u00f6rstklassiga tr\u00e4ramen upp till 440 lb tack vare sitt starka st\u00f6d<\/p>\n<p>[Vad du f\u00e5r] VASAGLE:s skob\u00e4nk med numrerade delar f\u00f6r enkel montering och avtagbart \u00f6verdrag f\u00f6r enkel reng\u00f6ring. Modell LHS021W01<\/p>\n<p>Produktinformation: F\u00e4rg: vit, gr\u00e5 \u2013 Material: Material: E1-klassad sp\u00e5nskiva, skumplast\u00f6verdrag, sittdyna i linneimitation Storlek: 104 x 30 x 48 cm (L x B x H)- Vikt: 18,5 kg- Maximal belastning: 200 kgF\u00f6rpackningens inneh\u00e5ll:- 1 x skob\u00e4nk- 1 x tillbeh\u00f6rspaket- 1 x bruksanvisning.<\/p>\n","protected":false},"excerpt":{"rendered":"<p>[Tillbeh\u00f6r under kontroll] \u00c4r du sen till jobbet, men kan inte hitta nycklarna eller glas\u00f6gonen? Med denna f\u00f6rvaringsb\u00e4nk kommer det inte att h\u00e4nda igen. F\u00f6rvara dina saker under locket, s\u00e5 beh\u00f6ver du inte stressa innan du g\u00e5r ut&#8230;[H\u00e4nderna \u00e4r s\u00e4kra] Den lilla sk\u00e5ran p\u00e5 framsidan av sk\u00e5pet hj\u00e4lper dig att \u00f6ppna och st\u00e4nga locket enkelt, [&hellip;]<\/p>\n","protected":false},"featured_media":0,"comment_status":"open","ping_status":"closed","template":"","meta":[],"product_brand":[],"product_cat":[33],"product_tag":[],"class_list":{"0":"post-14716","1":"product","2":"type-product","3":"status-publish","5":"product_cat-okategoriserad","7":"first","8":"instock","9":"shipping-taxable","10":"product-type-simple"},"_links":{"self":[{"href":"https:\/\/nordicmart.andreevmaster.com\/sv\/wp-json\/wp\/v2\/product\/14716","targetHints":{"allow":["GET"]}}],"collection":[{"href":"https:\/\/nordicmart.andreevmaster.com\/sv\/wp-json\/wp\/v2\/product"}],"about":[{"href":"https:\/\/nordicmart.andreevmaster.com\/sv\/wp-json\/wp\/v2\/types\/product"}],"replies":[{"embeddable":true,"href":"https:\/\/nordicmart.andreevmaster.com\/sv\/wp-json\/wp\/v2\/comments?post=14716"}],"wp:attachment":[{"href":"https:\/\/nordicmart.andreevmaster.com\/sv\/wp-json\/wp\/v2\/media?parent=14716"}],"wp:term":[{"taxonomy":"product_brand","embeddable":true,"href":"https:\/\/nordicmart.andreevmaster.com\/sv\/wp-json\/wp\/v2\/product_brand?post=14716"},{"taxonomy":"product_cat","embeddable":true,"href":"https:\/\/nordicmart.andreevmaster.com\/sv\/wp-json\/wp\/v2\/product_cat?post=14716"},{"taxonomy":"product_tag","embeddable":true,"href":"https:\/\/nordicmart.andreevmaster.com\/sv\/wp-json\/wp\/v2\/product_tag?post=14716"}],"curies":[{"name":"wp","href":"https:\/\/api.w.org\/{rel}","templated":true}]}}