{"id":14709,"date":"2026-02-27T00:23:04","date_gmt":"2026-02-27T00:23:04","guid":{"rendered":"https:\/\/nordicmart.andreevmaster.com\/product\/vasagle-skohylla-med-sittplats-ekfargad-med-bla-adring-gra\/"},"modified":"2026-02-27T08:15:10","modified_gmt":"2026-02-27T08:15:10","slug":"vasagle-skohylla-med-sittplats-ekfargad-med-bla-adring-gra","status":"publish","type":"product","link":"https:\/\/nordicmart.andreevmaster.com\/sv\/produkt\/vasagle-skohylla-med-sittplats-ekfargad-med-bla-adring-gra\/","title":{"rendered":"VASAGLE Skohylla med sittplats ekf\u00e4rgad med bl\u00e5 \u00e5dring-gr\u00e5"},"content":{"rendered":"<p>VASAGLE skob\u00e4nk, sittb\u00e4nk, skost\u00e4ll med sittyta, med kudde och 15 fack, f\u00f6rvaringshylla, f\u00f6r hallen, t\u00e5l upp till 200 kg, vitgr\u00e5 LHS15WT<br \/>\nF\u00e4rg: Ekf\u00e4rgad med bl\u00e5 \u00e5dring-gr\u00e5<br \/>\nMaterial: sp\u00e5nskiva, skumplast<br \/>\nStorlek: 30 x 105 x 48 cm (D x B x H)<br \/>\nVikt: 19,5 kg<br \/>\nMax. statisk belastningskapacitet f\u00f6r b\u00e4nken: 200 kg<\/p>\n","protected":false},"excerpt":{"rendered":"<p>VASAGLE skob\u00e4nk, sittb\u00e4nk, skost\u00e4ll med sittyta, med kudde och 15 fack, f\u00f6rvaringshylla, f\u00f6r hallen, t\u00e5l upp till 200 kg, vitgr\u00e5 LHS15WT<\/p>\n","protected":false},"featured_media":42622,"comment_status":"open","ping_status":"closed","template":"","meta":[],"product_brand":[],"product_cat":[33],"product_tag":[],"class_list":{"0":"post-14709","1":"product","2":"type-product","3":"status-publish","4":"has-post-thumbnail","6":"product_cat-okategoriserad","8":"first","9":"instock","10":"shipping-taxable","11":"purchasable","12":"product-type-simple"},"_links":{"self":[{"href":"https:\/\/nordicmart.andreevmaster.com\/sv\/wp-json\/wp\/v2\/product\/14709","targetHints":{"allow":["GET"]}}],"collection":[{"href":"https:\/\/nordicmart.andreevmaster.com\/sv\/wp-json\/wp\/v2\/product"}],"about":[{"href":"https:\/\/nordicmart.andreevmaster.com\/sv\/wp-json\/wp\/v2\/types\/product"}],"replies":[{"embeddable":true,"href":"https:\/\/nordicmart.andreevmaster.com\/sv\/wp-json\/wp\/v2\/comments?post=14709"}],"wp:featuredmedia":[{"embeddable":true,"href":"https:\/\/nordicmart.andreevmaster.com\/sv\/wp-json\/wp\/v2\/media\/42622"}],"wp:attachment":[{"href":"https:\/\/nordicmart.andreevmaster.com\/sv\/wp-json\/wp\/v2\/media?parent=14709"}],"wp:term":[{"taxonomy":"product_brand","embeddable":true,"href":"https:\/\/nordicmart.andreevmaster.com\/sv\/wp-json\/wp\/v2\/product_brand?post=14709"},{"taxonomy":"product_cat","embeddable":true,"href":"https:\/\/nordicmart.andreevmaster.com\/sv\/wp-json\/wp\/v2\/product_cat?post=14709"},{"taxonomy":"product_tag","embeddable":true,"href":"https:\/\/nordicmart.andreevmaster.com\/sv\/wp-json\/wp\/v2\/product_tag?post=14709"}],"curies":[{"name":"wp","href":"https:\/\/api.w.org\/{rel}","templated":true}]}}