{"id":14704,"date":"2026-02-27T00:23:02","date_gmt":"2026-02-27T00:23:02","guid":{"rendered":"https:\/\/nordicmart.andreevmaster.com\/product\/vasagle-skobank-med-lock-40-x-76-x-48-cm\/"},"modified":"2026-02-27T08:15:09","modified_gmt":"2026-02-27T08:15:09","slug":"vasagle-skobank-med-lock-40-x-76-x-48-cm","status":"publish","type":"product","link":"https:\/\/nordicmart.andreevmaster.com\/sv\/produkt\/vasagle-skobank-med-lock-40-x-76-x-48-cm\/","title":{"rendered":"VASAGLE Skob\u00e4nk med lock 40 x 76 x 48 cm"},"content":{"rendered":"<p>VASAGLE leksaksl\u00e5da, kista, b\u00e4nk med f\u00f6rvaringsutrymme, sittkista, b\u00e4nk, f\u00f6rvaringskista med stor kapacitet, 76 x 48 x 40 cm, vit LHS11WT<br \/>\nF\u00e4rg: Vintagebrun<br \/>\nMaterial: Tr\u00e4material<br \/>\nStorlek: 40 x 76 x 48 cm (D x B x H)<br \/>\nVikt: 13 kg<br \/>\nMax. statisk belastningskapacitet f\u00f6r b\u00e4nken: 136 kg<br \/>\nMax. statisk belastningskapacitet f\u00f6r innerfacket: 136 kg<\/p>\n","protected":false},"excerpt":{"rendered":"<p>VASAGLE leksaksl\u00e5da, kista, b\u00e4nk med f\u00f6rvaringsutrymme, sittkista, b\u00e4nk, f\u00f6rvaringskista med stor kapacitet, 76 x 48 x 40 cm, vit LHS11WT<\/p>\n","protected":false},"featured_media":42617,"comment_status":"open","ping_status":"closed","template":"","meta":[],"product_brand":[],"product_cat":[33],"product_tag":[],"class_list":{"0":"post-14704","1":"product","2":"type-product","3":"status-publish","4":"has-post-thumbnail","6":"product_cat-okategoriserad","8":"first","9":"instock","10":"shipping-taxable","11":"purchasable","12":"product-type-simple"},"_links":{"self":[{"href":"https:\/\/nordicmart.andreevmaster.com\/sv\/wp-json\/wp\/v2\/product\/14704","targetHints":{"allow":["GET"]}}],"collection":[{"href":"https:\/\/nordicmart.andreevmaster.com\/sv\/wp-json\/wp\/v2\/product"}],"about":[{"href":"https:\/\/nordicmart.andreevmaster.com\/sv\/wp-json\/wp\/v2\/types\/product"}],"replies":[{"embeddable":true,"href":"https:\/\/nordicmart.andreevmaster.com\/sv\/wp-json\/wp\/v2\/comments?post=14704"}],"wp:featuredmedia":[{"embeddable":true,"href":"https:\/\/nordicmart.andreevmaster.com\/sv\/wp-json\/wp\/v2\/media\/42617"}],"wp:attachment":[{"href":"https:\/\/nordicmart.andreevmaster.com\/sv\/wp-json\/wp\/v2\/media?parent=14704"}],"wp:term":[{"taxonomy":"product_brand","embeddable":true,"href":"https:\/\/nordicmart.andreevmaster.com\/sv\/wp-json\/wp\/v2\/product_brand?post=14704"},{"taxonomy":"product_cat","embeddable":true,"href":"https:\/\/nordicmart.andreevmaster.com\/sv\/wp-json\/wp\/v2\/product_cat?post=14704"},{"taxonomy":"product_tag","embeddable":true,"href":"https:\/\/nordicmart.andreevmaster.com\/sv\/wp-json\/wp\/v2\/product_tag?post=14704"}],"curies":[{"name":"wp","href":"https:\/\/api.w.org\/{rel}","templated":true}]}}