{"id":14702,"date":"2026-02-27T00:23:02","date_gmt":"2026-02-27T00:23:02","guid":{"rendered":"https:\/\/nordicmart.andreevmaster.com\/product\/skorbank-skohylla-skostall-forvaringsskap-10-fack-med-kudde-for-hallen-104-x-30-x-48-cm-lantlig-brun\/"},"modified":"2026-02-27T08:15:09","modified_gmt":"2026-02-27T08:15:09","slug":"skorbank-skohylla-skostall-forvaringsskap-10-fack-med-kudde-for-hallen-104-x-30-x-48-cm-lantlig-brun","status":"publish","type":"product","link":"https:\/\/nordicmart.andreevmaster.com\/sv\/produkt\/skorbank-skohylla-skostall-forvaringsskap-10-fack-med-kudde-for-hallen-104-x-30-x-48-cm-lantlig-brun\/","title":{"rendered":"Skorb\u00e4nk, skohylla, skost\u00e4ll, f\u00f6rvaringssk\u00e5p, 10 fack, med kudde, f\u00f6r hallen, 104 x 30 x 48 cm, lantlig brun"},"content":{"rendered":"<p>[Ta en andra titt] Glansigt svart konstl\u00e4der och 2 t\u00e4ta n\u00e4tst\u00e5lhyllor f\u00f6r skor, som kr\u00f6ns av en lantlig brun yta \u2013 det finns verkligen mycket att uppt\u00e4cka i denna skob\u00e4nk.[Mjuk sittdyna] S\u00e4tt dig bekv\u00e4mt p\u00e5 den avtagbara sittdynan och ta p\u00e5 dig skorna utan att stressa. 31,5&#8243; L x 11,8&#8243; B x 18,9&#8243; H. Sittdynans stabila st\u00e5lkonstruktion t\u00e5l en vikt p\u00e5 upp till 198 lb.[Snabb och enkel] M\u00e4rkta delar? Check. Detaljerade instruktioner? Check. Enkel monteringsprocess? Check! Att montera denna skob\u00e4nk k\u00e4nns inte som ett extra jobb. [Allt i balans] Denna skob\u00e4nk \u00e4r utrustad med justerbara ben och klarar vattenbalansprovet \u00e4ven p\u00e5 oj\u00e4mna golv; \u00e4ven kakel-, linoleum- och tr\u00e4golv skyddas mot repor.[Vad finns i l\u00e5dan] Skotsk\u00e5p med 2 n\u00e4t hyllor, avtagbar stoppning och ett utm\u00e4rkt s\u00e4tt att ge hallen stil och komfort \u2013 allt fr\u00e5n COPADION-serien.<\/p>\n<p>Specifikationer:- F\u00e4rg: Produktens m\u00e5tt 103,99 x 30 x 48,01 cm;-Produktens vikt 20,8 kgF\u00f6rpackningens inneh\u00e5ll:- 1 x Skof\u00f6rvaringspall- 1 x Instruktioner- 1 x Tillbeh\u00f6rsp\u00e5se.<\/p>\n","protected":false},"excerpt":{"rendered":"<p>[Ta en andra titt] Glansigt svart konstl\u00e4der och 2 t\u00e4ta n\u00e4tst\u00e5lhyllor f\u00f6r skor, som kr\u00f6ns av en lantlig brun yta \u2013 det finns verkligen mycket att uppt\u00e4cka i denna skob\u00e4nk.[Mjuk sittdyna] S\u00e4tt dig bekv\u00e4mt p\u00e5 den avtagbara sittdynan och ta p\u00e5 dig skorna utan att stressa. 31,5&#8243; L x 11,8&#8243; B x 18,9&#8243; H. Sittdynans [&hellip;]<\/p>\n","protected":false},"featured_media":0,"comment_status":"open","ping_status":"closed","template":"","meta":[],"product_brand":[],"product_cat":[33],"product_tag":[],"class_list":{"0":"post-14702","1":"product","2":"type-product","3":"status-publish","5":"product_cat-okategoriserad","7":"first","8":"instock","9":"shipping-taxable","10":"product-type-simple"},"_links":{"self":[{"href":"https:\/\/nordicmart.andreevmaster.com\/sv\/wp-json\/wp\/v2\/product\/14702","targetHints":{"allow":["GET"]}}],"collection":[{"href":"https:\/\/nordicmart.andreevmaster.com\/sv\/wp-json\/wp\/v2\/product"}],"about":[{"href":"https:\/\/nordicmart.andreevmaster.com\/sv\/wp-json\/wp\/v2\/types\/product"}],"replies":[{"embeddable":true,"href":"https:\/\/nordicmart.andreevmaster.com\/sv\/wp-json\/wp\/v2\/comments?post=14702"}],"wp:attachment":[{"href":"https:\/\/nordicmart.andreevmaster.com\/sv\/wp-json\/wp\/v2\/media?parent=14702"}],"wp:term":[{"taxonomy":"product_brand","embeddable":true,"href":"https:\/\/nordicmart.andreevmaster.com\/sv\/wp-json\/wp\/v2\/product_brand?post=14702"},{"taxonomy":"product_cat","embeddable":true,"href":"https:\/\/nordicmart.andreevmaster.com\/sv\/wp-json\/wp\/v2\/product_cat?post=14702"},{"taxonomy":"product_tag","embeddable":true,"href":"https:\/\/nordicmart.andreevmaster.com\/sv\/wp-json\/wp\/v2\/product_tag?post=14702"}],"curies":[{"name":"wp","href":"https:\/\/api.w.org\/{rel}","templated":true}]}}