{"id":14701,"date":"2026-02-27T00:23:02","date_gmt":"2026-02-27T00:23:02","guid":{"rendered":"https:\/\/nordicmart.andreevmaster.com\/product\/vasagle-skohylla-med-sittplats-30-x-104-x-48-cm-kamelbrun\/"},"modified":"2026-02-27T08:15:09","modified_gmt":"2026-02-27T08:15:09","slug":"vasagle-skohylla-med-sittplats-30-x-104-x-48-cm-kamelbrun","status":"publish","type":"product","link":"https:\/\/nordicmart.andreevmaster.com\/sv\/produkt\/vasagle-skohylla-med-sittplats-30-x-104-x-48-cm-kamelbrun\/","title":{"rendered":"VASAGLE Skohylla med sittplats 30 x 104 x 48 cm kamelbrun"},"content":{"rendered":"<p>VASAGLE skob\u00e4nk, skost\u00e4ll med sittplats, b\u00e4nk med f\u00f6rvaringsutrymme, kudde, 9 fack, justerbara hyllor, f\u00f6r vardagsrum, hall, 30,3 x 78,5 x 48 cm, vintagebrun LHS009B01<br \/>\nF\u00e4rg: Kamelbrun<br \/>\nMaterial: sp\u00e5nskiva, skumplast, kl\u00e4dsel i imiterat linne<br \/>\nStorlek: 30 x 104 x 48 cm (D x B x H)<br \/>\nVikt: 20,8 kg<br \/>\nMax. statisk belastningskapacitet f\u00f6r sittytan: 150 kg<\/p>\n","protected":false},"excerpt":{"rendered":"<p>VASAGLE skob\u00e4nk, skost\u00e4ll med sittplats, b\u00e4nk med f\u00f6rvaringsutrymme, kudde, 9 fack, justerbara hyllor, f\u00f6r vardagsrum, hall, 30,3 x 78,5 x 48 cm, vintagebrun LHS009B01<\/p>\n","protected":false},"featured_media":42615,"comment_status":"open","ping_status":"closed","template":"","meta":[],"product_brand":[],"product_cat":[33],"product_tag":[],"class_list":{"0":"post-14701","1":"product","2":"type-product","3":"status-publish","4":"has-post-thumbnail","6":"product_cat-okategoriserad","8":"first","9":"instock","10":"shipping-taxable","11":"purchasable","12":"product-type-simple"},"_links":{"self":[{"href":"https:\/\/nordicmart.andreevmaster.com\/sv\/wp-json\/wp\/v2\/product\/14701","targetHints":{"allow":["GET"]}}],"collection":[{"href":"https:\/\/nordicmart.andreevmaster.com\/sv\/wp-json\/wp\/v2\/product"}],"about":[{"href":"https:\/\/nordicmart.andreevmaster.com\/sv\/wp-json\/wp\/v2\/types\/product"}],"replies":[{"embeddable":true,"href":"https:\/\/nordicmart.andreevmaster.com\/sv\/wp-json\/wp\/v2\/comments?post=14701"}],"wp:featuredmedia":[{"embeddable":true,"href":"https:\/\/nordicmart.andreevmaster.com\/sv\/wp-json\/wp\/v2\/media\/42615"}],"wp:attachment":[{"href":"https:\/\/nordicmart.andreevmaster.com\/sv\/wp-json\/wp\/v2\/media?parent=14701"}],"wp:term":[{"taxonomy":"product_brand","embeddable":true,"href":"https:\/\/nordicmart.andreevmaster.com\/sv\/wp-json\/wp\/v2\/product_brand?post=14701"},{"taxonomy":"product_cat","embeddable":true,"href":"https:\/\/nordicmart.andreevmaster.com\/sv\/wp-json\/wp\/v2\/product_cat?post=14701"},{"taxonomy":"product_tag","embeddable":true,"href":"https:\/\/nordicmart.andreevmaster.com\/sv\/wp-json\/wp\/v2\/product_tag?post=14701"}],"curies":[{"name":"wp","href":"https:\/\/api.w.org\/{rel}","templated":true}]}}