{"id":14694,"date":"2026-02-27T00:23:00","date_gmt":"2026-02-27T00:23:00","guid":{"rendered":"https:\/\/nordicmart.andreevmaster.com\/product\/songmics-vagghangd-garderob-med-hylla-vit\/"},"modified":"2026-02-27T08:15:07","modified_gmt":"2026-02-27T08:15:07","slug":"songmics-vagghangd-garderob-med-hylla-vit","status":"publish","type":"product","link":"https:\/\/nordicmart.andreevmaster.com\/sv\/produkt\/songmics-vagghangd-garderob-med-hylla-vit\/","title":{"rendered":"SONGMICS v\u00e4ggh\u00e4ngd garderob med hylla Vit"},"content":{"rendered":"<p>Det \u00e4r f\u00f6rsta intrycket som r\u00e4knas: \u00c4r din hall alltid kaotisk? D\u00e5 b\u00f6r du skaffa denna v\u00e4ggh\u00e4ngda garderob till ditt hem. Dina g\u00e4ster kommer att k\u00e4nna sig v\u00e4lkomna redan n\u00e4r de kliver in i ditt hem. Inga fler kaotiska kl\u00e4dh\u00f6gar! Denna garderob \u00e4r utrustad med 4 dubbla metallkrokar, s\u00e5 att du f\u00e5r 8 upph\u00e4ngningsm\u00f6jligheter f\u00f6r jackor, hattar, v\u00e4skor och nycklar. P\u00e5 s\u00e5 s\u00e4tt kommer dina stolar och f\u00e5t\u00f6ljer inte l\u00e4ngre att vara belamrade med kl\u00e4dh\u00f6gar. F\u00f6rb\u00e4ttra din hall: St\u00e4ll dina fotoramar, v\u00e4xter och dekorationsf\u00f6rem\u00e5l p\u00e5 hyllan p\u00e5 denna v\u00e4gghylla och ge din hall en varm atmosf\u00e4r. Goda vanor underl\u00e4ttar vardagen: Med denna garderob kan du g\u00f6ra det till en vana att alltid h\u00e4nga upp dina kl\u00e4der snyggt. L\u00e4r \u00e4ven dina barn detta. P\u00e5 s\u00e5 s\u00e4tt l\u00e4r de sig redan i tidig \u00e5lder att skapa ordning och kommer sannolikt inte att beh\u00f6va leta efter sina nycklar senare. Produktdetaljer: F\u00e4rg: Vit Material: MDF (medeldensitetsfiberplatta), zinklegering Storlek: 40 x 10,5 x 10,5 cm (L x B x H) Vikt: 0,9 kg Max. statisk belastningskapacitet: 15,9 kg Leveransomfattning: 1 x v\u00e4ggh\u00e4ngd garderob 1 x tillbeh\u00f6rspaket 1 x bruksanvisning (DE, EN, ES, FR, IT) SONGMICS Anm\u00e4rkningar:Installera denna produkt p\u00e5 en massiv v\u00e4gg eller p\u00e5 tr\u00e4stolpar f\u00f6r att s\u00e4kerst\u00e4lla v\u00e4ggh\u00e4ngarens stabilitet och belastningskapacitet. Anv\u00e4nd inte denna produkt utomhus och skydda den fr\u00e5n regn.<\/p>\n","protected":false},"excerpt":{"rendered":"<p>SONGMICS v\u00e4ggh\u00e4ngare, hallh\u00e4ngare, med 4 dubbla krokar, med hylla, kl\u00e4dkrokar, f\u00f6r badrum, vardagsrum, k\u00f6k, vit LHR42WT<\/p>\n","protected":false},"featured_media":42608,"comment_status":"open","ping_status":"closed","template":"","meta":[],"product_brand":[],"product_cat":[33],"product_tag":[],"class_list":{"0":"post-14694","1":"product","2":"type-product","3":"status-publish","4":"has-post-thumbnail","6":"product_cat-okategoriserad","8":"first","9":"instock","10":"shipping-taxable","11":"purchasable","12":"product-type-simple"},"_links":{"self":[{"href":"https:\/\/nordicmart.andreevmaster.com\/sv\/wp-json\/wp\/v2\/product\/14694","targetHints":{"allow":["GET"]}}],"collection":[{"href":"https:\/\/nordicmart.andreevmaster.com\/sv\/wp-json\/wp\/v2\/product"}],"about":[{"href":"https:\/\/nordicmart.andreevmaster.com\/sv\/wp-json\/wp\/v2\/types\/product"}],"replies":[{"embeddable":true,"href":"https:\/\/nordicmart.andreevmaster.com\/sv\/wp-json\/wp\/v2\/comments?post=14694"}],"wp:featuredmedia":[{"embeddable":true,"href":"https:\/\/nordicmart.andreevmaster.com\/sv\/wp-json\/wp\/v2\/media\/42608"}],"wp:attachment":[{"href":"https:\/\/nordicmart.andreevmaster.com\/sv\/wp-json\/wp\/v2\/media?parent=14694"}],"wp:term":[{"taxonomy":"product_brand","embeddable":true,"href":"https:\/\/nordicmart.andreevmaster.com\/sv\/wp-json\/wp\/v2\/product_brand?post=14694"},{"taxonomy":"product_cat","embeddable":true,"href":"https:\/\/nordicmart.andreevmaster.com\/sv\/wp-json\/wp\/v2\/product_cat?post=14694"},{"taxonomy":"product_tag","embeddable":true,"href":"https:\/\/nordicmart.andreevmaster.com\/sv\/wp-json\/wp\/v2\/product_tag?post=14694"}],"curies":[{"name":"wp","href":"https:\/\/api.w.org\/{rel}","templated":true}]}}